{"id":1245,"date":"2016-10-05T09:12:09","date_gmt":"2016-10-05T09:12:09","guid":{"rendered":"http:\/\/demos.famethemes.com\/onepress\/?page_id=1245"},"modified":"2024-06-17T17:26:23","modified_gmt":"2024-06-17T15:26:23","slug":"ueber-mich","status":"publish","type":"page","link":"https:\/\/schoenberger-coaching.de\/home\/ueber-mich\/","title":{"rendered":"\u00dcber mich"},"content":{"rendered":"<p><\/p>\r\n<p><span style=\"font-size: 12pt; color: #000000;\"><strong><img fetchpriority=\"high\" decoding=\"async\" class=\"size-medium wp-image-1571 alignleft\" src=\"http:\/\/schoenberger-coaching.de\/wp-content\/uploads\/2020\/04\/Sch\u00f6nberger-Kristina-2-1-scaled-e1587398146908-300x257.jpg\" alt=\"\" width=\"300\" height=\"257\" srcset=\"https:\/\/schoenberger-coaching.de\/wp-content\/uploads\/2020\/04\/Sch\u00f6nberger-Kristina-2-1-scaled-e1587398146908-300x257.jpg 300w, https:\/\/schoenberger-coaching.de\/wp-content\/uploads\/2020\/04\/Sch\u00f6nberger-Kristina-2-1-scaled-e1587398146908-1024x877.jpg 1024w, https:\/\/schoenberger-coaching.de\/wp-content\/uploads\/2020\/04\/Sch\u00f6nberger-Kristina-2-1-scaled-e1587398146908-768x658.jpg 768w, https:\/\/schoenberger-coaching.de\/wp-content\/uploads\/2020\/04\/Sch\u00f6nberger-Kristina-2-1-scaled-e1587398146908-1536x1316.jpg 1536w, https:\/\/schoenberger-coaching.de\/wp-content\/uploads\/2020\/04\/Sch\u00f6nberger-Kristina-2-1-scaled-e1587398146908.jpg 1964w\" sizes=\"(max-width: 300px) 100vw, 300px\" \/><\/strong><\/span><\/p>\r\n<p>&nbsp;<\/p>\r\n<p>&nbsp;<\/p>\r\n<p>&nbsp;<\/p>\r\n<p>&nbsp;<\/p>\r\n<p>&nbsp;<\/p>\r\n<p>&nbsp;<\/p>\r\n<p>&nbsp;<\/p>\r\n<p>&nbsp;<\/p>\r\n<h2><span style=\"font-size: 24pt; color: #993300;\">Herzlich willkommen in meiner Coachingpraxis.\u00a0 <br \/>Ich bin Kristina Sch\u00f6nberger.<\/span><\/h2>\r\n<p><span style=\"font-size: 12pt; color: #000000;\"><\/span><\/p>\r\n<p><span style=\"font-size: 12pt; color: #000000;\"><\/span><\/p>\r\n<p><span style=\"font-size: 12pt; color: #000000;\"><strong>Meine anerkannten Ausbildungen und Abschl\u00fcsse:<\/strong><\/span><\/p>\r\n<p><span style=\"font-size: 12pt; color: #000000;\"><\/span><\/p>\r\n<p><span style=\"font-size: 12pt; color: #000000;\"><\/span><\/p>\r\n<ul class=\"wp-block-list\">\r\n<li><span style=\"font-size: 12pt; color: #000000;\">Zertifizierte Systemische Therapeutin f\u00fcr Einzelne, Familien und Paare<\/span><br \/><span style=\"font-size: 12pt; color: #000000;\">durch die Deutsche Gesellschaft f\u00fcr Systemische Therapie (DGSF)<\/span><\/li>\r\n<li><span style=\"font-size: 12pt; color: #000000;\">Zertifizierte Transaktionsanalytikerin (CTA), Bereich Beratung, <\/span><br \/><span style=\"font-size: 12pt; color: #000000;\">durch die Deutsche Gesellschaft f\u00fcr Transaktionsanalyse (DGTA)<\/span><\/li>\r\n<li><span style=\"font-size: 12pt; color: #000000;\">Zertifizierte Systemische Supervisorin (Systemische Gesellschaft)<\/span><\/li>\r\n<li><span style=\"font-size: 12pt; color: #000000;\">Mediatorin (Fortbildung 1, Stuttgart)<\/span><\/li>\r\n<li><span style=\"font-size: 12pt; color: #000000;\">Heilpraktikerin f\u00fcr Psychotherapie (gepr\u00fcft durch das Staatliche Gesundheitsamt Heilbronn)<\/span><\/li>\r\n<li><span style=\"font-size: 12pt; color: #000000;\">Entspannungstherapeutin (Institut Hartmann-Strauss, Calw)<\/span><\/li>\r\n<li><span style=\"font-size: 12pt; color: #000000;\">Diplom-Sozialp\u00e4dagogin (BA)<\/span><\/li>\r\n<\/ul>\r\n<p><span style=\"font-size: 12pt; color: #000000;\"><\/span><\/p>\r\n<p><span style=\"font-size: 12pt; color: #000000;\"><\/span><\/p>\r\n<p><span style=\"font-size: 12pt; color: #000000;\"><strong><br \/>Meine Angebote f\u00fcr Sie: <\/strong><\/span><\/p>\r\n<p><span style=\"font-size: 12pt; color: #000000;\"><\/span><\/p>\r\n<p><span style=\"font-size: 12pt; color: #000000;\"><\/span><\/p>\r\n<ul class=\"wp-block-list\">\r\n<li><span style=\"font-size: 12pt; color: #000000;\">Einzel-, Paar- und Teamberatung<\/span><\/li>\r\n<li><span style=\"font-size: 12pt; color: #000000;\">Coaching, Berufliches Coaching<\/span><\/li>\r\n<li><span style=\"font-size: 12pt; color: #000000;\">Mediation f\u00fcr Paare und Teams<\/span><\/li>\r\n<li><span style=\"font-size: 12pt; color: #000000;\">Psychologische Beratung\/Psychotherapie f\u00fcr Selbstzahler<\/span><\/li>\r\n<li><span style=\"font-size: 12pt; color: #000000;\">Krisenbegleitung f\u00fcr Menschen in Trauer, Trennung oder pers\u00f6nlichen Lebenskrisen<\/span><\/li>\r\n<li><span style=\"font-size: 12pt; color: #000000;\">Tipps f\u00fcr Entspannung, zum Umgang mit Stress, f\u00fcr besseren Schlaf usw.<\/span><\/li>\r\n<li><span style=\"font-size: 12pt; color: #000000;\">Moderation von voraussichtlich schwierigen Konfliktgespr\u00e4chen<\/span><\/li>\r\n<li><span style=\"font-size: 12pt; color: #000000;\">Kommunikationstraining f\u00fcr Einzelne, Paare und Gruppen\/Teams (Grundlagen, Verschiedene Modelle, Aktives Zuh\u00f6ren, Konfliktgespr\u00e4che, Mediation)<\/span><\/li>\r\n<\/ul>\r\n<p><span style=\"font-size: 12pt; color: #000000;\"><\/span><\/p>\r\n<p><span style=\"font-size: 12pt; color: #000000;\"><\/span><\/p>\r\n<p><span style=\"font-size: 12pt; color: #000000;\"><strong><br \/>Was mir wichtig ist: <\/strong><\/span><\/p>\r\n<p><span style=\"font-size: 12pt; color: #000000;\"><\/span><\/p>\r\n<p><span style=\"font-size: 12pt; color: #000000;\"><\/span><\/p>\r\n<ul class=\"wp-block-list\">\r\n<li><span style=\"font-size: 12pt; color: #000000;\">Menschen in ihren pers\u00f6nlichen Wachstums- und Entwicklungsprozessen zu unterst\u00fctzen<\/span><\/li>\r\n<li><span style=\"font-size: 12pt; color: #000000;\">Eine Beratung\/Coaching auf Augenh\u00f6he<\/span><\/li>\r\n<li><span style=\"font-size: 12pt; color: #000000;\">Elterliche Moralvorstellungen oder kindliche Wunschvorstellungen aufzudecken und gesunde Alternativen zu entwickeln<\/span><\/li>\r\n<li><span style=\"font-size: 12pt; color: #000000;\">Sicht- und Handlungsspielr\u00e4ume zu erweitern<\/span><\/li>\r\n<li><span style=\"font-size: 12pt; color: #000000;\">Freude und Spa\u00df am Leben zu haben und angemessen und autonom auf die aktuelle Wirklichkeit zu reagieren<\/span><\/li>\r\n<\/ul>\r\n<p><span style=\"font-size: 12pt; color: #000000;\"><\/span><\/p>\r\n<p><span style=\"font-size: 12pt; color: #000000;\"><\/span><\/p>\r\n<p><span style=\"font-size: 12pt; color: #000000;\"><strong><br \/>Was mich auszeichnet: <\/strong><\/span><\/p>\r\n<p><span style=\"font-size: 12pt; color: #000000;\"><\/span><\/p>\r\n<p><span style=\"font-size: 12pt; color: #000000;\"><\/span><\/p>\r\n<ul class=\"wp-block-list\">\r\n<li><span style=\"font-size: 12pt; color: #000000;\">langj\u00e4hrige Berufs- und Beratungserfahrung in unterschiedlichen T\u00e4tigkeitsfeldern und Organisationen<\/span><\/li>\r\n<li><span style=\"font-size: 12pt; color: #000000;\">fundierte theoretische Kenntnisse aus verschiedenen langj\u00e4hrigen Fortbildungen<\/span><\/li>\r\n<li><span style=\"font-size: 12pt; color: #000000;\">vertragsorientierter Ansatz, das hei\u00dft eng an Ihren Anliegen orientiert<\/span><\/li>\r\n<li><span style=\"font-size: 12pt; color: #000000;\">analytisches <em>und<\/em> systemisches Denken<\/span><\/li>\r\n<li><span style=\"font-size: 12pt; color: #000000;\">strukturiertes und l\u00f6sungsorientiertes Vorgehen<\/span><\/li>\r\n<\/ul>\r\n<p><span style=\"font-size: 12pt; color: #000000;\"><\/span><\/p>\r\n<p><span style=\"font-size: 12pt; color: #000000;\"><\/span><\/p>\r\n<p><span style=\"font-size: 12pt; color: #000000;\"><\/span><\/p>\r\n<p><span style=\"font-size: 12pt; color: #000000;\"><\/span><\/p>\r\n<p><span style=\"font-size: 12pt; color: #000000;\"><\/span><\/p>\r\n<p><span style=\"font-size: 12pt; color: #000000;\"><\/span><\/p>\r\n<p><span style=\"font-size: 12pt; color: #000000;\"><\/span><\/p>\r\n<p><span style=\"font-size: 12pt; color: #000000;\"><\/span><\/p>\r\n<p><span style=\"font-size: 12pt; color: #000000;\"><\/span><\/p>\r\n<p><span style=\"font-size: 12pt; color: #000000;\">Qualit\u00e4tssicherung durch regelm\u00e4\u00dfige Intervision und Supervision (das hei\u00dft die Reflektion der beruflichen T\u00e4tigkeit durch ebenfalls erfahrene Kolleginnen und Kollegen)<\/span><\/p>\r\n<p><span style=\"font-size: 12pt; color: #000000;\">Seriosit\u00e4t, Vertraulichkeit und Schutz Ihrer Daten sind f\u00fcr mich sehr wichtig.<\/span><\/p>\r\n<p><span style=\"font-size: 12pt; color: #000000;\"><strong>Ich unterst\u00fctze und begleite Sie mit ehrlichem Interesse<\/strong> <strong>und Einf\u00fchlungsverm\u00f6gen,<\/strong><\/span><br \/><span style=\"font-size: 12pt; color: #000000;\"><strong>mit langj\u00e4hriger Analyse- und Methodenkompetenz und viel Engagement dabei, Ihren Entwicklungswunsch zu kl\u00e4ren und umzusetzen.<br \/><\/strong><\/span><span style=\"font-size: 12pt; color: #000000;\"><strong>Kontaktaufnahme: Pers\u00f6nlich, telefonisch oder am besten online &#8211; bitte mailen Sie mir: kontakt@schoenberger-coaching.de. Gerne sende ich Ihnen meine aktuelle Honorarinfos.<\/strong><\/span><\/p>\r\n<p><span style=\"font-size: 12pt; color: #000000;\"><\/span><\/p>\r\n<p><span style=\"font-size: 12pt; color: #000000;\"><\/p>","protected":false},"excerpt":{"rendered":"<p>&nbsp; &nbsp; &nbsp; &nbsp; &nbsp; &nbsp; &nbsp; &nbsp; Herzlich willkommen in meiner Coachingpraxis.\u00a0 Ich bin Kristina Sch\u00f6nberger. Meine anerkannten Ausbildungen und Abschl\u00fcsse: Zertifizierte Systemische Therapeutin f\u00fcr Einzelne, Familien und Paaredurch &#8230;<\/p>\n","protected":false},"author":2,"featured_media":0,"parent":0,"menu_order":0,"comment_status":"closed","ping_status":"closed","template":"","meta":{"footnotes":""},"class_list":["post-1245","page","type-page","status-publish","hentry"],"yoast_head":"<!-- This site is optimized with the Yoast SEO plugin v27.5 - https:\/\/yoast.com\/product\/yoast-seo-wordpress\/ -->\n<title>\u00dcber mich - Coachingpraxis Kristina Sch\u00f6nberger<\/title>\n<meta name=\"robots\" content=\"index, follow, max-snippet:-1, max-image-preview:large, max-video-preview:-1\" \/>\n<link rel=\"canonical\" href=\"https:\/\/schoenberger-coaching.de\/home\/ueber-mich\/\" \/>\n<meta property=\"og:locale\" content=\"de_DE\" \/>\n<meta property=\"og:type\" content=\"article\" \/>\n<meta property=\"og:title\" content=\"\u00dcber mich - Coachingpraxis Kristina Sch\u00f6nberger\" \/>\n<meta property=\"og:description\" content=\"&nbsp; &nbsp; &nbsp; &nbsp; &nbsp; &nbsp; &nbsp; &nbsp; Herzlich willkommen in meiner Coachingpraxis.\u00a0 Ich bin Kristina Sch\u00f6nberger. Meine anerkannten Ausbildungen und Abschl\u00fcsse: Zertifizierte Systemische Therapeutin f\u00fcr Einzelne, Familien und Paaredurch ...\" \/>\n<meta property=\"og:url\" content=\"https:\/\/schoenberger-coaching.de\/home\/ueber-mich\/\" \/>\n<meta property=\"og:site_name\" content=\"Coachingpraxis Kristina Sch\u00f6nberger\" \/>\n<meta property=\"article:modified_time\" content=\"2024-06-17T15:26:23+00:00\" \/>\n<meta name=\"twitter:card\" content=\"summary_large_image\" \/>\n<meta name=\"twitter:label1\" content=\"Gesch\u00e4tzte Lesezeit\" \/>\n\t<meta name=\"twitter:data1\" content=\"2\u00a0Minuten\" \/>\n<script type=\"application\/ld+json\" class=\"yoast-schema-graph\">{\"@context\":\"https:\\\/\\\/schema.org\",\"@graph\":[{\"@type\":\"WebPage\",\"@id\":\"https:\\\/\\\/schoenberger-coaching.de\\\/home\\\/ueber-mich\\\/\",\"url\":\"https:\\\/\\\/schoenberger-coaching.de\\\/home\\\/ueber-mich\\\/\",\"name\":\"\u00dcber mich - Coachingpraxis Kristina Sch\u00f6nberger\",\"isPartOf\":{\"@id\":\"https:\\\/\\\/schoenberger-coaching.de\\\/home\\\/#website\"},\"datePublished\":\"2016-10-05T09:12:09+00:00\",\"dateModified\":\"2024-06-17T15:26:23+00:00\",\"breadcrumb\":{\"@id\":\"https:\\\/\\\/schoenberger-coaching.de\\\/home\\\/ueber-mich\\\/#breadcrumb\"},\"inLanguage\":\"de\",\"potentialAction\":[{\"@type\":\"ReadAction\",\"target\":[\"https:\\\/\\\/schoenberger-coaching.de\\\/home\\\/ueber-mich\\\/\"]}]},{\"@type\":\"BreadcrumbList\",\"@id\":\"https:\\\/\\\/schoenberger-coaching.de\\\/home\\\/ueber-mich\\\/#breadcrumb\",\"itemListElement\":[{\"@type\":\"ListItem\",\"position\":1,\"name\":\"Startseite\",\"item\":\"https:\\\/\\\/schoenberger-coaching.de\\\/home\\\/\"},{\"@type\":\"ListItem\",\"position\":2,\"name\":\"\u00dcber mich\"}]},{\"@type\":\"WebSite\",\"@id\":\"https:\\\/\\\/schoenberger-coaching.de\\\/home\\\/#website\",\"url\":\"https:\\\/\\\/schoenberger-coaching.de\\\/home\\\/\",\"name\":\"Coachingpraxis Kristina Sch\u00f6nberger\",\"description\":\"Coaching, Paarberatung, Mediation, Seminare\",\"publisher\":{\"@id\":\"https:\\\/\\\/schoenberger-coaching.de\\\/home\\\/#\\\/schema\\\/person\\\/5ec18b20c82f996a5877e34b61131e53\"},\"potentialAction\":[{\"@type\":\"SearchAction\",\"target\":{\"@type\":\"EntryPoint\",\"urlTemplate\":\"https:\\\/\\\/schoenberger-coaching.de\\\/home\\\/?s={search_term_string}\"},\"query-input\":{\"@type\":\"PropertyValueSpecification\",\"valueRequired\":true,\"valueName\":\"search_term_string\"}}],\"inLanguage\":\"de\"},{\"@type\":[\"Person\",\"Organization\"],\"@id\":\"https:\\\/\\\/schoenberger-coaching.de\\\/home\\\/#\\\/schema\\\/person\\\/5ec18b20c82f996a5877e34b61131e53\",\"name\":\"Schoenberger\",\"image\":{\"@type\":\"ImageObject\",\"inLanguage\":\"de\",\"@id\":\"https:\\\/\\\/schoenberger-coaching.de\\\/wp-content\\\/uploads\\\/2020\\\/06\\\/logo_neu_coaching-e1593607998877.jpg\",\"url\":\"https:\\\/\\\/schoenberger-coaching.de\\\/wp-content\\\/uploads\\\/2020\\\/06\\\/logo_neu_coaching-e1593607998877.jpg\",\"contentUrl\":\"https:\\\/\\\/schoenberger-coaching.de\\\/wp-content\\\/uploads\\\/2020\\\/06\\\/logo_neu_coaching-e1593607998877.jpg\",\"width\":300,\"height\":89,\"caption\":\"Schoenberger\"},\"logo\":{\"@id\":\"https:\\\/\\\/schoenberger-coaching.de\\\/wp-content\\\/uploads\\\/2020\\\/06\\\/logo_neu_coaching-e1593607998877.jpg\"}}]}<\/script>\n<!-- \/ Yoast SEO plugin. -->","yoast_head_json":{"title":"\u00dcber mich - Coachingpraxis Kristina Sch\u00f6nberger","robots":{"index":"index","follow":"follow","max-snippet":"max-snippet:-1","max-image-preview":"max-image-preview:large","max-video-preview":"max-video-preview:-1"},"canonical":"https:\/\/schoenberger-coaching.de\/home\/ueber-mich\/","og_locale":"de_DE","og_type":"article","og_title":"\u00dcber mich - Coachingpraxis Kristina Sch\u00f6nberger","og_description":"&nbsp; &nbsp; &nbsp; &nbsp; &nbsp; &nbsp; &nbsp; &nbsp; Herzlich willkommen in meiner Coachingpraxis.\u00a0 Ich bin Kristina Sch\u00f6nberger. Meine anerkannten Ausbildungen und Abschl\u00fcsse: Zertifizierte Systemische Therapeutin f\u00fcr Einzelne, Familien und Paaredurch ...","og_url":"https:\/\/schoenberger-coaching.de\/home\/ueber-mich\/","og_site_name":"Coachingpraxis Kristina Sch\u00f6nberger","article_modified_time":"2024-06-17T15:26:23+00:00","twitter_card":"summary_large_image","twitter_misc":{"Gesch\u00e4tzte Lesezeit":"2\u00a0Minuten"},"schema":{"@context":"https:\/\/schema.org","@graph":[{"@type":"WebPage","@id":"https:\/\/schoenberger-coaching.de\/home\/ueber-mich\/","url":"https:\/\/schoenberger-coaching.de\/home\/ueber-mich\/","name":"\u00dcber mich - Coachingpraxis Kristina Sch\u00f6nberger","isPartOf":{"@id":"https:\/\/schoenberger-coaching.de\/home\/#website"},"datePublished":"2016-10-05T09:12:09+00:00","dateModified":"2024-06-17T15:26:23+00:00","breadcrumb":{"@id":"https:\/\/schoenberger-coaching.de\/home\/ueber-mich\/#breadcrumb"},"inLanguage":"de","potentialAction":[{"@type":"ReadAction","target":["https:\/\/schoenberger-coaching.de\/home\/ueber-mich\/"]}]},{"@type":"BreadcrumbList","@id":"https:\/\/schoenberger-coaching.de\/home\/ueber-mich\/#breadcrumb","itemListElement":[{"@type":"ListItem","position":1,"name":"Startseite","item":"https:\/\/schoenberger-coaching.de\/home\/"},{"@type":"ListItem","position":2,"name":"\u00dcber mich"}]},{"@type":"WebSite","@id":"https:\/\/schoenberger-coaching.de\/home\/#website","url":"https:\/\/schoenberger-coaching.de\/home\/","name":"Coachingpraxis Kristina Sch\u00f6nberger","description":"Coaching, Paarberatung, Mediation, Seminare","publisher":{"@id":"https:\/\/schoenberger-coaching.de\/home\/#\/schema\/person\/5ec18b20c82f996a5877e34b61131e53"},"potentialAction":[{"@type":"SearchAction","target":{"@type":"EntryPoint","urlTemplate":"https:\/\/schoenberger-coaching.de\/home\/?s={search_term_string}"},"query-input":{"@type":"PropertyValueSpecification","valueRequired":true,"valueName":"search_term_string"}}],"inLanguage":"de"},{"@type":["Person","Organization"],"@id":"https:\/\/schoenberger-coaching.de\/home\/#\/schema\/person\/5ec18b20c82f996a5877e34b61131e53","name":"Schoenberger","image":{"@type":"ImageObject","inLanguage":"de","@id":"https:\/\/schoenberger-coaching.de\/wp-content\/uploads\/2020\/06\/logo_neu_coaching-e1593607998877.jpg","url":"https:\/\/schoenberger-coaching.de\/wp-content\/uploads\/2020\/06\/logo_neu_coaching-e1593607998877.jpg","contentUrl":"https:\/\/schoenberger-coaching.de\/wp-content\/uploads\/2020\/06\/logo_neu_coaching-e1593607998877.jpg","width":300,"height":89,"caption":"Schoenberger"},"logo":{"@id":"https:\/\/schoenberger-coaching.de\/wp-content\/uploads\/2020\/06\/logo_neu_coaching-e1593607998877.jpg"}}]}},"_links":{"self":[{"href":"https:\/\/schoenberger-coaching.de\/home\/wp-json\/wp\/v2\/pages\/1245","targetHints":{"allow":["GET"]}}],"collection":[{"href":"https:\/\/schoenberger-coaching.de\/home\/wp-json\/wp\/v2\/pages"}],"about":[{"href":"https:\/\/schoenberger-coaching.de\/home\/wp-json\/wp\/v2\/types\/page"}],"author":[{"embeddable":true,"href":"https:\/\/schoenberger-coaching.de\/home\/wp-json\/wp\/v2\/users\/2"}],"replies":[{"embeddable":true,"href":"https:\/\/schoenberger-coaching.de\/home\/wp-json\/wp\/v2\/comments?post=1245"}],"version-history":[{"count":40,"href":"https:\/\/schoenberger-coaching.de\/home\/wp-json\/wp\/v2\/pages\/1245\/revisions"}],"predecessor-version":[{"id":2304,"href":"https:\/\/schoenberger-coaching.de\/home\/wp-json\/wp\/v2\/pages\/1245\/revisions\/2304"}],"wp:attachment":[{"href":"https:\/\/schoenberger-coaching.de\/home\/wp-json\/wp\/v2\/media?parent=1245"}],"curies":[{"name":"wp","href":"https:\/\/api.w.org\/{rel}","templated":true}]}}