{"id":1367,"date":"2016-02-12T07:54:41","date_gmt":"2016-02-12T07:54:41","guid":{"rendered":"http:\/\/demos.famethemes.com\/onepress\/?page_id=4"},"modified":"2022-01-31T17:49:32","modified_gmt":"2022-01-31T16:49:32","slug":"willkommen","status":"publish","type":"page","link":"https:\/\/schoenberger-coaching.de\/home\/willkommen\/","title":{"rendered":"Willkommen alt!"},"content":{"rendered":"\t\t<div data-elementor-type=\"wp-page\" data-elementor-id=\"1367\" class=\"elementor elementor-1367\">\n\t\t\t\t\t\t<section class=\"elementor-section elementor-top-section elementor-element elementor-element-1af14cb9 elementor-section-boxed elementor-section-height-default elementor-section-height-default\" data-id=\"1af14cb9\" data-element_type=\"section\" data-e-type=\"section\">\n\t\t\t\t\t\t<div class=\"elementor-container elementor-column-gap-default\">\n\t\t\t\t\t<div class=\"elementor-column elementor-col-100 elementor-top-column elementor-element elementor-element-3ad5cf68\" data-id=\"3ad5cf68\" data-element_type=\"column\" data-e-type=\"column\">\n\t\t\t<div class=\"elementor-widget-wrap elementor-element-populated\">\n\t\t\t\t\t\t<div class=\"elementor-element elementor-element-656ffb60 elementor-widget elementor-widget-text-editor\" data-id=\"656ffb60\" data-element_type=\"widget\" data-e-type=\"widget\" data-widget_type=\"text-editor.default\">\n\t\t\t\t<div class=\"elementor-widget-container\">\n\t\t\t\t\t\t\t\t\t<p><\/p>\n<h2 class=\"wp-block-heading\"><span style=\"color: #000000;\">Herzlich willkommen!<\/span><\/h2>\n<p><span style=\"color: #000000;\"><\/span><\/p>\n<p><strong><span style=\"font-size: 12pt; color: #000000;\">In kritischen Lebensphasen gibt Ihnen mein Angebot Orientierung und hilft&nbsp; Ihnen Krisen zu \u00fcberstehen und in Wachstumschancen zu wandeln, Entscheidungen zu treffen oder Ziele zu erreichen.<\/span><\/strong><\/p>\n<p><span style=\"font-size: 12pt; color: #000000;\">Vertrauen Sie meiner \u00fcber drei\u00dfigj\u00e4hrigen Berufserfahrung und meiner Kompetenz in der Begleitung und Beratung von Einzelnen, Paaren und Gruppen. Durch anerkannte Methoden, Fragetechniken und Modellen der Systemischen Therapie und der Transaktionsanalyse ist es m\u00f6glich, dass Ihre Zeit effektiv genutzt werden kann.<\/span><\/p>\n<p><span style=\"font-size: 12pt; color: #000000;\">Als sehr gut ausgebildete Beraterin, Coach, Therapeutin und Mediatorin finde ich m\u00f6glichst zeitnahl einen Termin f\u00fcr Sie, auch abends und samstags.<\/span><br><span style=\"font-size: 12pt; color: #000000;\">F\u00fcr Menschen mit geringem Einkommen biete ich einen sozialen Tarif an.&nbsp;<\/span><\/p>\n<p><strong><span style=\"font-size: 12pt; color: #000000;\">Rufen Sie mich an oder mailen Sie mir, <\/span><\/strong><br><span style=\"font-size: 12pt; color: #000000;\"><strong>E-Mail: kontakt@schoenberger-coaching.de<\/strong> <\/span><\/p>\n<p><span style=\"font-size: 12pt; color: #000000;\">und nennen Sie mir kurz um was es geht.&nbsp;<\/span><\/p>\n<p><span style=\"font-size: 12pt; color: #000000;\">Ein kostenfreies Kennenlernen telefonisch, pers\u00f6nlich oder online biete ich Ihnen gerne an!<\/span><\/p>\n<p><span style=\"font-size: 12pt; color: #000000;\"><\/span><\/p>\n<p><span style=\"font-size: 12pt; color: #000000;\">Ihre<\/span><\/p>\n<p><span style=\"font-size: 12pt; color: #000000;\">Kristina Sch\u00f6nberger<\/span><\/p>\n<p><\/p>\n<p><\/p>\t\t\t\t\t\t\t\t<\/div>\n\t\t\t\t<\/div>\n\t\t\t\t\t<\/div>\n\t\t<\/div>\n\t\t\t\t\t<\/div>\n\t\t<\/section>\n\t\t\t\t<\/div>\n\t\t","protected":false},"excerpt":{"rendered":"<p>[et_pb_section][et_pb_row][et_pb_column type=&#8220;4_4&#8243;][et_pb_text] Herzlich willkommen! In kritischen Lebensphasen gibt Ihnen mein Angebot Orientierung und hilft\u00a0 Ihnen Krisen zu \u00fcberstehen und in Wachstumschancen zu wandeln, Entscheidungen zu treffen oder Ziele zu erreichen. &#8230;<\/p>\n","protected":false},"author":2,"featured_media":0,"parent":0,"menu_order":0,"comment_status":"closed","ping_status":"closed","template":"","meta":{"footnotes":""},"class_list":["post-1367","page","type-page","status-publish","hentry"],"yoast_head":"<!-- This site is optimized with the Yoast SEO plugin v27.5 - https:\/\/yoast.com\/product\/yoast-seo-wordpress\/ -->\n<title>Willkommen alt! - Coachingpraxis Kristina Sch\u00f6nberger<\/title>\n<meta name=\"robots\" content=\"index, follow, max-snippet:-1, max-image-preview:large, max-video-preview:-1\" \/>\n<link rel=\"canonical\" href=\"https:\/\/schoenberger-coaching.de\/home\/willkommen\/\" \/>\n<meta property=\"og:locale\" content=\"de_DE\" \/>\n<meta property=\"og:type\" content=\"article\" \/>\n<meta property=\"og:title\" content=\"Willkommen alt! - Coachingpraxis Kristina Sch\u00f6nberger\" \/>\n<meta property=\"og:description\" content=\"[et_pb_section][et_pb_row][et_pb_column type=&#8220;4_4&#8243;][et_pb_text] Herzlich willkommen! In kritischen Lebensphasen gibt Ihnen mein Angebot Orientierung und hilft\u00a0 Ihnen Krisen zu \u00fcberstehen und in Wachstumschancen zu wandeln, Entscheidungen zu treffen oder Ziele zu erreichen. ...\" \/>\n<meta property=\"og:url\" content=\"https:\/\/schoenberger-coaching.de\/home\/willkommen\/\" \/>\n<meta property=\"og:site_name\" content=\"Coachingpraxis Kristina Sch\u00f6nberger\" \/>\n<meta property=\"article:modified_time\" content=\"2022-01-31T16:49:32+00:00\" \/>\n<meta name=\"twitter:card\" content=\"summary_large_image\" \/>\n<meta name=\"twitter:label1\" content=\"Gesch\u00e4tzte Lesezeit\" \/>\n\t<meta name=\"twitter:data1\" content=\"1\u00a0Minute\" \/>\n<script type=\"application\/ld+json\" class=\"yoast-schema-graph\">{\"@context\":\"https:\\\/\\\/schema.org\",\"@graph\":[{\"@type\":\"WebPage\",\"@id\":\"https:\\\/\\\/schoenberger-coaching.de\\\/home\\\/willkommen\\\/\",\"url\":\"https:\\\/\\\/schoenberger-coaching.de\\\/home\\\/willkommen\\\/\",\"name\":\"Willkommen alt! - Coachingpraxis Kristina Sch\u00f6nberger\",\"isPartOf\":{\"@id\":\"https:\\\/\\\/schoenberger-coaching.de\\\/home\\\/#website\"},\"datePublished\":\"2016-02-12T07:54:41+00:00\",\"dateModified\":\"2022-01-31T16:49:32+00:00\",\"breadcrumb\":{\"@id\":\"https:\\\/\\\/schoenberger-coaching.de\\\/home\\\/willkommen\\\/#breadcrumb\"},\"inLanguage\":\"de\",\"potentialAction\":[{\"@type\":\"ReadAction\",\"target\":[\"https:\\\/\\\/schoenberger-coaching.de\\\/home\\\/willkommen\\\/\"]}]},{\"@type\":\"BreadcrumbList\",\"@id\":\"https:\\\/\\\/schoenberger-coaching.de\\\/home\\\/willkommen\\\/#breadcrumb\",\"itemListElement\":[{\"@type\":\"ListItem\",\"position\":1,\"name\":\"Startseite\",\"item\":\"https:\\\/\\\/schoenberger-coaching.de\\\/home\\\/\"},{\"@type\":\"ListItem\",\"position\":2,\"name\":\"Willkommen alt!\"}]},{\"@type\":\"WebSite\",\"@id\":\"https:\\\/\\\/schoenberger-coaching.de\\\/home\\\/#website\",\"url\":\"https:\\\/\\\/schoenberger-coaching.de\\\/home\\\/\",\"name\":\"Coachingpraxis Kristina Sch\u00f6nberger\",\"description\":\"Coaching, Paarberatung, Mediation, Seminare\",\"publisher\":{\"@id\":\"https:\\\/\\\/schoenberger-coaching.de\\\/home\\\/#\\\/schema\\\/person\\\/5ec18b20c82f996a5877e34b61131e53\"},\"potentialAction\":[{\"@type\":\"SearchAction\",\"target\":{\"@type\":\"EntryPoint\",\"urlTemplate\":\"https:\\\/\\\/schoenberger-coaching.de\\\/home\\\/?s={search_term_string}\"},\"query-input\":{\"@type\":\"PropertyValueSpecification\",\"valueRequired\":true,\"valueName\":\"search_term_string\"}}],\"inLanguage\":\"de\"},{\"@type\":[\"Person\",\"Organization\"],\"@id\":\"https:\\\/\\\/schoenberger-coaching.de\\\/home\\\/#\\\/schema\\\/person\\\/5ec18b20c82f996a5877e34b61131e53\",\"name\":\"Schoenberger\",\"image\":{\"@type\":\"ImageObject\",\"inLanguage\":\"de\",\"@id\":\"https:\\\/\\\/schoenberger-coaching.de\\\/wp-content\\\/uploads\\\/2020\\\/06\\\/logo_neu_coaching-e1593607998877.jpg\",\"url\":\"https:\\\/\\\/schoenberger-coaching.de\\\/wp-content\\\/uploads\\\/2020\\\/06\\\/logo_neu_coaching-e1593607998877.jpg\",\"contentUrl\":\"https:\\\/\\\/schoenberger-coaching.de\\\/wp-content\\\/uploads\\\/2020\\\/06\\\/logo_neu_coaching-e1593607998877.jpg\",\"width\":300,\"height\":89,\"caption\":\"Schoenberger\"},\"logo\":{\"@id\":\"https:\\\/\\\/schoenberger-coaching.de\\\/wp-content\\\/uploads\\\/2020\\\/06\\\/logo_neu_coaching-e1593607998877.jpg\"}}]}<\/script>\n<!-- \/ Yoast SEO plugin. -->","yoast_head_json":{"title":"Willkommen alt! - Coachingpraxis Kristina Sch\u00f6nberger","robots":{"index":"index","follow":"follow","max-snippet":"max-snippet:-1","max-image-preview":"max-image-preview:large","max-video-preview":"max-video-preview:-1"},"canonical":"https:\/\/schoenberger-coaching.de\/home\/willkommen\/","og_locale":"de_DE","og_type":"article","og_title":"Willkommen alt! - Coachingpraxis Kristina Sch\u00f6nberger","og_description":"[et_pb_section][et_pb_row][et_pb_column type=&#8220;4_4&#8243;][et_pb_text] Herzlich willkommen! In kritischen Lebensphasen gibt Ihnen mein Angebot Orientierung und hilft\u00a0 Ihnen Krisen zu \u00fcberstehen und in Wachstumschancen zu wandeln, Entscheidungen zu treffen oder Ziele zu erreichen. ...","og_url":"https:\/\/schoenberger-coaching.de\/home\/willkommen\/","og_site_name":"Coachingpraxis Kristina Sch\u00f6nberger","article_modified_time":"2022-01-31T16:49:32+00:00","twitter_card":"summary_large_image","twitter_misc":{"Gesch\u00e4tzte Lesezeit":"1\u00a0Minute"},"schema":{"@context":"https:\/\/schema.org","@graph":[{"@type":"WebPage","@id":"https:\/\/schoenberger-coaching.de\/home\/willkommen\/","url":"https:\/\/schoenberger-coaching.de\/home\/willkommen\/","name":"Willkommen alt! - Coachingpraxis Kristina Sch\u00f6nberger","isPartOf":{"@id":"https:\/\/schoenberger-coaching.de\/home\/#website"},"datePublished":"2016-02-12T07:54:41+00:00","dateModified":"2022-01-31T16:49:32+00:00","breadcrumb":{"@id":"https:\/\/schoenberger-coaching.de\/home\/willkommen\/#breadcrumb"},"inLanguage":"de","potentialAction":[{"@type":"ReadAction","target":["https:\/\/schoenberger-coaching.de\/home\/willkommen\/"]}]},{"@type":"BreadcrumbList","@id":"https:\/\/schoenberger-coaching.de\/home\/willkommen\/#breadcrumb","itemListElement":[{"@type":"ListItem","position":1,"name":"Startseite","item":"https:\/\/schoenberger-coaching.de\/home\/"},{"@type":"ListItem","position":2,"name":"Willkommen alt!"}]},{"@type":"WebSite","@id":"https:\/\/schoenberger-coaching.de\/home\/#website","url":"https:\/\/schoenberger-coaching.de\/home\/","name":"Coachingpraxis Kristina Sch\u00f6nberger","description":"Coaching, Paarberatung, Mediation, Seminare","publisher":{"@id":"https:\/\/schoenberger-coaching.de\/home\/#\/schema\/person\/5ec18b20c82f996a5877e34b61131e53"},"potentialAction":[{"@type":"SearchAction","target":{"@type":"EntryPoint","urlTemplate":"https:\/\/schoenberger-coaching.de\/home\/?s={search_term_string}"},"query-input":{"@type":"PropertyValueSpecification","valueRequired":true,"valueName":"search_term_string"}}],"inLanguage":"de"},{"@type":["Person","Organization"],"@id":"https:\/\/schoenberger-coaching.de\/home\/#\/schema\/person\/5ec18b20c82f996a5877e34b61131e53","name":"Schoenberger","image":{"@type":"ImageObject","inLanguage":"de","@id":"https:\/\/schoenberger-coaching.de\/wp-content\/uploads\/2020\/06\/logo_neu_coaching-e1593607998877.jpg","url":"https:\/\/schoenberger-coaching.de\/wp-content\/uploads\/2020\/06\/logo_neu_coaching-e1593607998877.jpg","contentUrl":"https:\/\/schoenberger-coaching.de\/wp-content\/uploads\/2020\/06\/logo_neu_coaching-e1593607998877.jpg","width":300,"height":89,"caption":"Schoenberger"},"logo":{"@id":"https:\/\/schoenberger-coaching.de\/wp-content\/uploads\/2020\/06\/logo_neu_coaching-e1593607998877.jpg"}}]}},"_links":{"self":[{"href":"https:\/\/schoenberger-coaching.de\/home\/wp-json\/wp\/v2\/pages\/1367","targetHints":{"allow":["GET"]}}],"collection":[{"href":"https:\/\/schoenberger-coaching.de\/home\/wp-json\/wp\/v2\/pages"}],"about":[{"href":"https:\/\/schoenberger-coaching.de\/home\/wp-json\/wp\/v2\/types\/page"}],"author":[{"embeddable":true,"href":"https:\/\/schoenberger-coaching.de\/home\/wp-json\/wp\/v2\/users\/2"}],"replies":[{"embeddable":true,"href":"https:\/\/schoenberger-coaching.de\/home\/wp-json\/wp\/v2\/comments?post=1367"}],"version-history":[{"count":23,"href":"https:\/\/schoenberger-coaching.de\/home\/wp-json\/wp\/v2\/pages\/1367\/revisions"}],"predecessor-version":[{"id":2251,"href":"https:\/\/schoenberger-coaching.de\/home\/wp-json\/wp\/v2\/pages\/1367\/revisions\/2251"}],"wp:attachment":[{"href":"https:\/\/schoenberger-coaching.de\/home\/wp-json\/wp\/v2\/media?parent=1367"}],"curies":[{"name":"wp","href":"https:\/\/api.w.org\/{rel}","templated":true}]}}