{"id":1482,"date":"2020-03-11T21:59:28","date_gmt":"2020-03-11T20:59:28","guid":{"rendered":"http:\/\/schoenberger-coaching.de\/?page_id=1482"},"modified":"2024-07-18T18:28:36","modified_gmt":"2024-07-18T16:28:36","slug":"paarberatung-paartherapie","status":"publish","type":"page","link":"https:\/\/schoenberger-coaching.de\/home\/paarberatung-paartherapie\/","title":{"rendered":"Beratung, Mediation"},"content":{"rendered":"<h2><span style=\"color: #993300;\">Paarberatung und Mediation f\u00fcr Paare<\/span><\/h2>\r\n<p><span style=\"font-size: 12pt;\"><\/span><\/p>\r\n<p class=\"has-text-color has-background has-vivid-red-background-color\" style=\"color: #f3f6f7;\"><span style=\"font-size: 12pt; color: #000000;\"><strong>Nehmen Sie Ihren ganzen Mut zusammen: Es lohnt sich in jedem Fall, denn: Paarberatung wirkt! <br \/>Schon 4 &#8211; 8 Sitzungen bringen schon deutliche Fortschritte und Klarheit f\u00fcr Sie als Paar.<\/strong><\/span><\/p>\r\n<p><span style=\"font-size: 12pt; color: #000000;\">\r\n\r\n<\/span><\/p>\r\n<p><span style=\"font-size: 12pt; color: #000000;\">Probleme und Spannungen auf die lange Bank zu schieben, erweist sich im Allgemeinen als nicht hilfreich. <br \/>Als ausgebildete Paarberaterin finde ich m\u00f6glichst schnell einen Termin f\u00fcr Sie. Abend- und Samstags-Termine runden mein Angebot ab.<\/span><\/p>\r\n<p><span style=\"font-size: 12pt; color: #000000;\">\r\n\r\n<\/span><\/p>\r\n<p><span style=\"font-size: 12pt; color: #000000;\">Sich in Gelddingen beraten zu lassen, das ist heute selbstverst\u00e4ndlich. Aber auch immer mehr Paare sehen die Paartherapie als Chance f\u00fcr eine gemeinsame Entwicklung zu mehr Zufriedenheit in der Partnerschaft an. H\u00e4ufen sich Verletzungen oder schwelen sie \u00fcber Jahre, ist es besonders wichtig, aus diesem Muster auszusteigen und etwas Neues zu entwickeln.<\/span><br \/><br \/><span style=\"font-size: 12pt; color: #000000;\"><strong>Wann ist eine Paarberatung hilfreich:<\/strong><\/span><\/p>\r\n<ul>\r\n<li><span style=\"font-size: 12pt; color: #000000;\">wenn Sie das Gef\u00fchl haben, aneinander vorbei zu reden bei Trennungsgedanken<\/span><\/li>\r\n<li><span style=\"font-size: 12pt; color: #000000;\">im Umgang mit Au\u00dfenbeziehungen<\/span><\/li>\r\n<li><span style=\"font-size: 12pt; color: #000000;\">wenn Schuldzuweisungen, h\u00e4ufige oder ungel\u00f6ste Konflikte, Sprachlosigkeit oder R\u00fcckzug den Paaralltag belasten<\/span><\/li>\r\n<li><span style=\"font-size: 12pt; color: #000000;\">wenn unaufgearbeitete \u201eAltlasten\u201c oder \u201eTretminen\u201c das Leben schwer machen wenn die Beziehung und die Sexualit\u00e4t in Alltagsroutine und Langeweile untergeht<\/span><\/li>\r\n<li><span style=\"font-size: 12pt; color: #000000;\">\u00a0\u2026<\/span><\/li>\r\n<\/ul>\r\n<p><span style=\"font-size: 12pt; color: #000000;\">In der Paarberatung k\u00f6nnen Sie entdecken, dass jeder von Ihnen beiden seine ganz pers\u00f6nlichen W\u00fcnsche, Gef\u00fchle, Gedanken und \u00c4ngste zeigen kann, ohne Wertung zu erfahren und dies nicht zur Eskalation f\u00fchrt. Oftmals h\u00f6rt der Partner in dieser Situation zum ersten Mal die Sichtweise und Gef\u00fchle des anderen so offen.<\/span><\/p>\r\n<p><span style=\"font-size: 12pt; color: #000000;\">\r\n\r\n<\/span><\/p>\r\n<p>&nbsp;<\/p>\r\n<p>&nbsp;<\/p>\r\n<p><span style=\"font-size: 12pt; color: #000000;\">\r\n\r\n<\/span><\/p>\r\n<p>&nbsp;<\/p>\r\n<p><span style=\"font-size: 12pt;\"><\/span><\/p>","protected":false},"excerpt":{"rendered":"<p>Paarberatung und Mediation f\u00fcr Paare Nehmen Sie Ihren ganzen Mut zusammen: Es lohnt sich in jedem Fall, denn: Paarberatung wirkt! Schon 4 &#8211; 8 Sitzungen bringen schon deutliche Fortschritte und &#8230;<\/p>\n","protected":false},"author":1,"featured_media":1473,"parent":0,"menu_order":0,"comment_status":"closed","ping_status":"closed","template":"","meta":{"footnotes":""},"class_list":["post-1482","page","type-page","status-publish","has-post-thumbnail","hentry"],"yoast_head":"<!-- This site is optimized with the Yoast SEO plugin v27.5 - https:\/\/yoast.com\/product\/yoast-seo-wordpress\/ -->\n<title>Beratung, Mediation - Coachingpraxis Kristina Sch\u00f6nberger<\/title>\n<meta name=\"description\" content=\"Paartherapie\/Paarberatung\/Eheberatung sind kl\u00e4rende Angebote f\u00fcr Menschen mit Beziehungsproblemen. Ziele sind u.a. Unzufriedenheiten im gesch\u00fctzten Rahmen aufzuarbeiten und eine wertsch\u00e4tzende Kommunikation bzw. Beziehung zu st\u00e4rken.\" \/>\n<meta name=\"robots\" content=\"index, follow, max-snippet:-1, max-image-preview:large, max-video-preview:-1\" \/>\n<link rel=\"canonical\" href=\"https:\/\/schoenberger-coaching.de\/home\/paarberatung-paartherapie\/\" \/>\n<meta property=\"og:locale\" content=\"de_DE\" \/>\n<meta property=\"og:type\" content=\"article\" \/>\n<meta property=\"og:title\" content=\"Beratung, Mediation - Coachingpraxis Kristina Sch\u00f6nberger\" \/>\n<meta property=\"og:description\" content=\"Paartherapie\/Paarberatung\/Eheberatung sind kl\u00e4rende Angebote f\u00fcr Menschen mit Beziehungsproblemen. Ziele sind u.a. Unzufriedenheiten im gesch\u00fctzten Rahmen aufzuarbeiten und eine wertsch\u00e4tzende Kommunikation bzw. Beziehung zu st\u00e4rken.\" \/>\n<meta property=\"og:url\" content=\"https:\/\/schoenberger-coaching.de\/home\/paarberatung-paartherapie\/\" \/>\n<meta property=\"og:site_name\" content=\"Coachingpraxis Kristina Sch\u00f6nberger\" \/>\n<meta property=\"article:modified_time\" content=\"2024-07-18T16:28:36+00:00\" \/>\n<meta property=\"og:image\" content=\"http:\/\/schoenberger-coaching.de\/wp-content\/uploads\/2020\/03\/key.jpg\" \/>\n\t<meta property=\"og:image:width\" content=\"640\" \/>\n\t<meta property=\"og:image:height\" content=\"350\" \/>\n\t<meta property=\"og:image:type\" content=\"image\/jpeg\" \/>\n<meta name=\"twitter:card\" content=\"summary_large_image\" \/>\n<meta name=\"twitter:label1\" content=\"Gesch\u00e4tzte Lesezeit\" \/>\n\t<meta name=\"twitter:data1\" content=\"2\u00a0Minuten\" \/>\n<script type=\"application\/ld+json\" class=\"yoast-schema-graph\">{\"@context\":\"https:\\\/\\\/schema.org\",\"@graph\":[{\"@type\":\"WebPage\",\"@id\":\"https:\\\/\\\/schoenberger-coaching.de\\\/home\\\/paarberatung-paartherapie\\\/\",\"url\":\"https:\\\/\\\/schoenberger-coaching.de\\\/home\\\/paarberatung-paartherapie\\\/\",\"name\":\"Beratung, Mediation - Coachingpraxis Kristina Sch\u00f6nberger\",\"isPartOf\":{\"@id\":\"https:\\\/\\\/schoenberger-coaching.de\\\/home\\\/#website\"},\"primaryImageOfPage\":{\"@id\":\"https:\\\/\\\/schoenberger-coaching.de\\\/home\\\/paarberatung-paartherapie\\\/#primaryimage\"},\"image\":{\"@id\":\"https:\\\/\\\/schoenberger-coaching.de\\\/home\\\/paarberatung-paartherapie\\\/#primaryimage\"},\"thumbnailUrl\":\"https:\\\/\\\/schoenberger-coaching.de\\\/wp-content\\\/uploads\\\/2020\\\/03\\\/key.jpg\",\"datePublished\":\"2020-03-11T20:59:28+00:00\",\"dateModified\":\"2024-07-18T16:28:36+00:00\",\"description\":\"Paartherapie\\\/Paarberatung\\\/Eheberatung sind kl\u00e4rende Angebote f\u00fcr Menschen mit Beziehungsproblemen. Ziele sind u.a. Unzufriedenheiten im gesch\u00fctzten Rahmen aufzuarbeiten und eine wertsch\u00e4tzende Kommunikation bzw. Beziehung zu st\u00e4rken.\",\"breadcrumb\":{\"@id\":\"https:\\\/\\\/schoenberger-coaching.de\\\/home\\\/paarberatung-paartherapie\\\/#breadcrumb\"},\"inLanguage\":\"de\",\"potentialAction\":[{\"@type\":\"ReadAction\",\"target\":[\"https:\\\/\\\/schoenberger-coaching.de\\\/home\\\/paarberatung-paartherapie\\\/\"]}]},{\"@type\":\"ImageObject\",\"inLanguage\":\"de\",\"@id\":\"https:\\\/\\\/schoenberger-coaching.de\\\/home\\\/paarberatung-paartherapie\\\/#primaryimage\",\"url\":\"https:\\\/\\\/schoenberger-coaching.de\\\/wp-content\\\/uploads\\\/2020\\\/03\\\/key.jpg\",\"contentUrl\":\"https:\\\/\\\/schoenberger-coaching.de\\\/wp-content\\\/uploads\\\/2020\\\/03\\\/key.jpg\",\"width\":640,\"height\":350},{\"@type\":\"BreadcrumbList\",\"@id\":\"https:\\\/\\\/schoenberger-coaching.de\\\/home\\\/paarberatung-paartherapie\\\/#breadcrumb\",\"itemListElement\":[{\"@type\":\"ListItem\",\"position\":1,\"name\":\"Startseite\",\"item\":\"https:\\\/\\\/schoenberger-coaching.de\\\/home\\\/\"},{\"@type\":\"ListItem\",\"position\":2,\"name\":\"Beratung, Mediation\"}]},{\"@type\":\"WebSite\",\"@id\":\"https:\\\/\\\/schoenberger-coaching.de\\\/home\\\/#website\",\"url\":\"https:\\\/\\\/schoenberger-coaching.de\\\/home\\\/\",\"name\":\"Coachingpraxis Kristina Sch\u00f6nberger\",\"description\":\"Coaching, Paarberatung, Mediation, Seminare\",\"publisher\":{\"@id\":\"https:\\\/\\\/schoenberger-coaching.de\\\/home\\\/#\\\/schema\\\/person\\\/5ec18b20c82f996a5877e34b61131e53\"},\"potentialAction\":[{\"@type\":\"SearchAction\",\"target\":{\"@type\":\"EntryPoint\",\"urlTemplate\":\"https:\\\/\\\/schoenberger-coaching.de\\\/home\\\/?s={search_term_string}\"},\"query-input\":{\"@type\":\"PropertyValueSpecification\",\"valueRequired\":true,\"valueName\":\"search_term_string\"}}],\"inLanguage\":\"de\"},{\"@type\":[\"Person\",\"Organization\"],\"@id\":\"https:\\\/\\\/schoenberger-coaching.de\\\/home\\\/#\\\/schema\\\/person\\\/5ec18b20c82f996a5877e34b61131e53\",\"name\":\"Schoenberger\",\"image\":{\"@type\":\"ImageObject\",\"inLanguage\":\"de\",\"@id\":\"https:\\\/\\\/schoenberger-coaching.de\\\/wp-content\\\/uploads\\\/2020\\\/06\\\/logo_neu_coaching-e1593607998877.jpg\",\"url\":\"https:\\\/\\\/schoenberger-coaching.de\\\/wp-content\\\/uploads\\\/2020\\\/06\\\/logo_neu_coaching-e1593607998877.jpg\",\"contentUrl\":\"https:\\\/\\\/schoenberger-coaching.de\\\/wp-content\\\/uploads\\\/2020\\\/06\\\/logo_neu_coaching-e1593607998877.jpg\",\"width\":300,\"height\":89,\"caption\":\"Schoenberger\"},\"logo\":{\"@id\":\"https:\\\/\\\/schoenberger-coaching.de\\\/wp-content\\\/uploads\\\/2020\\\/06\\\/logo_neu_coaching-e1593607998877.jpg\"}}]}<\/script>\n<!-- \/ Yoast SEO plugin. -->","yoast_head_json":{"title":"Beratung, Mediation - Coachingpraxis Kristina Sch\u00f6nberger","description":"Paartherapie\/Paarberatung\/Eheberatung sind kl\u00e4rende Angebote f\u00fcr Menschen mit Beziehungsproblemen. Ziele sind u.a. Unzufriedenheiten im gesch\u00fctzten Rahmen aufzuarbeiten und eine wertsch\u00e4tzende Kommunikation bzw. Beziehung zu st\u00e4rken.","robots":{"index":"index","follow":"follow","max-snippet":"max-snippet:-1","max-image-preview":"max-image-preview:large","max-video-preview":"max-video-preview:-1"},"canonical":"https:\/\/schoenberger-coaching.de\/home\/paarberatung-paartherapie\/","og_locale":"de_DE","og_type":"article","og_title":"Beratung, Mediation - Coachingpraxis Kristina Sch\u00f6nberger","og_description":"Paartherapie\/Paarberatung\/Eheberatung sind kl\u00e4rende Angebote f\u00fcr Menschen mit Beziehungsproblemen. Ziele sind u.a. Unzufriedenheiten im gesch\u00fctzten Rahmen aufzuarbeiten und eine wertsch\u00e4tzende Kommunikation bzw. Beziehung zu st\u00e4rken.","og_url":"https:\/\/schoenberger-coaching.de\/home\/paarberatung-paartherapie\/","og_site_name":"Coachingpraxis Kristina Sch\u00f6nberger","article_modified_time":"2024-07-18T16:28:36+00:00","og_image":[{"width":640,"height":350,"url":"http:\/\/schoenberger-coaching.de\/wp-content\/uploads\/2020\/03\/key.jpg","type":"image\/jpeg"}],"twitter_card":"summary_large_image","twitter_misc":{"Gesch\u00e4tzte Lesezeit":"2\u00a0Minuten"},"schema":{"@context":"https:\/\/schema.org","@graph":[{"@type":"WebPage","@id":"https:\/\/schoenberger-coaching.de\/home\/paarberatung-paartherapie\/","url":"https:\/\/schoenberger-coaching.de\/home\/paarberatung-paartherapie\/","name":"Beratung, Mediation - Coachingpraxis Kristina Sch\u00f6nberger","isPartOf":{"@id":"https:\/\/schoenberger-coaching.de\/home\/#website"},"primaryImageOfPage":{"@id":"https:\/\/schoenberger-coaching.de\/home\/paarberatung-paartherapie\/#primaryimage"},"image":{"@id":"https:\/\/schoenberger-coaching.de\/home\/paarberatung-paartherapie\/#primaryimage"},"thumbnailUrl":"https:\/\/schoenberger-coaching.de\/wp-content\/uploads\/2020\/03\/key.jpg","datePublished":"2020-03-11T20:59:28+00:00","dateModified":"2024-07-18T16:28:36+00:00","description":"Paartherapie\/Paarberatung\/Eheberatung sind kl\u00e4rende Angebote f\u00fcr Menschen mit Beziehungsproblemen. Ziele sind u.a. Unzufriedenheiten im gesch\u00fctzten Rahmen aufzuarbeiten und eine wertsch\u00e4tzende Kommunikation bzw. Beziehung zu st\u00e4rken.","breadcrumb":{"@id":"https:\/\/schoenberger-coaching.de\/home\/paarberatung-paartherapie\/#breadcrumb"},"inLanguage":"de","potentialAction":[{"@type":"ReadAction","target":["https:\/\/schoenberger-coaching.de\/home\/paarberatung-paartherapie\/"]}]},{"@type":"ImageObject","inLanguage":"de","@id":"https:\/\/schoenberger-coaching.de\/home\/paarberatung-paartherapie\/#primaryimage","url":"https:\/\/schoenberger-coaching.de\/wp-content\/uploads\/2020\/03\/key.jpg","contentUrl":"https:\/\/schoenberger-coaching.de\/wp-content\/uploads\/2020\/03\/key.jpg","width":640,"height":350},{"@type":"BreadcrumbList","@id":"https:\/\/schoenberger-coaching.de\/home\/paarberatung-paartherapie\/#breadcrumb","itemListElement":[{"@type":"ListItem","position":1,"name":"Startseite","item":"https:\/\/schoenberger-coaching.de\/home\/"},{"@type":"ListItem","position":2,"name":"Beratung, Mediation"}]},{"@type":"WebSite","@id":"https:\/\/schoenberger-coaching.de\/home\/#website","url":"https:\/\/schoenberger-coaching.de\/home\/","name":"Coachingpraxis Kristina Sch\u00f6nberger","description":"Coaching, Paarberatung, Mediation, Seminare","publisher":{"@id":"https:\/\/schoenberger-coaching.de\/home\/#\/schema\/person\/5ec18b20c82f996a5877e34b61131e53"},"potentialAction":[{"@type":"SearchAction","target":{"@type":"EntryPoint","urlTemplate":"https:\/\/schoenberger-coaching.de\/home\/?s={search_term_string}"},"query-input":{"@type":"PropertyValueSpecification","valueRequired":true,"valueName":"search_term_string"}}],"inLanguage":"de"},{"@type":["Person","Organization"],"@id":"https:\/\/schoenberger-coaching.de\/home\/#\/schema\/person\/5ec18b20c82f996a5877e34b61131e53","name":"Schoenberger","image":{"@type":"ImageObject","inLanguage":"de","@id":"https:\/\/schoenberger-coaching.de\/wp-content\/uploads\/2020\/06\/logo_neu_coaching-e1593607998877.jpg","url":"https:\/\/schoenberger-coaching.de\/wp-content\/uploads\/2020\/06\/logo_neu_coaching-e1593607998877.jpg","contentUrl":"https:\/\/schoenberger-coaching.de\/wp-content\/uploads\/2020\/06\/logo_neu_coaching-e1593607998877.jpg","width":300,"height":89,"caption":"Schoenberger"},"logo":{"@id":"https:\/\/schoenberger-coaching.de\/wp-content\/uploads\/2020\/06\/logo_neu_coaching-e1593607998877.jpg"}}]}},"_links":{"self":[{"href":"https:\/\/schoenberger-coaching.de\/home\/wp-json\/wp\/v2\/pages\/1482","targetHints":{"allow":["GET"]}}],"collection":[{"href":"https:\/\/schoenberger-coaching.de\/home\/wp-json\/wp\/v2\/pages"}],"about":[{"href":"https:\/\/schoenberger-coaching.de\/home\/wp-json\/wp\/v2\/types\/page"}],"author":[{"embeddable":true,"href":"https:\/\/schoenberger-coaching.de\/home\/wp-json\/wp\/v2\/users\/1"}],"replies":[{"embeddable":true,"href":"https:\/\/schoenberger-coaching.de\/home\/wp-json\/wp\/v2\/comments?post=1482"}],"version-history":[{"count":17,"href":"https:\/\/schoenberger-coaching.de\/home\/wp-json\/wp\/v2\/pages\/1482\/revisions"}],"predecessor-version":[{"id":2309,"href":"https:\/\/schoenberger-coaching.de\/home\/wp-json\/wp\/v2\/pages\/1482\/revisions\/2309"}],"wp:featuredmedia":[{"embeddable":true,"href":"https:\/\/schoenberger-coaching.de\/home\/wp-json\/wp\/v2\/media\/1473"}],"wp:attachment":[{"href":"https:\/\/schoenberger-coaching.de\/home\/wp-json\/wp\/v2\/media?parent=1482"}],"curies":[{"name":"wp","href":"https:\/\/api.w.org\/{rel}","templated":true}]}}