{"id":1644,"date":"2020-04-14T16:17:40","date_gmt":"2020-04-14T14:17:40","guid":{"rendered":"http:\/\/schoenberger-coaching.de\/?page_id=1644"},"modified":"2022-01-24T13:13:09","modified_gmt":"2022-01-24T12:13:09","slug":"psychologische-beratung","status":"publish","type":"page","link":"https:\/\/schoenberger-coaching.de\/home\/psychologische-beratung\/","title":{"rendered":"Psychotherapie"},"content":{"rendered":"<h2><span style=\"color: #993300;\">Psychologische Beratung\/Psychotherapie<\/span><\/h2>\n<p><span style=\"color: #000000;\"><strong>Psychologische Beratung bzw. Psychotherapie hilft zum Beispiel bei<\/strong><\/span><\/p>\n<ul>\n<li><span style=\"color: #000000;\"><strong>Verlust von Freude und Spa\u00df am Leben<\/strong><\/span><\/li>\n<li><span style=\"color: #000000;\"><strong>diffusen \u00c4ngsten oder Zw\u00e4ngen<\/strong><\/span><\/li>\n<li><span style=\"color: #000000;\"><strong>mangelndem Selbstwertgef\u00fchl<\/strong><\/span><\/li>\n<li><span style=\"color: #000000;\"><strong>Umgang mit Erkrankungen<\/strong><\/span><\/li>\n<li><span style=\"color: #000000;\"><strong>Lebenskrisen <\/strong><\/span><\/li>\n<li><span style=\"color: #000000;\"><strong>Sinnkrisen<\/strong><\/span><\/li>\n<li><span style=\"color: #000000;\"><strong>schlimmen T<\/strong><strong>rennungen und Abschieden<\/strong><\/span><\/li>\n<li><strong>\u2026<\/strong><\/li>\n<\/ul>\n<p><span style=\"color: #000000;\"><strong>Psychotherapie hilft Menschen ein befriedigendes, auf Probleml\u00f6sung und pers\u00f6nliche Autonomie gerichtetes Leben zu entwickeln. <\/strong><\/span><\/p>\n<p><span style=\"color: #000000;\"><strong>Die Transaktionsanalyse (TA)<\/strong> <\/span><br \/>\n<span style=\"color: #000000;\">ist eine Gespr\u00e4chstherapie die sich auf analytische Denkmodelle st\u00fctzt und auch Methoden anderer Therapieformen, wie z.B. der Gestalttherapie einsetzt.<\/span><br \/>\n<span style=\"color: #000000;\">Als psychotherapeutische Theorie und Methode dient die TA der Behandlung und Heilung psychischer St\u00f6rungen, indem sie Menschen unterst\u00fctzt, innere wie \u00e4u\u00dfere Konflikte zu l\u00f6sen und ihre Individualit\u00e4t und Autonomie zu entwickeln.<\/span><\/p>\n<p><span style=\"color: #000000;\"><strong>Die Systemische Therapie<br \/>\n<\/strong>Die systemische Perspektive r\u00fcckt die Wechselwirkung zwischen den Menschen einerseits und den sozialen Bedingungen des Lebens andererseits ins Zentrum der Betrachtung, um das Individuum und seine psychischen Erlebnisse angemessen verstehen zu k\u00f6nnen. Psychische \u00a0Symptome werden als Ergebnis von krankheitserzeugenden und -aufrechterhaltenden Beziehungsmustern gesehen. Wenn m\u00f6glich werden Bezugspersonen in den therapeutischen Prozess mit einbezogen. Es stehen aber auch geeignete Methoden f\u00fcr die Durchf\u00fchrung von systemischer Einzeltherapie und systemischer Paartherapie zur Verf\u00fcgung.\u00a0<\/span><\/p>\n<p><span style=\"color: #000000;\">+++ <strong>Kostenfreie oder -g\u00fcnstige Anlaufstellen <\/strong>+++ <strong>und eine \u201eErste Hilfe&#8220; z. B. nachts finden Sie hier <\/strong>+++<\/span><\/p>\n<ul>\n<li><span style=\"color: #000000;\">Kassenfinanzierte Psychotherapeut*innen finden Sie \u00fcber Ihre Krankenkasse oder Haus\u00e4rzte<\/span><\/li>\n<li><span style=\"color: #000000;\">\u00d6ffentliche und z.T. kostenfreie Hilfsangebote\/Beratungsstellen finden Sie auf den Web-Seiten der Stadt Stuttgart oder der Landkreise: Bei Erziehungsproblemen und Suchterkrankungen wenden Sie sich bitte an die darauf spezialisierten Stellen der Landkreise oder der Kirchen, siehe www.landkreis-ludwigsburg.de, www.caritas.de oder\u00a0 www.kreisdiakonieverband-lb.de<\/span><\/li>\n<\/ul>\n<ul>\n<li><span style=\"color: #000000;\">Eine st\u00e4ndig erreichbare psychologische &#8222;Erste Hilfe&#8220; erhalten Sie bei der Telefonseelsorge: 0800\/111 0 111 oder 0800\/111 0 222 Ihr Anruf ist kostenfrei.<\/span><\/li>\n<li><span style=\"color: #000000;\">Beim Hilfetelefon &#8222;Gewalt\u00a0gegen\u00a0Frauen&#8220; k\u00f6nnen Sie sich unter der Rufnummer 08000 116 016 an 365 Tagen zu jeder Uhrzeit anonym und kostenlos beraten lassen. Mit\u00a0Hilfe\u00a0von Dolmetscherinnen ist eine Beratung in vielen Sprachen m\u00f6glich.<\/span><\/li>\n<\/ul>\n","protected":false},"excerpt":{"rendered":"<p>Psychologische Beratung\/Psychotherapie Psychologische Beratung bzw. Psychotherapie hilft zum Beispiel bei Verlust von Freude und Spa\u00df am Leben diffusen \u00c4ngsten oder Zw\u00e4ngen mangelndem Selbstwertgef\u00fchl Umgang mit Erkrankungen Lebenskrisen Sinnkrisen schlimmen Trennungen &#8230;<\/p>\n","protected":false},"author":1,"featured_media":0,"parent":0,"menu_order":0,"comment_status":"closed","ping_status":"closed","template":"","meta":{"footnotes":""},"class_list":["post-1644","page","type-page","status-publish","hentry"],"yoast_head":"<!-- This site is optimized with the Yoast SEO plugin v27.4 - https:\/\/yoast.com\/product\/yoast-seo-wordpress\/ -->\n<title>Psychotherapie - Coachingpraxis Kristina Sch\u00f6nberger<\/title>\n<meta name=\"robots\" content=\"index, follow, max-snippet:-1, max-image-preview:large, max-video-preview:-1\" \/>\n<link rel=\"canonical\" href=\"https:\/\/schoenberger-coaching.de\/home\/psychologische-beratung\/\" \/>\n<meta property=\"og:locale\" content=\"de_DE\" \/>\n<meta property=\"og:type\" content=\"article\" \/>\n<meta property=\"og:title\" content=\"Psychotherapie - Coachingpraxis Kristina Sch\u00f6nberger\" \/>\n<meta property=\"og:description\" content=\"Psychologische Beratung\/Psychotherapie Psychologische Beratung bzw. Psychotherapie hilft zum Beispiel bei Verlust von Freude und Spa\u00df am Leben diffusen \u00c4ngsten oder Zw\u00e4ngen mangelndem Selbstwertgef\u00fchl Umgang mit Erkrankungen Lebenskrisen Sinnkrisen schlimmen Trennungen ...\" \/>\n<meta property=\"og:url\" content=\"https:\/\/schoenberger-coaching.de\/home\/psychologische-beratung\/\" \/>\n<meta property=\"og:site_name\" content=\"Coachingpraxis Kristina Sch\u00f6nberger\" \/>\n<meta property=\"article:modified_time\" content=\"2022-01-24T12:13:09+00:00\" \/>\n<meta name=\"twitter:card\" content=\"summary_large_image\" \/>\n<meta name=\"twitter:label1\" content=\"Gesch\u00e4tzte Lesezeit\" \/>\n\t<meta name=\"twitter:data1\" content=\"2\u00a0Minuten\" \/>\n<script type=\"application\/ld+json\" class=\"yoast-schema-graph\">{\"@context\":\"https:\\\/\\\/schema.org\",\"@graph\":[{\"@type\":\"WebPage\",\"@id\":\"https:\\\/\\\/schoenberger-coaching.de\\\/home\\\/psychologische-beratung\\\/\",\"url\":\"https:\\\/\\\/schoenberger-coaching.de\\\/home\\\/psychologische-beratung\\\/\",\"name\":\"Psychotherapie - Coachingpraxis Kristina Sch\u00f6nberger\",\"isPartOf\":{\"@id\":\"https:\\\/\\\/schoenberger-coaching.de\\\/home\\\/#website\"},\"datePublished\":\"2020-04-14T14:17:40+00:00\",\"dateModified\":\"2022-01-24T12:13:09+00:00\",\"breadcrumb\":{\"@id\":\"https:\\\/\\\/schoenberger-coaching.de\\\/home\\\/psychologische-beratung\\\/#breadcrumb\"},\"inLanguage\":\"de\",\"potentialAction\":[{\"@type\":\"ReadAction\",\"target\":[\"https:\\\/\\\/schoenberger-coaching.de\\\/home\\\/psychologische-beratung\\\/\"]}]},{\"@type\":\"BreadcrumbList\",\"@id\":\"https:\\\/\\\/schoenberger-coaching.de\\\/home\\\/psychologische-beratung\\\/#breadcrumb\",\"itemListElement\":[{\"@type\":\"ListItem\",\"position\":1,\"name\":\"Startseite\",\"item\":\"https:\\\/\\\/schoenberger-coaching.de\\\/home\\\/\"},{\"@type\":\"ListItem\",\"position\":2,\"name\":\"Psychotherapie\"}]},{\"@type\":\"WebSite\",\"@id\":\"https:\\\/\\\/schoenberger-coaching.de\\\/home\\\/#website\",\"url\":\"https:\\\/\\\/schoenberger-coaching.de\\\/home\\\/\",\"name\":\"Coachingpraxis Kristina Sch\u00f6nberger\",\"description\":\"Coaching, Paarberatung, Mediation, Seminare\",\"publisher\":{\"@id\":\"https:\\\/\\\/schoenberger-coaching.de\\\/home\\\/#\\\/schema\\\/person\\\/5ec18b20c82f996a5877e34b61131e53\"},\"potentialAction\":[{\"@type\":\"SearchAction\",\"target\":{\"@type\":\"EntryPoint\",\"urlTemplate\":\"https:\\\/\\\/schoenberger-coaching.de\\\/home\\\/?s={search_term_string}\"},\"query-input\":{\"@type\":\"PropertyValueSpecification\",\"valueRequired\":true,\"valueName\":\"search_term_string\"}}],\"inLanguage\":\"de\"},{\"@type\":[\"Person\",\"Organization\"],\"@id\":\"https:\\\/\\\/schoenberger-coaching.de\\\/home\\\/#\\\/schema\\\/person\\\/5ec18b20c82f996a5877e34b61131e53\",\"name\":\"Schoenberger\",\"image\":{\"@type\":\"ImageObject\",\"inLanguage\":\"de\",\"@id\":\"https:\\\/\\\/schoenberger-coaching.de\\\/wp-content\\\/uploads\\\/2020\\\/06\\\/logo_neu_coaching-e1593607998877.jpg\",\"url\":\"https:\\\/\\\/schoenberger-coaching.de\\\/wp-content\\\/uploads\\\/2020\\\/06\\\/logo_neu_coaching-e1593607998877.jpg\",\"contentUrl\":\"https:\\\/\\\/schoenberger-coaching.de\\\/wp-content\\\/uploads\\\/2020\\\/06\\\/logo_neu_coaching-e1593607998877.jpg\",\"width\":300,\"height\":89,\"caption\":\"Schoenberger\"},\"logo\":{\"@id\":\"https:\\\/\\\/schoenberger-coaching.de\\\/wp-content\\\/uploads\\\/2020\\\/06\\\/logo_neu_coaching-e1593607998877.jpg\"}}]}<\/script>\n<!-- \/ Yoast SEO plugin. -->","yoast_head_json":{"title":"Psychotherapie - Coachingpraxis Kristina Sch\u00f6nberger","robots":{"index":"index","follow":"follow","max-snippet":"max-snippet:-1","max-image-preview":"max-image-preview:large","max-video-preview":"max-video-preview:-1"},"canonical":"https:\/\/schoenberger-coaching.de\/home\/psychologische-beratung\/","og_locale":"de_DE","og_type":"article","og_title":"Psychotherapie - Coachingpraxis Kristina Sch\u00f6nberger","og_description":"Psychologische Beratung\/Psychotherapie Psychologische Beratung bzw. Psychotherapie hilft zum Beispiel bei Verlust von Freude und Spa\u00df am Leben diffusen \u00c4ngsten oder Zw\u00e4ngen mangelndem Selbstwertgef\u00fchl Umgang mit Erkrankungen Lebenskrisen Sinnkrisen schlimmen Trennungen ...","og_url":"https:\/\/schoenberger-coaching.de\/home\/psychologische-beratung\/","og_site_name":"Coachingpraxis Kristina Sch\u00f6nberger","article_modified_time":"2022-01-24T12:13:09+00:00","twitter_card":"summary_large_image","twitter_misc":{"Gesch\u00e4tzte Lesezeit":"2\u00a0Minuten"},"schema":{"@context":"https:\/\/schema.org","@graph":[{"@type":"WebPage","@id":"https:\/\/schoenberger-coaching.de\/home\/psychologische-beratung\/","url":"https:\/\/schoenberger-coaching.de\/home\/psychologische-beratung\/","name":"Psychotherapie - Coachingpraxis Kristina Sch\u00f6nberger","isPartOf":{"@id":"https:\/\/schoenberger-coaching.de\/home\/#website"},"datePublished":"2020-04-14T14:17:40+00:00","dateModified":"2022-01-24T12:13:09+00:00","breadcrumb":{"@id":"https:\/\/schoenberger-coaching.de\/home\/psychologische-beratung\/#breadcrumb"},"inLanguage":"de","potentialAction":[{"@type":"ReadAction","target":["https:\/\/schoenberger-coaching.de\/home\/psychologische-beratung\/"]}]},{"@type":"BreadcrumbList","@id":"https:\/\/schoenberger-coaching.de\/home\/psychologische-beratung\/#breadcrumb","itemListElement":[{"@type":"ListItem","position":1,"name":"Startseite","item":"https:\/\/schoenberger-coaching.de\/home\/"},{"@type":"ListItem","position":2,"name":"Psychotherapie"}]},{"@type":"WebSite","@id":"https:\/\/schoenberger-coaching.de\/home\/#website","url":"https:\/\/schoenberger-coaching.de\/home\/","name":"Coachingpraxis Kristina Sch\u00f6nberger","description":"Coaching, Paarberatung, Mediation, Seminare","publisher":{"@id":"https:\/\/schoenberger-coaching.de\/home\/#\/schema\/person\/5ec18b20c82f996a5877e34b61131e53"},"potentialAction":[{"@type":"SearchAction","target":{"@type":"EntryPoint","urlTemplate":"https:\/\/schoenberger-coaching.de\/home\/?s={search_term_string}"},"query-input":{"@type":"PropertyValueSpecification","valueRequired":true,"valueName":"search_term_string"}}],"inLanguage":"de"},{"@type":["Person","Organization"],"@id":"https:\/\/schoenberger-coaching.de\/home\/#\/schema\/person\/5ec18b20c82f996a5877e34b61131e53","name":"Schoenberger","image":{"@type":"ImageObject","inLanguage":"de","@id":"https:\/\/schoenberger-coaching.de\/wp-content\/uploads\/2020\/06\/logo_neu_coaching-e1593607998877.jpg","url":"https:\/\/schoenberger-coaching.de\/wp-content\/uploads\/2020\/06\/logo_neu_coaching-e1593607998877.jpg","contentUrl":"https:\/\/schoenberger-coaching.de\/wp-content\/uploads\/2020\/06\/logo_neu_coaching-e1593607998877.jpg","width":300,"height":89,"caption":"Schoenberger"},"logo":{"@id":"https:\/\/schoenberger-coaching.de\/wp-content\/uploads\/2020\/06\/logo_neu_coaching-e1593607998877.jpg"}}]}},"_links":{"self":[{"href":"https:\/\/schoenberger-coaching.de\/home\/wp-json\/wp\/v2\/pages\/1644","targetHints":{"allow":["GET"]}}],"collection":[{"href":"https:\/\/schoenberger-coaching.de\/home\/wp-json\/wp\/v2\/pages"}],"about":[{"href":"https:\/\/schoenberger-coaching.de\/home\/wp-json\/wp\/v2\/types\/page"}],"author":[{"embeddable":true,"href":"https:\/\/schoenberger-coaching.de\/home\/wp-json\/wp\/v2\/users\/1"}],"replies":[{"embeddable":true,"href":"https:\/\/schoenberger-coaching.de\/home\/wp-json\/wp\/v2\/comments?post=1644"}],"version-history":[{"count":12,"href":"https:\/\/schoenberger-coaching.de\/home\/wp-json\/wp\/v2\/pages\/1644\/revisions"}],"predecessor-version":[{"id":2166,"href":"https:\/\/schoenberger-coaching.de\/home\/wp-json\/wp\/v2\/pages\/1644\/revisions\/2166"}],"wp:attachment":[{"href":"https:\/\/schoenberger-coaching.de\/home\/wp-json\/wp\/v2\/media?parent=1644"}],"curies":[{"name":"wp","href":"https:\/\/api.w.org\/{rel}","templated":true}]}}