{"id":1686,"date":"2020-04-14T17:27:30","date_gmt":"2020-04-14T15:27:30","guid":{"rendered":"http:\/\/schoenberger-coaching.de\/?page_id=1686"},"modified":"2022-01-31T17:53:44","modified_gmt":"2022-01-31T16:53:44","slug":"firmenangebote","status":"publish","type":"page","link":"https:\/\/schoenberger-coaching.de\/home\/firmenangebote\/","title":{"rendered":"F\u00fcr Firmen"},"content":{"rendered":"<div id=\"element-ce_23056801f558ff526cdd94723897f589297f3cc8b75868cab016cd88da2de3c6\" class=\"fc-image-collapse-violet fc-image-collapse-with-image curo-element element-imagecollapse\">\r\n<div class=\"fc-ic-content\">\r\n<div id=\"element-ce_b0e56091297a10de0f83200c92fd1e745becf156059f54b39ecb6f2f04bc6386\" class=\"curo-element-text curo-element curo-element-text\">\r\n<h2><span style=\"color: #993300; font-size: 24pt;\">Stress und psychische Probleme sind eine der Hauptursachen f\u00fcr Arbeitsunf\u00e4higkeit.<\/span><\/h2>\r\n<p><span style=\"color: #000000; font-size: 12pt;\"><strong> <br \/><\/strong>Die zunehmenden Zahlen sprechen eine deutliche Sprache. Diese f\u00fchren in der Regel zu langen Fehlzeiten und somit zu hohen Kosten f\u00fcr Ihr Unternehmen. Ich unterst\u00fctze Ihre Mitarbeiterinnen darin, ihre Themen und Fragen zeitnah zu kl\u00e4ren, und gut und effektiv mit psychischen Belastungen umgehen zu k\u00f6nnen.<\/span><\/p>\r\n<p>&nbsp;<\/p>\r\n<\/div>\r\n<\/div>\r\n<\/div>\r\n<p><span style=\"font-size: 12pt;\"><strong>B<span style=\"color: #000000;\">etriebliche Gesundheitsma\u00dfnahmen als Teil des betrieblichen Gesundheitsmanagements<\/span><\/strong><\/span><\/p>\r\n<p><span style=\"color: #000000; font-size: 12pt;\">Nutzen Sie die steuerliche Unterst\u00fctzung der F\u00f6rderung der Mitarbeitergesundheit.<br \/>Pro Jahr k\u00f6nnen Sie pro Mitarbeiter 500 Euro lohnsteuerfrei f\u00fcr <strong>Ma\u00dfnahmen der Gesundheitsf\u00f6rderung<\/strong> investieren. Es werden Ma\u00dfnahmen steuerbefreit, die hinsichtlich Qualit\u00e4t, Zweckbindung und Zielgerichtetheit den Anforderungen der \u00a7\u00a7 20 und 20a Abs. 1 i. V. mit \u00a7 20 Abs. 1 Satz 3 SGB V gen\u00fcgen. Hierzu z\u00e4hlen u. a.<\/span><\/p>\r\n<ul>\r\n<li><span style=\"font-size: 12pt;\">\u00a0<strong>Stressbew\u00e4ltigung und Entspannung<\/strong><\/span><\/li>\r\n<li><span style=\"font-size: 12pt;\"><strong>F\u00fchrungskr\u00e4ftetraining zur Konfliktbew\u00e4ltigung<br \/><\/strong><\/span><\/li>\r\n<\/ul>\r\n<p class=\"has-drop-cap has-normal-font-size\"><span style=\"font-size: 12pt;\"><span style=\"color: #000000;\"><strong>Ich begleite Ihre Mitarbeiterinnen und Teams mit ehrlichem Interesse<\/strong> <strong>und Einf\u00fchlungsverm\u00f6gen,<\/strong><\/span> <span style=\"color: #000000;\"><strong>mit langj\u00e4hriger Analyse- und Methodenkompetenz und viel Engagement. <\/strong><\/span><\/span><\/p>\r\n<p><span style=\"color: #000000; font-size: 12pt;\"><!-- \/wp:post-content -->\r\n\r\n<!-- wp:image {\"align\":\"right\",\"id\":1571,\"sizeSlug\":\"thumbnail\"} --><\/span><\/p>\r\n<div class=\"wp-block-image\">\r\n<figure class=\"alignright size-thumbnail\"><span style=\"color: #000000; font-size: 12pt;\"><img decoding=\"async\" class=\"wp-image-1571\" src=\"http:\/\/schoenberger-coaching.de\/wp-content\/uploads\/2020\/04\/Sch\u00f6nberger-Kristina-2-1-150x150.jpg\" alt=\"\" \/><\/span><\/figure>\r\n<\/div>\r\n<p><span style=\"font-size: 12pt;\"><span style=\"color: #000000;\"><!-- \/wp:image -->\r\n\r\n<!-- wp:paragraph --><\/span> \u00a0 <span style=\"color: #000000;\"><!-- \/wp:paragraph -->\r\n\r\n<!-- wp:paragraph --><\/span> <span style=\"color: #000000;\"><strong>Meine Angebote f\u00fcr Sie und\/oder Ihre Mitarbeiterinnen und Mitarbeiter: <\/strong><\/span> <span style=\"color: #000000;\"><!-- \/wp:paragraph -->\r\n\r\n<!-- wp:list --><\/span><\/span><\/p>\r\n<ul>\r\n<li><span class=\"tadv-color\" style=\"color: #000000; font-size: 12pt;\">Einzel- und Teamberatung<\/span><\/li>\r\n<li><span class=\"tadv-color\" style=\"color: #000000; font-size: 12pt;\">Coaching, Berufliches Coaching, z. B. bei Leitungsproblemen<\/span><\/li>\r\n<li><span class=\"tadv-color\" style=\"color: #000000; font-size: 12pt;\">Mediation f\u00fcr Teams<\/span><\/li>\r\n<li><span style=\"color: #000000; font-size: 12pt;\">Begleitung beim Wiedereinstieg\/Aufstieg<\/span><\/li>\r\n<li><span style=\"color: #000000; font-size: 12pt;\">Bei drohendem Burn-Out oder beim Wiedereinstieg nach Burnout<\/span><\/li>\r\n<li><span style=\"color: #000000; font-size: 12pt;\">Beim Umgang mit Stress\/Stressbew\u00e4ltigung\/Resilienz<\/span><\/li>\r\n<li><span class=\"tadv-color\" style=\"color: #000000; font-size: 12pt;\">Entspannungstherapie f\u00fcr Einzelne und Gruppen (Autogenes Training und Progressive Muskelrelaxation nach Jacobsen)<\/span><\/li>\r\n<li><span class=\"tadv-color\" style=\"color: #000000; font-size: 12pt;\">Moderation von Zukunftswerkst\u00e4tten oder schwierigen Konfliktgespr\u00e4chen<\/span><\/li>\r\n<li><span class=\"tadv-color\" style=\"color: #000000; font-size: 12pt;\">Motivationstraining\u00a0<\/span><\/li>\r\n<li><span class=\"tadv-color\" style=\"color: #000000; font-size: 12pt;\">Kommunikationstraining f\u00fcr Einzelne und Gruppen\/Teams (Grundlagen, Verschiedene Modelle, Aktives Zuh\u00f6ren, Konfliktgespr\u00e4che, Mediation)<\/span><\/li>\r\n<li><span style=\"color: #000000; font-size: 12pt;\">Sozialberatung<\/span><\/li>\r\n<li><span style=\"color: #000000; font-size: 12pt;\">Seminare\/Vortr\u00e4ge zu den Themen Stress\/Stressbew\u00e4ltigung\/Resilienz, Entspannung, Work-Life-Balance<\/span><\/li>\r\n<\/ul>\r\n<p><span style=\"font-size: 12pt;\"><span style=\"color: #000000;\"><!-- \/wp:list -->\r\n\r\n<!-- wp:paragraph --><\/span> <span style=\"color: #000000;\"><!-- \/wp:paragraph -->\r\n\r\n<!-- wp:paragraph --><\/span> <span style=\"color: #000000;\"><strong>Was mich auszeichnet: <\/strong><\/span> <span style=\"color: #000000;\"><!-- \/wp:paragraph -->\r\n\r\n<!-- wp:list --><\/span><\/span><\/p>\r\n<ul>\r\n<li><span class=\"tadv-color\" style=\"color: #000000; font-size: 12pt;\">langj\u00e4hrige Berufs- und Beratungserfahrung in unterschiedlichen T\u00e4tigkeitsfeldern und Organisationen<\/span><\/li>\r\n<li><span class=\"tadv-color\" style=\"color: #000000; font-size: 12pt;\">fundierte theoretische Kenntnisse aus verschiedenen langj\u00e4hrigen Fortbildungen<\/span><\/li>\r\n<li><span class=\"tadv-color\" style=\"color: #000000; font-size: 12pt;\">vertragsorientierter Ansatz, das hei\u00dft eng an Ihren Anliegen orientiert<\/span><\/li>\r\n<li><span class=\"tadv-color\" style=\"color: #000000; font-size: 12pt;\">analytisches <em>und<\/em> systemisches Denken<\/span><\/li>\r\n<li><span class=\"tadv-color\" style=\"color: #000000; font-size: 12pt;\">strukturiertes und l\u00f6sungsorientiertes Vorgehen<\/span><\/li>\r\n<li><span class=\"tadv-color\" style=\"color: #000000; font-size: 12pt;\">Zehn Jahre Leitung von Kooperationsprojekten zwischen Industriefirmen, technischen Hochschulen und Gymnasien im Auftrag eines Industrieverbands in enger Zusammenarbeit mit Mitarbeiter\/innen und Verantwortlichen der Firmen der Metall- und Elektroindustrie, von Gymnasien und Hochschulen<\/span><\/li>\r\n<li><span class=\"tadv-color\" style=\"color: #000000; font-size: 12pt;\">Zehn Jahre Leitung von Kursen zur Vermittlung und Begleitung von Teilnehmer\/innen in Firmen verschiedener Branchen<\/span><\/li>\r\n<li><span class=\"tadv-color\" style=\"color: #000000; font-size: 12pt;\">F\u00fcnf Jahre Leitung eines Jugendhauses mit Zivi und drei\u00dfig Ehrenamtlichen<\/span><\/li>\r\n<\/ul>\r\n<p><span style=\"font-size: 12pt;\"><span style=\"color: #000000;\"><!-- \/wp:list -->\r\n\r\n<!-- wp:paragraph \/-->\r\n\r\n<!-- wp:paragraph --><\/span> <strong><span class=\"tadv-color\" style=\"color: #000000;\">Vertraulichkeit ist selbstverst\u00e4ndlich<\/span><\/strong> <strong><span style=\"color: #000000;\"><!-- \/wp:paragraph -->\r\n\r\n<!-- wp:paragraph --><\/span><\/strong> <strong><span style=\"color: #000000;\"><span class=\"tadv-color\">Qualit\u00e4tssicherung durch<\/span> <span class=\"tadv-color\">regelm\u00e4\u00dfige Intervision und Supervision (d. h. Reflektion der beruflichen T\u00e4tigkeit durch KollegInnen)<\/span><\/span><\/strong> <span style=\"color: #000000;\"><strong>Kontakt: Pers\u00f6nlich, telefonisch oder online &#8211; bitte mailen Sie mir.\u00a0<\/strong><\/span><\/span><\/p>","protected":false},"excerpt":{"rendered":"<p>Stress und psychische Probleme sind eine der Hauptursachen f\u00fcr Arbeitsunf\u00e4higkeit. Die zunehmenden Zahlen sprechen eine deutliche Sprache. Diese f\u00fchren in der Regel zu langen Fehlzeiten und somit zu hohen Kosten &#8230;<\/p>\n","protected":false},"author":1,"featured_media":0,"parent":0,"menu_order":0,"comment_status":"closed","ping_status":"closed","template":"","meta":{"footnotes":""},"class_list":["post-1686","page","type-page","status-publish","hentry"],"yoast_head":"<!-- This site is optimized with the Yoast SEO plugin v27.5 - https:\/\/yoast.com\/product\/yoast-seo-wordpress\/ -->\n<title>F\u00fcr Firmen - Coachingpraxis Kristina Sch\u00f6nberger<\/title>\n<meta name=\"robots\" content=\"index, follow, max-snippet:-1, max-image-preview:large, max-video-preview:-1\" \/>\n<link rel=\"canonical\" href=\"https:\/\/schoenberger-coaching.de\/home\/firmenangebote\/\" \/>\n<meta property=\"og:locale\" content=\"de_DE\" \/>\n<meta property=\"og:type\" content=\"article\" \/>\n<meta property=\"og:title\" content=\"F\u00fcr Firmen - Coachingpraxis Kristina Sch\u00f6nberger\" \/>\n<meta property=\"og:description\" content=\"Stress und psychische Probleme sind eine der Hauptursachen f\u00fcr Arbeitsunf\u00e4higkeit. Die zunehmenden Zahlen sprechen eine deutliche Sprache. Diese f\u00fchren in der Regel zu langen Fehlzeiten und somit zu hohen Kosten ...\" \/>\n<meta property=\"og:url\" content=\"https:\/\/schoenberger-coaching.de\/home\/firmenangebote\/\" \/>\n<meta property=\"og:site_name\" content=\"Coachingpraxis Kristina Sch\u00f6nberger\" \/>\n<meta property=\"article:modified_time\" content=\"2022-01-31T16:53:44+00:00\" \/>\n<meta property=\"og:image\" content=\"http:\/\/schoenberger-coaching.de\/wp-content\/uploads\/2020\/04\/Sch\u00f6nberger-Kristina-2-1-150x150.jpg\" \/>\n<meta name=\"twitter:card\" content=\"summary_large_image\" \/>\n<meta name=\"twitter:label1\" content=\"Gesch\u00e4tzte Lesezeit\" \/>\n\t<meta name=\"twitter:data1\" content=\"2\u00a0Minuten\" \/>\n<script type=\"application\/ld+json\" class=\"yoast-schema-graph\">{\"@context\":\"https:\\\/\\\/schema.org\",\"@graph\":[{\"@type\":\"WebPage\",\"@id\":\"https:\\\/\\\/schoenberger-coaching.de\\\/home\\\/firmenangebote\\\/\",\"url\":\"https:\\\/\\\/schoenberger-coaching.de\\\/home\\\/firmenangebote\\\/\",\"name\":\"F\u00fcr Firmen - Coachingpraxis Kristina Sch\u00f6nberger\",\"isPartOf\":{\"@id\":\"https:\\\/\\\/schoenberger-coaching.de\\\/home\\\/#website\"},\"datePublished\":\"2020-04-14T15:27:30+00:00\",\"dateModified\":\"2022-01-31T16:53:44+00:00\",\"breadcrumb\":{\"@id\":\"https:\\\/\\\/schoenberger-coaching.de\\\/home\\\/firmenangebote\\\/#breadcrumb\"},\"inLanguage\":\"de\",\"potentialAction\":[{\"@type\":\"ReadAction\",\"target\":[\"https:\\\/\\\/schoenberger-coaching.de\\\/home\\\/firmenangebote\\\/\"]}]},{\"@type\":\"BreadcrumbList\",\"@id\":\"https:\\\/\\\/schoenberger-coaching.de\\\/home\\\/firmenangebote\\\/#breadcrumb\",\"itemListElement\":[{\"@type\":\"ListItem\",\"position\":1,\"name\":\"Startseite\",\"item\":\"https:\\\/\\\/schoenberger-coaching.de\\\/home\\\/\"},{\"@type\":\"ListItem\",\"position\":2,\"name\":\"F\u00fcr Firmen\"}]},{\"@type\":\"WebSite\",\"@id\":\"https:\\\/\\\/schoenberger-coaching.de\\\/home\\\/#website\",\"url\":\"https:\\\/\\\/schoenberger-coaching.de\\\/home\\\/\",\"name\":\"Coachingpraxis Kristina Sch\u00f6nberger\",\"description\":\"Coaching, Paarberatung, Mediation, Seminare\",\"publisher\":{\"@id\":\"https:\\\/\\\/schoenberger-coaching.de\\\/home\\\/#\\\/schema\\\/person\\\/5ec18b20c82f996a5877e34b61131e53\"},\"potentialAction\":[{\"@type\":\"SearchAction\",\"target\":{\"@type\":\"EntryPoint\",\"urlTemplate\":\"https:\\\/\\\/schoenberger-coaching.de\\\/home\\\/?s={search_term_string}\"},\"query-input\":{\"@type\":\"PropertyValueSpecification\",\"valueRequired\":true,\"valueName\":\"search_term_string\"}}],\"inLanguage\":\"de\"},{\"@type\":[\"Person\",\"Organization\"],\"@id\":\"https:\\\/\\\/schoenberger-coaching.de\\\/home\\\/#\\\/schema\\\/person\\\/5ec18b20c82f996a5877e34b61131e53\",\"name\":\"Schoenberger\",\"image\":{\"@type\":\"ImageObject\",\"inLanguage\":\"de\",\"@id\":\"https:\\\/\\\/schoenberger-coaching.de\\\/wp-content\\\/uploads\\\/2020\\\/06\\\/logo_neu_coaching-e1593607998877.jpg\",\"url\":\"https:\\\/\\\/schoenberger-coaching.de\\\/wp-content\\\/uploads\\\/2020\\\/06\\\/logo_neu_coaching-e1593607998877.jpg\",\"contentUrl\":\"https:\\\/\\\/schoenberger-coaching.de\\\/wp-content\\\/uploads\\\/2020\\\/06\\\/logo_neu_coaching-e1593607998877.jpg\",\"width\":300,\"height\":89,\"caption\":\"Schoenberger\"},\"logo\":{\"@id\":\"https:\\\/\\\/schoenberger-coaching.de\\\/wp-content\\\/uploads\\\/2020\\\/06\\\/logo_neu_coaching-e1593607998877.jpg\"}}]}<\/script>\n<!-- \/ Yoast SEO plugin. -->","yoast_head_json":{"title":"F\u00fcr Firmen - Coachingpraxis Kristina Sch\u00f6nberger","robots":{"index":"index","follow":"follow","max-snippet":"max-snippet:-1","max-image-preview":"max-image-preview:large","max-video-preview":"max-video-preview:-1"},"canonical":"https:\/\/schoenberger-coaching.de\/home\/firmenangebote\/","og_locale":"de_DE","og_type":"article","og_title":"F\u00fcr Firmen - Coachingpraxis Kristina Sch\u00f6nberger","og_description":"Stress und psychische Probleme sind eine der Hauptursachen f\u00fcr Arbeitsunf\u00e4higkeit. Die zunehmenden Zahlen sprechen eine deutliche Sprache. Diese f\u00fchren in der Regel zu langen Fehlzeiten und somit zu hohen Kosten ...","og_url":"https:\/\/schoenberger-coaching.de\/home\/firmenangebote\/","og_site_name":"Coachingpraxis Kristina Sch\u00f6nberger","article_modified_time":"2022-01-31T16:53:44+00:00","og_image":[{"url":"http:\/\/schoenberger-coaching.de\/wp-content\/uploads\/2020\/04\/Sch\u00f6nberger-Kristina-2-1-150x150.jpg","type":"","width":"","height":""}],"twitter_card":"summary_large_image","twitter_misc":{"Gesch\u00e4tzte Lesezeit":"2\u00a0Minuten"},"schema":{"@context":"https:\/\/schema.org","@graph":[{"@type":"WebPage","@id":"https:\/\/schoenberger-coaching.de\/home\/firmenangebote\/","url":"https:\/\/schoenberger-coaching.de\/home\/firmenangebote\/","name":"F\u00fcr Firmen - Coachingpraxis Kristina Sch\u00f6nberger","isPartOf":{"@id":"https:\/\/schoenberger-coaching.de\/home\/#website"},"datePublished":"2020-04-14T15:27:30+00:00","dateModified":"2022-01-31T16:53:44+00:00","breadcrumb":{"@id":"https:\/\/schoenberger-coaching.de\/home\/firmenangebote\/#breadcrumb"},"inLanguage":"de","potentialAction":[{"@type":"ReadAction","target":["https:\/\/schoenberger-coaching.de\/home\/firmenangebote\/"]}]},{"@type":"BreadcrumbList","@id":"https:\/\/schoenberger-coaching.de\/home\/firmenangebote\/#breadcrumb","itemListElement":[{"@type":"ListItem","position":1,"name":"Startseite","item":"https:\/\/schoenberger-coaching.de\/home\/"},{"@type":"ListItem","position":2,"name":"F\u00fcr Firmen"}]},{"@type":"WebSite","@id":"https:\/\/schoenberger-coaching.de\/home\/#website","url":"https:\/\/schoenberger-coaching.de\/home\/","name":"Coachingpraxis Kristina Sch\u00f6nberger","description":"Coaching, Paarberatung, Mediation, Seminare","publisher":{"@id":"https:\/\/schoenberger-coaching.de\/home\/#\/schema\/person\/5ec18b20c82f996a5877e34b61131e53"},"potentialAction":[{"@type":"SearchAction","target":{"@type":"EntryPoint","urlTemplate":"https:\/\/schoenberger-coaching.de\/home\/?s={search_term_string}"},"query-input":{"@type":"PropertyValueSpecification","valueRequired":true,"valueName":"search_term_string"}}],"inLanguage":"de"},{"@type":["Person","Organization"],"@id":"https:\/\/schoenberger-coaching.de\/home\/#\/schema\/person\/5ec18b20c82f996a5877e34b61131e53","name":"Schoenberger","image":{"@type":"ImageObject","inLanguage":"de","@id":"https:\/\/schoenberger-coaching.de\/wp-content\/uploads\/2020\/06\/logo_neu_coaching-e1593607998877.jpg","url":"https:\/\/schoenberger-coaching.de\/wp-content\/uploads\/2020\/06\/logo_neu_coaching-e1593607998877.jpg","contentUrl":"https:\/\/schoenberger-coaching.de\/wp-content\/uploads\/2020\/06\/logo_neu_coaching-e1593607998877.jpg","width":300,"height":89,"caption":"Schoenberger"},"logo":{"@id":"https:\/\/schoenberger-coaching.de\/wp-content\/uploads\/2020\/06\/logo_neu_coaching-e1593607998877.jpg"}}]}},"_links":{"self":[{"href":"https:\/\/schoenberger-coaching.de\/home\/wp-json\/wp\/v2\/pages\/1686","targetHints":{"allow":["GET"]}}],"collection":[{"href":"https:\/\/schoenberger-coaching.de\/home\/wp-json\/wp\/v2\/pages"}],"about":[{"href":"https:\/\/schoenberger-coaching.de\/home\/wp-json\/wp\/v2\/types\/page"}],"author":[{"embeddable":true,"href":"https:\/\/schoenberger-coaching.de\/home\/wp-json\/wp\/v2\/users\/1"}],"replies":[{"embeddable":true,"href":"https:\/\/schoenberger-coaching.de\/home\/wp-json\/wp\/v2\/comments?post=1686"}],"version-history":[{"count":8,"href":"https:\/\/schoenberger-coaching.de\/home\/wp-json\/wp\/v2\/pages\/1686\/revisions"}],"predecessor-version":[{"id":2256,"href":"https:\/\/schoenberger-coaching.de\/home\/wp-json\/wp\/v2\/pages\/1686\/revisions\/2256"}],"wp:attachment":[{"href":"https:\/\/schoenberger-coaching.de\/home\/wp-json\/wp\/v2\/media?parent=1686"}],"curies":[{"name":"wp","href":"https:\/\/api.w.org\/{rel}","templated":true}]}}