{"id":17,"date":"2016-02-12T08:09:36","date_gmt":"2016-02-12T08:09:36","guid":{"rendered":"http:\/\/demos.famethemes.com\/onepress\/?page_id=17"},"modified":"2022-01-31T17:38:24","modified_gmt":"2022-01-31T16:38:24","slug":"beratung","status":"publish","type":"page","link":"https:\/\/schoenberger-coaching.de\/home\/beratung\/","title":{"rendered":"F\u00fcr Einzelne"},"content":{"rendered":"<h2><span style=\"font-size: 24pt; color: #993300;\"><span style=\"font-family: Arial, Helvetica, sans-serif;\">Beratung kann Klarheit bringen, Orientierung und Neuorientierung erm\u00f6glichen, Kompetenzen und Ressourcen entfalten helfen, Zukunftsperspektiven er\u00f6ffnen.<\/span><\/span><\/h2>\n<p><strong><span style=\"font-size: 12pt; color: #000000;\">M\u00f6gliche Themen:\u00a0<\/span><\/strong><\/p>\n<ul>\n<li><span style=\"font-size: 12pt; color: #000000;\">Entscheidungsfindung<\/span><\/li>\n<li><span style=\"font-size: 12pt; color: #000000;\">Belastungen abbauen<\/span><\/li>\n<li><span style=\"font-size: 12pt; color: #000000;\">Konfliktl\u00f6sung und Krisenmanagement<\/span><\/li>\n<li><span style=\"font-size: 12pt; color: #000000;\">Angst- und Stressbew\u00e4ltigung<\/span><\/li>\n<li><span style=\"font-size: 12pt; color: #000000;\">Pers\u00f6nlichkeitsentwicklung<\/span><\/li>\n<li><span style=\"font-size: 12pt; color: #000000;\">Partnerschafts- und Singleberatung<\/span><\/li>\n<li><span style=\"font-size: 12pt; color: #000000;\">Einschr\u00e4nkende Sichtweisen und Muster aufdecken<\/span><\/li>\n<li><span style=\"font-size: 12pt; color: #000000;\">Mobbinghilfe, Stress und Burn-out-Vermeidung<\/span><\/li>\n<\/ul>\n<p>&nbsp;<\/p>\n<p><span style=\"font-size: 12pt;\"><span style=\"color: #000000; font-family: Arial, Helvetica, sans-serif;\">Transaktionsanalytische Beratung ist unter anderem eine psychologische Methode zur Aufarbeitung und \u00dcberwindung von inneren Konflikten und anderen Problemen.<br \/>\n<\/span><span style=\"color: #000000; font-family: Arial, Helvetica, sans-serif;\">Das Hauptziel transaktionsanalytischer Beratung ist die F\u00f6rderung gr\u00f6\u00dftm\u00f6glicher Autonomie, d.h. selbst\u00e4ndig zu denken, sich frei und unabh\u00e4ngig zu f\u00fchlen und eigen- und fremdverantwortlich zu handeln. Weitere wichtige Ziele der TA sind Bewusstheit \u00fcber sich selbst, Spontaneit\u00e4t und Intimit\u00e4t leben zu k\u00f6nnen.<\/span><\/span><\/p>\n","protected":false},"excerpt":{"rendered":"<p>Nullam ut tempor eros. Donec faucibus, velit et imperdiet aliquam, lacus velit luctus urna, vitae porttitor orci libero id felis.<\/p>\n","protected":false},"author":2,"featured_media":1474,"parent":0,"menu_order":0,"comment_status":"closed","ping_status":"closed","template":"","meta":{"footnotes":""},"class_list":["post-17","page","type-page","status-publish","has-post-thumbnail","hentry"],"yoast_head":"<!-- This site is optimized with the Yoast SEO plugin v27.5 - https:\/\/yoast.com\/product\/yoast-seo-wordpress\/ -->\n<title>F\u00fcr Einzelne - Coachingpraxis Kristina Sch\u00f6nberger<\/title>\n<meta name=\"robots\" content=\"index, follow, max-snippet:-1, max-image-preview:large, max-video-preview:-1\" \/>\n<link rel=\"canonical\" href=\"https:\/\/schoenberger-coaching.de\/home\/beratung\/\" \/>\n<meta property=\"og:locale\" content=\"de_DE\" \/>\n<meta property=\"og:type\" content=\"article\" \/>\n<meta property=\"og:title\" content=\"F\u00fcr Einzelne - Coachingpraxis Kristina Sch\u00f6nberger\" \/>\n<meta property=\"og:description\" content=\"Nullam ut tempor eros. Donec faucibus, velit et imperdiet aliquam, lacus velit luctus urna, vitae porttitor orci libero id felis.\" \/>\n<meta property=\"og:url\" content=\"https:\/\/schoenberger-coaching.de\/home\/beratung\/\" \/>\n<meta property=\"og:site_name\" content=\"Coachingpraxis Kristina Sch\u00f6nberger\" \/>\n<meta property=\"article:modified_time\" content=\"2022-01-31T16:38:24+00:00\" \/>\n<meta property=\"og:image\" content=\"http:\/\/schoenberger-coaching.de\/wp-content\/uploads\/2020\/03\/tunnel.jpg\" \/>\n\t<meta property=\"og:image:width\" content=\"640\" \/>\n\t<meta property=\"og:image:height\" content=\"350\" \/>\n\t<meta property=\"og:image:type\" content=\"image\/jpeg\" \/>\n<meta name=\"twitter:card\" content=\"summary_large_image\" \/>\n<meta name=\"twitter:label1\" content=\"Gesch\u00e4tzte Lesezeit\" \/>\n\t<meta name=\"twitter:data1\" content=\"1\u00a0Minute\" \/>\n<script type=\"application\/ld+json\" class=\"yoast-schema-graph\">{\"@context\":\"https:\\\/\\\/schema.org\",\"@graph\":[{\"@type\":\"WebPage\",\"@id\":\"https:\\\/\\\/schoenberger-coaching.de\\\/home\\\/beratung\\\/\",\"url\":\"https:\\\/\\\/schoenberger-coaching.de\\\/home\\\/beratung\\\/\",\"name\":\"F\u00fcr Einzelne - Coachingpraxis Kristina Sch\u00f6nberger\",\"isPartOf\":{\"@id\":\"https:\\\/\\\/schoenberger-coaching.de\\\/home\\\/#website\"},\"primaryImageOfPage\":{\"@id\":\"https:\\\/\\\/schoenberger-coaching.de\\\/home\\\/beratung\\\/#primaryimage\"},\"image\":{\"@id\":\"https:\\\/\\\/schoenberger-coaching.de\\\/home\\\/beratung\\\/#primaryimage\"},\"thumbnailUrl\":\"https:\\\/\\\/schoenberger-coaching.de\\\/wp-content\\\/uploads\\\/2020\\\/03\\\/tunnel.jpg\",\"datePublished\":\"2016-02-12T08:09:36+00:00\",\"dateModified\":\"2022-01-31T16:38:24+00:00\",\"breadcrumb\":{\"@id\":\"https:\\\/\\\/schoenberger-coaching.de\\\/home\\\/beratung\\\/#breadcrumb\"},\"inLanguage\":\"de\",\"potentialAction\":[{\"@type\":\"ReadAction\",\"target\":[\"https:\\\/\\\/schoenberger-coaching.de\\\/home\\\/beratung\\\/\"]}]},{\"@type\":\"ImageObject\",\"inLanguage\":\"de\",\"@id\":\"https:\\\/\\\/schoenberger-coaching.de\\\/home\\\/beratung\\\/#primaryimage\",\"url\":\"https:\\\/\\\/schoenberger-coaching.de\\\/wp-content\\\/uploads\\\/2020\\\/03\\\/tunnel.jpg\",\"contentUrl\":\"https:\\\/\\\/schoenberger-coaching.de\\\/wp-content\\\/uploads\\\/2020\\\/03\\\/tunnel.jpg\",\"width\":640,\"height\":350},{\"@type\":\"BreadcrumbList\",\"@id\":\"https:\\\/\\\/schoenberger-coaching.de\\\/home\\\/beratung\\\/#breadcrumb\",\"itemListElement\":[{\"@type\":\"ListItem\",\"position\":1,\"name\":\"Startseite\",\"item\":\"https:\\\/\\\/schoenberger-coaching.de\\\/home\\\/\"},{\"@type\":\"ListItem\",\"position\":2,\"name\":\"F\u00fcr Einzelne\"}]},{\"@type\":\"WebSite\",\"@id\":\"https:\\\/\\\/schoenberger-coaching.de\\\/home\\\/#website\",\"url\":\"https:\\\/\\\/schoenberger-coaching.de\\\/home\\\/\",\"name\":\"Coachingpraxis Kristina Sch\u00f6nberger\",\"description\":\"Coaching, Paarberatung, Mediation, Seminare\",\"publisher\":{\"@id\":\"https:\\\/\\\/schoenberger-coaching.de\\\/home\\\/#\\\/schema\\\/person\\\/5ec18b20c82f996a5877e34b61131e53\"},\"potentialAction\":[{\"@type\":\"SearchAction\",\"target\":{\"@type\":\"EntryPoint\",\"urlTemplate\":\"https:\\\/\\\/schoenberger-coaching.de\\\/home\\\/?s={search_term_string}\"},\"query-input\":{\"@type\":\"PropertyValueSpecification\",\"valueRequired\":true,\"valueName\":\"search_term_string\"}}],\"inLanguage\":\"de\"},{\"@type\":[\"Person\",\"Organization\"],\"@id\":\"https:\\\/\\\/schoenberger-coaching.de\\\/home\\\/#\\\/schema\\\/person\\\/5ec18b20c82f996a5877e34b61131e53\",\"name\":\"Schoenberger\",\"image\":{\"@type\":\"ImageObject\",\"inLanguage\":\"de\",\"@id\":\"https:\\\/\\\/schoenberger-coaching.de\\\/wp-content\\\/uploads\\\/2020\\\/06\\\/logo_neu_coaching-e1593607998877.jpg\",\"url\":\"https:\\\/\\\/schoenberger-coaching.de\\\/wp-content\\\/uploads\\\/2020\\\/06\\\/logo_neu_coaching-e1593607998877.jpg\",\"contentUrl\":\"https:\\\/\\\/schoenberger-coaching.de\\\/wp-content\\\/uploads\\\/2020\\\/06\\\/logo_neu_coaching-e1593607998877.jpg\",\"width\":300,\"height\":89,\"caption\":\"Schoenberger\"},\"logo\":{\"@id\":\"https:\\\/\\\/schoenberger-coaching.de\\\/wp-content\\\/uploads\\\/2020\\\/06\\\/logo_neu_coaching-e1593607998877.jpg\"}}]}<\/script>\n<!-- \/ Yoast SEO plugin. -->","yoast_head_json":{"title":"F\u00fcr Einzelne - Coachingpraxis Kristina Sch\u00f6nberger","robots":{"index":"index","follow":"follow","max-snippet":"max-snippet:-1","max-image-preview":"max-image-preview:large","max-video-preview":"max-video-preview:-1"},"canonical":"https:\/\/schoenberger-coaching.de\/home\/beratung\/","og_locale":"de_DE","og_type":"article","og_title":"F\u00fcr Einzelne - Coachingpraxis Kristina Sch\u00f6nberger","og_description":"Nullam ut tempor eros. Donec faucibus, velit et imperdiet aliquam, lacus velit luctus urna, vitae porttitor orci libero id felis.","og_url":"https:\/\/schoenberger-coaching.de\/home\/beratung\/","og_site_name":"Coachingpraxis Kristina Sch\u00f6nberger","article_modified_time":"2022-01-31T16:38:24+00:00","og_image":[{"width":640,"height":350,"url":"http:\/\/schoenberger-coaching.de\/wp-content\/uploads\/2020\/03\/tunnel.jpg","type":"image\/jpeg"}],"twitter_card":"summary_large_image","twitter_misc":{"Gesch\u00e4tzte Lesezeit":"1\u00a0Minute"},"schema":{"@context":"https:\/\/schema.org","@graph":[{"@type":"WebPage","@id":"https:\/\/schoenberger-coaching.de\/home\/beratung\/","url":"https:\/\/schoenberger-coaching.de\/home\/beratung\/","name":"F\u00fcr Einzelne - Coachingpraxis Kristina Sch\u00f6nberger","isPartOf":{"@id":"https:\/\/schoenberger-coaching.de\/home\/#website"},"primaryImageOfPage":{"@id":"https:\/\/schoenberger-coaching.de\/home\/beratung\/#primaryimage"},"image":{"@id":"https:\/\/schoenberger-coaching.de\/home\/beratung\/#primaryimage"},"thumbnailUrl":"https:\/\/schoenberger-coaching.de\/wp-content\/uploads\/2020\/03\/tunnel.jpg","datePublished":"2016-02-12T08:09:36+00:00","dateModified":"2022-01-31T16:38:24+00:00","breadcrumb":{"@id":"https:\/\/schoenberger-coaching.de\/home\/beratung\/#breadcrumb"},"inLanguage":"de","potentialAction":[{"@type":"ReadAction","target":["https:\/\/schoenberger-coaching.de\/home\/beratung\/"]}]},{"@type":"ImageObject","inLanguage":"de","@id":"https:\/\/schoenberger-coaching.de\/home\/beratung\/#primaryimage","url":"https:\/\/schoenberger-coaching.de\/wp-content\/uploads\/2020\/03\/tunnel.jpg","contentUrl":"https:\/\/schoenberger-coaching.de\/wp-content\/uploads\/2020\/03\/tunnel.jpg","width":640,"height":350},{"@type":"BreadcrumbList","@id":"https:\/\/schoenberger-coaching.de\/home\/beratung\/#breadcrumb","itemListElement":[{"@type":"ListItem","position":1,"name":"Startseite","item":"https:\/\/schoenberger-coaching.de\/home\/"},{"@type":"ListItem","position":2,"name":"F\u00fcr Einzelne"}]},{"@type":"WebSite","@id":"https:\/\/schoenberger-coaching.de\/home\/#website","url":"https:\/\/schoenberger-coaching.de\/home\/","name":"Coachingpraxis Kristina Sch\u00f6nberger","description":"Coaching, Paarberatung, Mediation, Seminare","publisher":{"@id":"https:\/\/schoenberger-coaching.de\/home\/#\/schema\/person\/5ec18b20c82f996a5877e34b61131e53"},"potentialAction":[{"@type":"SearchAction","target":{"@type":"EntryPoint","urlTemplate":"https:\/\/schoenberger-coaching.de\/home\/?s={search_term_string}"},"query-input":{"@type":"PropertyValueSpecification","valueRequired":true,"valueName":"search_term_string"}}],"inLanguage":"de"},{"@type":["Person","Organization"],"@id":"https:\/\/schoenberger-coaching.de\/home\/#\/schema\/person\/5ec18b20c82f996a5877e34b61131e53","name":"Schoenberger","image":{"@type":"ImageObject","inLanguage":"de","@id":"https:\/\/schoenberger-coaching.de\/wp-content\/uploads\/2020\/06\/logo_neu_coaching-e1593607998877.jpg","url":"https:\/\/schoenberger-coaching.de\/wp-content\/uploads\/2020\/06\/logo_neu_coaching-e1593607998877.jpg","contentUrl":"https:\/\/schoenberger-coaching.de\/wp-content\/uploads\/2020\/06\/logo_neu_coaching-e1593607998877.jpg","width":300,"height":89,"caption":"Schoenberger"},"logo":{"@id":"https:\/\/schoenberger-coaching.de\/wp-content\/uploads\/2020\/06\/logo_neu_coaching-e1593607998877.jpg"}}]}},"_links":{"self":[{"href":"https:\/\/schoenberger-coaching.de\/home\/wp-json\/wp\/v2\/pages\/17","targetHints":{"allow":["GET"]}}],"collection":[{"href":"https:\/\/schoenberger-coaching.de\/home\/wp-json\/wp\/v2\/pages"}],"about":[{"href":"https:\/\/schoenberger-coaching.de\/home\/wp-json\/wp\/v2\/types\/page"}],"author":[{"embeddable":true,"href":"https:\/\/schoenberger-coaching.de\/home\/wp-json\/wp\/v2\/users\/2"}],"replies":[{"embeddable":true,"href":"https:\/\/schoenberger-coaching.de\/home\/wp-json\/wp\/v2\/comments?post=17"}],"version-history":[{"count":9,"href":"https:\/\/schoenberger-coaching.de\/home\/wp-json\/wp\/v2\/pages\/17\/revisions"}],"predecessor-version":[{"id":2243,"href":"https:\/\/schoenberger-coaching.de\/home\/wp-json\/wp\/v2\/pages\/17\/revisions\/2243"}],"wp:featuredmedia":[{"embeddable":true,"href":"https:\/\/schoenberger-coaching.de\/home\/wp-json\/wp\/v2\/media\/1474"}],"wp:attachment":[{"href":"https:\/\/schoenberger-coaching.de\/home\/wp-json\/wp\/v2\/media?parent=17"}],"curies":[{"name":"wp","href":"https:\/\/api.w.org\/{rel}","templated":true}]}}