{"id":1712,"date":"2020-04-15T15:50:19","date_gmt":"2020-04-15T13:50:19","guid":{"rendered":"http:\/\/schoenberger-coaching.de\/home\/?page_id=1712"},"modified":"2020-04-20T20:45:08","modified_gmt":"2020-04-20T18:45:08","slug":"honorarinfos","status":"publish","type":"page","link":"https:\/\/schoenberger-coaching.de\/home\/honorarinfos\/","title":{"rendered":"Honorarinfos"},"content":{"rendered":"<p><span style=\"color: #000000; font-size: 12pt;\"><b style=\"font-family: Arial, Helvetica, sans-serif;\">Kostenfreies Vorgespr\u00e4ch:<\/b><\/span><\/p>\n<p><span style=\"font-family: Arial, Helvetica, sans-serif; color: #000000; font-size: 12pt;\">Ein Vorgespr\u00e4ch zum Kennenlernen und Kl\u00e4ren Ihres Anliegens dauert ca. 30 Minuten. Dieses biete ich Ihnen kostenfrei und unverbindlich an, telefonisch, pers\u00f6nlich oder online.<br \/>\nGerne beantworte ich Ihre Fragen zu meinem Beratungs-, Coaching- und Therapieangebot oder zu Seminaren und Workshops.<\/span><\/p>\n<p><span style=\"font-family: Arial, Helvetica, sans-serif; color: #000000; font-size: 12pt;\"><b>AGB und Honorar:<br \/>\nBitte fordern Sie meine AGB mit Honorarsatz per E-Mail an: <a href=\"mailto:kontakt@schoenberger-coaching.de\">kontakt@schoenberger-coaching.de<\/a><\/b><\/span><\/p>\n<p><span style=\"font-family: Arial, Helvetica, sans-serif; color: #000000; font-size: 12pt;\"><b>Erm\u00e4\u00dfigung:<\/b><br \/>\nBei Buchung eines Beratungspakets:<br \/>\nab drei Sitzungen 10 %, ab 10 Sitzungen: 20 % Erm\u00e4\u00dfigung<br \/>\n<\/span><\/p>\n<p><span style=\"font-size: 12pt;\"><span style=\"font-family: Arial, Helvetica, sans-serif; color: #000000;\"><strong>Sozialer Tarif:<br \/>\n<\/strong><\/span><span style=\"font-family: Arial, Helvetica, sans-serif; color: #000000;\">F\u00fcr Menschen mit geringem Einkommen biete ich einen erm\u00e4\u00dfigten Honorarsatz an, nach Absprache. Bitte sprechen Sie mich darauf an.<\/span><\/span><\/p>\n<p><span style=\"font-family: Arial, Helvetica, sans-serif; color: #000000; font-size: 12pt;\"><b>Vorteile als Selbstzahler\/in f\u00fcr Psychotherapie:<\/b><\/span><\/p>\n<ul>\n<li><span style=\"font-family: Arial, Helvetica, sans-serif; color: #000000; font-size: 12pt;\">Sie bekommen umgehend Hilfe und Begleitung &#8211; keine Wartezeiten.<\/span><\/li>\n<li><span style=\"font-family: Arial, Helvetica, sans-serif; color: #000000; font-size: 12pt;\">Sie erhalten keine Diagnose einer psychischen St\u00f6rung mit \u00dcbermittlung an Ihre Krankenkasse.<\/span><\/li>\n<li><span style=\"font-family: Arial, Helvetica, sans-serif; color: #000000; font-size: 12pt;\">Sie k\u00f6nnen Kosten bei der Heilpraktikerin\/beim Heilpraktiker als au\u00dfergew\u00f6hnliche Belastungen steuerlich geltend machen.<\/span><\/li>\n<\/ul>\n","protected":false},"excerpt":{"rendered":"<p>Kostenfreies Vorgespr\u00e4ch: Ein Vorgespr\u00e4ch zum Kennenlernen und Kl\u00e4ren Ihres Anliegens dauert ca. 30 Minuten. Dieses biete ich Ihnen kostenfrei und unverbindlich an, telefonisch, pers\u00f6nlich oder online. Gerne beantworte ich Ihre &#8230;<\/p>\n","protected":false},"author":1,"featured_media":0,"parent":0,"menu_order":0,"comment_status":"closed","ping_status":"closed","template":"","meta":{"footnotes":""},"class_list":["post-1712","page","type-page","status-publish","hentry"],"yoast_head":"<!-- This site is optimized with the Yoast SEO plugin v27.5 - https:\/\/yoast.com\/product\/yoast-seo-wordpress\/ -->\n<title>Honorarinfos - Coachingpraxis Kristina Sch\u00f6nberger<\/title>\n<meta name=\"robots\" content=\"index, follow, max-snippet:-1, max-image-preview:large, max-video-preview:-1\" \/>\n<link rel=\"canonical\" href=\"https:\/\/schoenberger-coaching.de\/home\/honorarinfos\/\" \/>\n<meta property=\"og:locale\" content=\"de_DE\" \/>\n<meta property=\"og:type\" content=\"article\" \/>\n<meta property=\"og:title\" content=\"Honorarinfos - Coachingpraxis Kristina Sch\u00f6nberger\" \/>\n<meta property=\"og:description\" content=\"Kostenfreies Vorgespr\u00e4ch: Ein Vorgespr\u00e4ch zum Kennenlernen und Kl\u00e4ren Ihres Anliegens dauert ca. 30 Minuten. Dieses biete ich Ihnen kostenfrei und unverbindlich an, telefonisch, pers\u00f6nlich oder online. Gerne beantworte ich Ihre ...\" \/>\n<meta property=\"og:url\" content=\"https:\/\/schoenberger-coaching.de\/home\/honorarinfos\/\" \/>\n<meta property=\"og:site_name\" content=\"Coachingpraxis Kristina Sch\u00f6nberger\" \/>\n<meta property=\"article:modified_time\" content=\"2020-04-20T18:45:08+00:00\" \/>\n<meta name=\"twitter:card\" content=\"summary_large_image\" \/>\n<meta name=\"twitter:label1\" content=\"Gesch\u00e4tzte Lesezeit\" \/>\n\t<meta name=\"twitter:data1\" content=\"1\u00a0Minute\" \/>\n<script type=\"application\/ld+json\" class=\"yoast-schema-graph\">{\"@context\":\"https:\\\/\\\/schema.org\",\"@graph\":[{\"@type\":\"WebPage\",\"@id\":\"https:\\\/\\\/schoenberger-coaching.de\\\/home\\\/honorarinfos\\\/\",\"url\":\"https:\\\/\\\/schoenberger-coaching.de\\\/home\\\/honorarinfos\\\/\",\"name\":\"Honorarinfos - Coachingpraxis Kristina Sch\u00f6nberger\",\"isPartOf\":{\"@id\":\"https:\\\/\\\/schoenberger-coaching.de\\\/home\\\/#website\"},\"datePublished\":\"2020-04-15T13:50:19+00:00\",\"dateModified\":\"2020-04-20T18:45:08+00:00\",\"breadcrumb\":{\"@id\":\"https:\\\/\\\/schoenberger-coaching.de\\\/home\\\/honorarinfos\\\/#breadcrumb\"},\"inLanguage\":\"de\",\"potentialAction\":[{\"@type\":\"ReadAction\",\"target\":[\"https:\\\/\\\/schoenberger-coaching.de\\\/home\\\/honorarinfos\\\/\"]}]},{\"@type\":\"BreadcrumbList\",\"@id\":\"https:\\\/\\\/schoenberger-coaching.de\\\/home\\\/honorarinfos\\\/#breadcrumb\",\"itemListElement\":[{\"@type\":\"ListItem\",\"position\":1,\"name\":\"Startseite\",\"item\":\"https:\\\/\\\/schoenberger-coaching.de\\\/home\\\/\"},{\"@type\":\"ListItem\",\"position\":2,\"name\":\"Honorarinfos\"}]},{\"@type\":\"WebSite\",\"@id\":\"https:\\\/\\\/schoenberger-coaching.de\\\/home\\\/#website\",\"url\":\"https:\\\/\\\/schoenberger-coaching.de\\\/home\\\/\",\"name\":\"Coachingpraxis Kristina Sch\u00f6nberger\",\"description\":\"Coaching, Paarberatung, Mediation, Seminare\",\"publisher\":{\"@id\":\"https:\\\/\\\/schoenberger-coaching.de\\\/home\\\/#\\\/schema\\\/person\\\/5ec18b20c82f996a5877e34b61131e53\"},\"potentialAction\":[{\"@type\":\"SearchAction\",\"target\":{\"@type\":\"EntryPoint\",\"urlTemplate\":\"https:\\\/\\\/schoenberger-coaching.de\\\/home\\\/?s={search_term_string}\"},\"query-input\":{\"@type\":\"PropertyValueSpecification\",\"valueRequired\":true,\"valueName\":\"search_term_string\"}}],\"inLanguage\":\"de\"},{\"@type\":[\"Person\",\"Organization\"],\"@id\":\"https:\\\/\\\/schoenberger-coaching.de\\\/home\\\/#\\\/schema\\\/person\\\/5ec18b20c82f996a5877e34b61131e53\",\"name\":\"Schoenberger\",\"image\":{\"@type\":\"ImageObject\",\"inLanguage\":\"de\",\"@id\":\"https:\\\/\\\/schoenberger-coaching.de\\\/wp-content\\\/uploads\\\/2020\\\/06\\\/logo_neu_coaching-e1593607998877.jpg\",\"url\":\"https:\\\/\\\/schoenberger-coaching.de\\\/wp-content\\\/uploads\\\/2020\\\/06\\\/logo_neu_coaching-e1593607998877.jpg\",\"contentUrl\":\"https:\\\/\\\/schoenberger-coaching.de\\\/wp-content\\\/uploads\\\/2020\\\/06\\\/logo_neu_coaching-e1593607998877.jpg\",\"width\":300,\"height\":89,\"caption\":\"Schoenberger\"},\"logo\":{\"@id\":\"https:\\\/\\\/schoenberger-coaching.de\\\/wp-content\\\/uploads\\\/2020\\\/06\\\/logo_neu_coaching-e1593607998877.jpg\"}}]}<\/script>\n<!-- \/ Yoast SEO plugin. -->","yoast_head_json":{"title":"Honorarinfos - Coachingpraxis Kristina Sch\u00f6nberger","robots":{"index":"index","follow":"follow","max-snippet":"max-snippet:-1","max-image-preview":"max-image-preview:large","max-video-preview":"max-video-preview:-1"},"canonical":"https:\/\/schoenberger-coaching.de\/home\/honorarinfos\/","og_locale":"de_DE","og_type":"article","og_title":"Honorarinfos - Coachingpraxis Kristina Sch\u00f6nberger","og_description":"Kostenfreies Vorgespr\u00e4ch: Ein Vorgespr\u00e4ch zum Kennenlernen und Kl\u00e4ren Ihres Anliegens dauert ca. 30 Minuten. Dieses biete ich Ihnen kostenfrei und unverbindlich an, telefonisch, pers\u00f6nlich oder online. Gerne beantworte ich Ihre ...","og_url":"https:\/\/schoenberger-coaching.de\/home\/honorarinfos\/","og_site_name":"Coachingpraxis Kristina Sch\u00f6nberger","article_modified_time":"2020-04-20T18:45:08+00:00","twitter_card":"summary_large_image","twitter_misc":{"Gesch\u00e4tzte Lesezeit":"1\u00a0Minute"},"schema":{"@context":"https:\/\/schema.org","@graph":[{"@type":"WebPage","@id":"https:\/\/schoenberger-coaching.de\/home\/honorarinfos\/","url":"https:\/\/schoenberger-coaching.de\/home\/honorarinfos\/","name":"Honorarinfos - Coachingpraxis Kristina Sch\u00f6nberger","isPartOf":{"@id":"https:\/\/schoenberger-coaching.de\/home\/#website"},"datePublished":"2020-04-15T13:50:19+00:00","dateModified":"2020-04-20T18:45:08+00:00","breadcrumb":{"@id":"https:\/\/schoenberger-coaching.de\/home\/honorarinfos\/#breadcrumb"},"inLanguage":"de","potentialAction":[{"@type":"ReadAction","target":["https:\/\/schoenberger-coaching.de\/home\/honorarinfos\/"]}]},{"@type":"BreadcrumbList","@id":"https:\/\/schoenberger-coaching.de\/home\/honorarinfos\/#breadcrumb","itemListElement":[{"@type":"ListItem","position":1,"name":"Startseite","item":"https:\/\/schoenberger-coaching.de\/home\/"},{"@type":"ListItem","position":2,"name":"Honorarinfos"}]},{"@type":"WebSite","@id":"https:\/\/schoenberger-coaching.de\/home\/#website","url":"https:\/\/schoenberger-coaching.de\/home\/","name":"Coachingpraxis Kristina Sch\u00f6nberger","description":"Coaching, Paarberatung, Mediation, Seminare","publisher":{"@id":"https:\/\/schoenberger-coaching.de\/home\/#\/schema\/person\/5ec18b20c82f996a5877e34b61131e53"},"potentialAction":[{"@type":"SearchAction","target":{"@type":"EntryPoint","urlTemplate":"https:\/\/schoenberger-coaching.de\/home\/?s={search_term_string}"},"query-input":{"@type":"PropertyValueSpecification","valueRequired":true,"valueName":"search_term_string"}}],"inLanguage":"de"},{"@type":["Person","Organization"],"@id":"https:\/\/schoenberger-coaching.de\/home\/#\/schema\/person\/5ec18b20c82f996a5877e34b61131e53","name":"Schoenberger","image":{"@type":"ImageObject","inLanguage":"de","@id":"https:\/\/schoenberger-coaching.de\/wp-content\/uploads\/2020\/06\/logo_neu_coaching-e1593607998877.jpg","url":"https:\/\/schoenberger-coaching.de\/wp-content\/uploads\/2020\/06\/logo_neu_coaching-e1593607998877.jpg","contentUrl":"https:\/\/schoenberger-coaching.de\/wp-content\/uploads\/2020\/06\/logo_neu_coaching-e1593607998877.jpg","width":300,"height":89,"caption":"Schoenberger"},"logo":{"@id":"https:\/\/schoenberger-coaching.de\/wp-content\/uploads\/2020\/06\/logo_neu_coaching-e1593607998877.jpg"}}]}},"_links":{"self":[{"href":"https:\/\/schoenberger-coaching.de\/home\/wp-json\/wp\/v2\/pages\/1712","targetHints":{"allow":["GET"]}}],"collection":[{"href":"https:\/\/schoenberger-coaching.de\/home\/wp-json\/wp\/v2\/pages"}],"about":[{"href":"https:\/\/schoenberger-coaching.de\/home\/wp-json\/wp\/v2\/types\/page"}],"author":[{"embeddable":true,"href":"https:\/\/schoenberger-coaching.de\/home\/wp-json\/wp\/v2\/users\/1"}],"replies":[{"embeddable":true,"href":"https:\/\/schoenberger-coaching.de\/home\/wp-json\/wp\/v2\/comments?post=1712"}],"version-history":[{"count":6,"href":"https:\/\/schoenberger-coaching.de\/home\/wp-json\/wp\/v2\/pages\/1712\/revisions"}],"predecessor-version":[{"id":1963,"href":"https:\/\/schoenberger-coaching.de\/home\/wp-json\/wp\/v2\/pages\/1712\/revisions\/1963"}],"wp:attachment":[{"href":"https:\/\/schoenberger-coaching.de\/home\/wp-json\/wp\/v2\/media?parent=1712"}],"curies":[{"name":"wp","href":"https:\/\/api.w.org\/{rel}","templated":true}]}}