{"id":1732,"date":"2020-04-15T16:42:44","date_gmt":"2020-04-15T14:42:44","guid":{"rendered":"http:\/\/schoenberger-coaching.de\/home\/?page_id=1732"},"modified":"2020-04-20T20:47:45","modified_gmt":"2020-04-20T18:47:45","slug":"infos-und-downloads","status":"publish","type":"page","link":"https:\/\/schoenberger-coaching.de\/home\/infos-und-downloads\/","title":{"rendered":"Infos und downloads"},"content":{"rendered":"<p><span style=\"font-size: 12pt; color: #000000;\"><b>Kennen Sie schon das Genogramm?<\/b><\/span><\/p>\n<p><span style=\"font-size: 12pt; color: #000000;\">Viele Menschen sind sich nicht bewusst, wie sehr die vergangenen Generationen noch das Heute beeinflussen und pr\u00e4gen. Das Erstellen eines Genogramms kann helfen, sich dem bewusst zu werden und sich neu zu entscheiden. Gerne erstelle ich mit Ihnen zusammen oder aufgrund Ihrer\u00a0 Infos ein Geneogramm.\u00a0<\/span><br \/>\n<span style=\"font-size: 12pt; color: #000000;\">Ein\u00a0<b style=\"font-family: sans-serif;\">Genogramm<\/b>\u00a0(zusammengesetzt\u00a0aus\u00a0<a style=\"color: #000000; background: none #ffffff; font-family: sans-serif;\" title=\"Genealogie\" href=\"https:\/\/de.wikipedia.org\/wiki\/Genealogie\">Genealogie<\/a>\u00a0und\u00a0<a style=\"color: #000000; background: none #ffffff; font-family: sans-serif;\" title=\"Diagramm\" href=\"https:\/\/de.wikipedia.org\/wiki\/Diagramm\">Diagramm<\/a>) ist eine Darstellungsform\u00a0<a style=\"color: #000000; background: none #ffffff; font-family: sans-serif;\" title=\"Verwandtschaftsbeziehung\" href=\"https:\/\/de.wikipedia.org\/wiki\/Verwandtschaftsbeziehung\">verwandtschaftlicher Zusammenh\u00e4nge<\/a>, um\u00a0<a style=\"color: #000000; background: none #ffffff; font-family: sans-serif;\" title=\"Familie (Soziologie)\" href=\"https:\/\/de.wikipedia.org\/wiki\/Familie_(Soziologie)\">Familienbeziehungen<\/a>, wiederkehrende Konstellationen und\u00a0<a style=\"color: #000000; background: none #ffffff; font-family: sans-serif;\" title=\"Anamnese\" href=\"https:\/\/de.wikipedia.org\/wiki\/Anamnese\">medizinische Vorgeschichte<\/a>\u00a0darzustellen.\u00a0Mit einem Genogramm sollen Verhaltensmuster, beziehungsbestimmende psychologische Faktoren und sich innerhalb einer Familie wiederholende Verhaltensweisen\u00a0<a style=\"color: #000000; background: none #ffffff; font-family: sans-serif;\" title=\"Visualisierung\" href=\"https:\/\/de.wikipedia.org\/wiki\/Visualisierung\">visualisiert<\/a>\u00a0und anschlie\u00dfend\u00a0<a style=\"color: #000000; background: none #ffffff; font-family: sans-serif;\" title=\"Analyse\" href=\"https:\/\/de.wikipedia.org\/wiki\/Analyse\">analysiert<\/a>\u00a0werden.<\/span><\/p>\n<p><span style=\"font-size: 12pt;\"><img fetchpriority=\"high\" decoding=\"async\" src=\"http:\/\/schoenberger-coaching.de\/wp-content\/uploads\/2020\/04\/Genogramm-300x169.jpg\" sizes=\"(max-width: 300px) 100vw, 300px\" srcset=\"http:\/\/schoenberger-coaching.de\/wp-content\/uploads\/2020\/04\/Genogramm-300x169.jpg 300w, http:\/\/schoenberger-coaching.de\/wp-content\/uploads\/2020\/04\/Genogramm-1024x577.jpg 1024w, http:\/\/schoenberger-coaching.de\/wp-content\/uploads\/2020\/04\/Genogramm-768x433.jpg 768w, http:\/\/schoenberger-coaching.de\/wp-content\/uploads\/2020\/04\/Genogramm.jpg 1115w\" alt=\"\" width=\"300\" height=\"169\" \/><\/span><\/p>\n<figure><span style=\"font-size: 12pt;\"><img decoding=\"async\" src=\"http:\/\/schoenberger-coaching.de\/wp-content\/uploads\/2020\/04\/Paarthemen-scaled.jpg\" sizes=\"(max-width: 2538px) 100vw, 2538px\" srcset=\"http:\/\/schoenberger-coaching.de\/wp-content\/uploads\/2020\/04\/Paarthemen-scaled.jpg 2538w, http:\/\/schoenberger-coaching.de\/wp-content\/uploads\/2020\/04\/Paarthemen-297x300.jpg 297w, http:\/\/schoenberger-coaching.de\/wp-content\/uploads\/2020\/04\/Paarthemen-1015x1024.jpg 1015w, http:\/\/schoenberger-coaching.de\/wp-content\/uploads\/2020\/04\/Paarthemen-150x150.jpg 150w, http:\/\/schoenberger-coaching.de\/wp-content\/uploads\/2020\/04\/Paarthemen-768x775.jpg 768w, http:\/\/schoenberger-coaching.de\/wp-content\/uploads\/2020\/04\/Paarthemen-1523x1536.jpg 1523w, http:\/\/schoenberger-coaching.de\/wp-content\/uploads\/2020\/04\/Paarthemen-2030x2048.jpg 2030w\" alt=\"\" width=\"2538\" height=\"2560\" \/><\/span><\/figure>\n<h3><span style=\"font-size: 12pt;\"><br \/>\n<span style=\"color: #000000;\">Kennen Sie schon die Methode &#8222;Skalierungen&#8220;?<\/span><\/span><\/h3>\n<p><span style=\"font-size: 12pt; color: #000000;\">Mit Skalierungsfragen k\u00f6nnen schnell unterschiedliche Einsch\u00e4tzungen sichtbar gemacht werden, die bisher vielleicht unklar oder tabu waren. Nun kann dar\u00fcber gesprochen oder diskutiert werden.<\/span><\/p>\n<figure><span style=\"font-size: 12pt;\"><img decoding=\"async\" src=\"http:\/\/schoenberger-coaching.de\/wp-content\/uploads\/2020\/04\/Lebensflussmodell-scaled.jpg\" sizes=\"(max-width: 1499px) 100vw, 1499px\" srcset=\"http:\/\/schoenberger-coaching.de\/wp-content\/uploads\/2020\/04\/Lebensflussmodell-scaled.jpg 1499w, http:\/\/schoenberger-coaching.de\/wp-content\/uploads\/2020\/04\/Lebensflussmodell-176x300.jpg 176w, http:\/\/schoenberger-coaching.de\/wp-content\/uploads\/2020\/04\/Lebensflussmodell-600x1024.jpg 600w, http:\/\/schoenberger-coaching.de\/wp-content\/uploads\/2020\/04\/Lebensflussmodell-768x1311.jpg 768w, http:\/\/schoenberger-coaching.de\/wp-content\/uploads\/2020\/04\/Lebensflussmodell-900x1536.jpg 900w, http:\/\/schoenberger-coaching.de\/wp-content\/uploads\/2020\/04\/Lebensflussmodell-1200x2048.jpg 1200w\" alt=\"\" width=\"1499\" height=\"2560\" \/><\/span><\/figure>\n<h3><span style=\"font-size: 12pt;\">Kennen Sie schon die Methode &#8222;Lebensfluss&#8220;?<\/span><\/h3>\n<p style=\"text-align: left; white-space: normal;\"><span style=\"font-size: 12pt;\">Das Lebensflussmodell ist ein Leitmotiv der Systemischen Familientherapie und z\u00e4hlt gleichzeitig zu den wichtigsten erlebnisorientierten Methoden. Es erm\u00f6glicht Ihnen eine aktive Darstellung von Vergangenheits-, Gegenwarts- und Zukunftsvorstellungen. Die Arbeit mit\u00a0dem Lebensflussmodell ist bietet vielf\u00e4ltige M\u00f6glichkeiten des Perspektivwechsels, der Erschlie\u00dfung eigener Ressourcen und neuer Entwicklungsimpulse. (Ressourcen: alle einer Person zur Verf\u00fcgung stehenden, bewussten und unbewussten Kompetenzen und Handlungsm\u00f6glichkeiten.) \u00a0<\/span><\/p>\n","protected":false},"excerpt":{"rendered":"<p>Kennen Sie schon das Genogramm? Viele Menschen sind sich nicht bewusst, wie sehr die vergangenen Generationen noch das Heute beeinflussen und pr\u00e4gen. Das Erstellen eines Genogramms kann helfen, sich dem &#8230;<\/p>\n","protected":false},"author":1,"featured_media":0,"parent":0,"menu_order":0,"comment_status":"closed","ping_status":"closed","template":"","meta":{"footnotes":""},"class_list":["post-1732","page","type-page","status-publish","hentry"],"yoast_head":"<!-- This site is optimized with the Yoast SEO plugin v27.4 - https:\/\/yoast.com\/product\/yoast-seo-wordpress\/ -->\n<title>Infos und downloads - Coachingpraxis Kristina Sch\u00f6nberger<\/title>\n<meta name=\"robots\" content=\"index, follow, max-snippet:-1, max-image-preview:large, max-video-preview:-1\" \/>\n<link rel=\"canonical\" href=\"https:\/\/schoenberger-coaching.de\/home\/infos-und-downloads\/\" \/>\n<meta property=\"og:locale\" content=\"de_DE\" \/>\n<meta property=\"og:type\" content=\"article\" \/>\n<meta property=\"og:title\" content=\"Infos und downloads - Coachingpraxis Kristina Sch\u00f6nberger\" \/>\n<meta property=\"og:description\" content=\"Kennen Sie schon das Genogramm? Viele Menschen sind sich nicht bewusst, wie sehr die vergangenen Generationen noch das Heute beeinflussen und pr\u00e4gen. Das Erstellen eines Genogramms kann helfen, sich dem ...\" \/>\n<meta property=\"og:url\" content=\"https:\/\/schoenberger-coaching.de\/home\/infos-und-downloads\/\" \/>\n<meta property=\"og:site_name\" content=\"Coachingpraxis Kristina Sch\u00f6nberger\" \/>\n<meta property=\"article:modified_time\" content=\"2020-04-20T18:47:45+00:00\" \/>\n<meta property=\"og:image\" content=\"http:\/\/schoenberger-coaching.de\/wp-content\/uploads\/2020\/04\/Genogramm-300x169.jpg\" \/>\n<meta name=\"twitter:card\" content=\"summary_large_image\" \/>\n<meta name=\"twitter:label1\" content=\"Gesch\u00e4tzte Lesezeit\" \/>\n\t<meta name=\"twitter:data1\" content=\"1\u00a0Minute\" \/>\n<script type=\"application\/ld+json\" class=\"yoast-schema-graph\">{\"@context\":\"https:\\\/\\\/schema.org\",\"@graph\":[{\"@type\":\"WebPage\",\"@id\":\"https:\\\/\\\/schoenberger-coaching.de\\\/home\\\/infos-und-downloads\\\/\",\"url\":\"https:\\\/\\\/schoenberger-coaching.de\\\/home\\\/infos-und-downloads\\\/\",\"name\":\"Infos und downloads - Coachingpraxis Kristina Sch\u00f6nberger\",\"isPartOf\":{\"@id\":\"https:\\\/\\\/schoenberger-coaching.de\\\/home\\\/#website\"},\"primaryImageOfPage\":{\"@id\":\"https:\\\/\\\/schoenberger-coaching.de\\\/home\\\/infos-und-downloads\\\/#primaryimage\"},\"image\":{\"@id\":\"https:\\\/\\\/schoenberger-coaching.de\\\/home\\\/infos-und-downloads\\\/#primaryimage\"},\"thumbnailUrl\":\"http:\\\/\\\/schoenberger-coaching.de\\\/wp-content\\\/uploads\\\/2020\\\/04\\\/Genogramm-300x169.jpg\",\"datePublished\":\"2020-04-15T14:42:44+00:00\",\"dateModified\":\"2020-04-20T18:47:45+00:00\",\"breadcrumb\":{\"@id\":\"https:\\\/\\\/schoenberger-coaching.de\\\/home\\\/infos-und-downloads\\\/#breadcrumb\"},\"inLanguage\":\"de\",\"potentialAction\":[{\"@type\":\"ReadAction\",\"target\":[\"https:\\\/\\\/schoenberger-coaching.de\\\/home\\\/infos-und-downloads\\\/\"]}]},{\"@type\":\"ImageObject\",\"inLanguage\":\"de\",\"@id\":\"https:\\\/\\\/schoenberger-coaching.de\\\/home\\\/infos-und-downloads\\\/#primaryimage\",\"url\":\"http:\\\/\\\/schoenberger-coaching.de\\\/wp-content\\\/uploads\\\/2020\\\/04\\\/Genogramm-300x169.jpg\",\"contentUrl\":\"http:\\\/\\\/schoenberger-coaching.de\\\/wp-content\\\/uploads\\\/2020\\\/04\\\/Genogramm-300x169.jpg\"},{\"@type\":\"BreadcrumbList\",\"@id\":\"https:\\\/\\\/schoenberger-coaching.de\\\/home\\\/infos-und-downloads\\\/#breadcrumb\",\"itemListElement\":[{\"@type\":\"ListItem\",\"position\":1,\"name\":\"Startseite\",\"item\":\"https:\\\/\\\/schoenberger-coaching.de\\\/home\\\/\"},{\"@type\":\"ListItem\",\"position\":2,\"name\":\"Infos und downloads\"}]},{\"@type\":\"WebSite\",\"@id\":\"https:\\\/\\\/schoenberger-coaching.de\\\/home\\\/#website\",\"url\":\"https:\\\/\\\/schoenberger-coaching.de\\\/home\\\/\",\"name\":\"Coachingpraxis Kristina Sch\u00f6nberger\",\"description\":\"Coaching, Paarberatung, Mediation, Seminare\",\"publisher\":{\"@id\":\"https:\\\/\\\/schoenberger-coaching.de\\\/home\\\/#\\\/schema\\\/person\\\/5ec18b20c82f996a5877e34b61131e53\"},\"potentialAction\":[{\"@type\":\"SearchAction\",\"target\":{\"@type\":\"EntryPoint\",\"urlTemplate\":\"https:\\\/\\\/schoenberger-coaching.de\\\/home\\\/?s={search_term_string}\"},\"query-input\":{\"@type\":\"PropertyValueSpecification\",\"valueRequired\":true,\"valueName\":\"search_term_string\"}}],\"inLanguage\":\"de\"},{\"@type\":[\"Person\",\"Organization\"],\"@id\":\"https:\\\/\\\/schoenberger-coaching.de\\\/home\\\/#\\\/schema\\\/person\\\/5ec18b20c82f996a5877e34b61131e53\",\"name\":\"Schoenberger\",\"image\":{\"@type\":\"ImageObject\",\"inLanguage\":\"de\",\"@id\":\"https:\\\/\\\/schoenberger-coaching.de\\\/wp-content\\\/uploads\\\/2020\\\/06\\\/logo_neu_coaching-e1593607998877.jpg\",\"url\":\"https:\\\/\\\/schoenberger-coaching.de\\\/wp-content\\\/uploads\\\/2020\\\/06\\\/logo_neu_coaching-e1593607998877.jpg\",\"contentUrl\":\"https:\\\/\\\/schoenberger-coaching.de\\\/wp-content\\\/uploads\\\/2020\\\/06\\\/logo_neu_coaching-e1593607998877.jpg\",\"width\":300,\"height\":89,\"caption\":\"Schoenberger\"},\"logo\":{\"@id\":\"https:\\\/\\\/schoenberger-coaching.de\\\/wp-content\\\/uploads\\\/2020\\\/06\\\/logo_neu_coaching-e1593607998877.jpg\"}}]}<\/script>\n<!-- \/ Yoast SEO plugin. -->","yoast_head_json":{"title":"Infos und downloads - Coachingpraxis Kristina Sch\u00f6nberger","robots":{"index":"index","follow":"follow","max-snippet":"max-snippet:-1","max-image-preview":"max-image-preview:large","max-video-preview":"max-video-preview:-1"},"canonical":"https:\/\/schoenberger-coaching.de\/home\/infos-und-downloads\/","og_locale":"de_DE","og_type":"article","og_title":"Infos und downloads - Coachingpraxis Kristina Sch\u00f6nberger","og_description":"Kennen Sie schon das Genogramm? Viele Menschen sind sich nicht bewusst, wie sehr die vergangenen Generationen noch das Heute beeinflussen und pr\u00e4gen. Das Erstellen eines Genogramms kann helfen, sich dem ...","og_url":"https:\/\/schoenberger-coaching.de\/home\/infos-und-downloads\/","og_site_name":"Coachingpraxis Kristina Sch\u00f6nberger","article_modified_time":"2020-04-20T18:47:45+00:00","og_image":[{"url":"http:\/\/schoenberger-coaching.de\/wp-content\/uploads\/2020\/04\/Genogramm-300x169.jpg","type":"","width":"","height":""}],"twitter_card":"summary_large_image","twitter_misc":{"Gesch\u00e4tzte Lesezeit":"1\u00a0Minute"},"schema":{"@context":"https:\/\/schema.org","@graph":[{"@type":"WebPage","@id":"https:\/\/schoenberger-coaching.de\/home\/infos-und-downloads\/","url":"https:\/\/schoenberger-coaching.de\/home\/infos-und-downloads\/","name":"Infos und downloads - Coachingpraxis Kristina Sch\u00f6nberger","isPartOf":{"@id":"https:\/\/schoenberger-coaching.de\/home\/#website"},"primaryImageOfPage":{"@id":"https:\/\/schoenberger-coaching.de\/home\/infos-und-downloads\/#primaryimage"},"image":{"@id":"https:\/\/schoenberger-coaching.de\/home\/infos-und-downloads\/#primaryimage"},"thumbnailUrl":"http:\/\/schoenberger-coaching.de\/wp-content\/uploads\/2020\/04\/Genogramm-300x169.jpg","datePublished":"2020-04-15T14:42:44+00:00","dateModified":"2020-04-20T18:47:45+00:00","breadcrumb":{"@id":"https:\/\/schoenberger-coaching.de\/home\/infos-und-downloads\/#breadcrumb"},"inLanguage":"de","potentialAction":[{"@type":"ReadAction","target":["https:\/\/schoenberger-coaching.de\/home\/infos-und-downloads\/"]}]},{"@type":"ImageObject","inLanguage":"de","@id":"https:\/\/schoenberger-coaching.de\/home\/infos-und-downloads\/#primaryimage","url":"http:\/\/schoenberger-coaching.de\/wp-content\/uploads\/2020\/04\/Genogramm-300x169.jpg","contentUrl":"http:\/\/schoenberger-coaching.de\/wp-content\/uploads\/2020\/04\/Genogramm-300x169.jpg"},{"@type":"BreadcrumbList","@id":"https:\/\/schoenberger-coaching.de\/home\/infos-und-downloads\/#breadcrumb","itemListElement":[{"@type":"ListItem","position":1,"name":"Startseite","item":"https:\/\/schoenberger-coaching.de\/home\/"},{"@type":"ListItem","position":2,"name":"Infos und downloads"}]},{"@type":"WebSite","@id":"https:\/\/schoenberger-coaching.de\/home\/#website","url":"https:\/\/schoenberger-coaching.de\/home\/","name":"Coachingpraxis Kristina Sch\u00f6nberger","description":"Coaching, Paarberatung, Mediation, Seminare","publisher":{"@id":"https:\/\/schoenberger-coaching.de\/home\/#\/schema\/person\/5ec18b20c82f996a5877e34b61131e53"},"potentialAction":[{"@type":"SearchAction","target":{"@type":"EntryPoint","urlTemplate":"https:\/\/schoenberger-coaching.de\/home\/?s={search_term_string}"},"query-input":{"@type":"PropertyValueSpecification","valueRequired":true,"valueName":"search_term_string"}}],"inLanguage":"de"},{"@type":["Person","Organization"],"@id":"https:\/\/schoenberger-coaching.de\/home\/#\/schema\/person\/5ec18b20c82f996a5877e34b61131e53","name":"Schoenberger","image":{"@type":"ImageObject","inLanguage":"de","@id":"https:\/\/schoenberger-coaching.de\/wp-content\/uploads\/2020\/06\/logo_neu_coaching-e1593607998877.jpg","url":"https:\/\/schoenberger-coaching.de\/wp-content\/uploads\/2020\/06\/logo_neu_coaching-e1593607998877.jpg","contentUrl":"https:\/\/schoenberger-coaching.de\/wp-content\/uploads\/2020\/06\/logo_neu_coaching-e1593607998877.jpg","width":300,"height":89,"caption":"Schoenberger"},"logo":{"@id":"https:\/\/schoenberger-coaching.de\/wp-content\/uploads\/2020\/06\/logo_neu_coaching-e1593607998877.jpg"}}]}},"_links":{"self":[{"href":"https:\/\/schoenberger-coaching.de\/home\/wp-json\/wp\/v2\/pages\/1732","targetHints":{"allow":["GET"]}}],"collection":[{"href":"https:\/\/schoenberger-coaching.de\/home\/wp-json\/wp\/v2\/pages"}],"about":[{"href":"https:\/\/schoenberger-coaching.de\/home\/wp-json\/wp\/v2\/types\/page"}],"author":[{"embeddable":true,"href":"https:\/\/schoenberger-coaching.de\/home\/wp-json\/wp\/v2\/users\/1"}],"replies":[{"embeddable":true,"href":"https:\/\/schoenberger-coaching.de\/home\/wp-json\/wp\/v2\/comments?post=1732"}],"version-history":[{"count":13,"href":"https:\/\/schoenberger-coaching.de\/home\/wp-json\/wp\/v2\/pages\/1732\/revisions"}],"predecessor-version":[{"id":1966,"href":"https:\/\/schoenberger-coaching.de\/home\/wp-json\/wp\/v2\/pages\/1732\/revisions\/1966"}],"wp:attachment":[{"href":"https:\/\/schoenberger-coaching.de\/home\/wp-json\/wp\/v2\/media?parent=1732"}],"curies":[{"name":"wp","href":"https:\/\/api.w.org\/{rel}","templated":true}]}}