{"id":1886,"date":"2020-04-20T16:50:18","date_gmt":"2020-04-20T14:50:18","guid":{"rendered":"http:\/\/schoenberger-coaching.de\/home\/?page_id=1886"},"modified":"2024-07-18T19:02:23","modified_gmt":"2024-07-18T17:02:23","slug":"angebote_firmen","status":"publish","type":"page","link":"https:\/\/schoenberger-coaching.de\/home\/angebote_firmen\/","title":{"rendered":"Angebote"},"content":{"rendered":"<div id=\"element-ce_23056801f558ff526cdd94723897f589297f3cc8b75868cab016cd88da2de3c6\" class=\"fc-image-collapse-violet fc-image-collapse-with-image curo-element element-imagecollapse\">\n<div class=\"fc-ic-content\">\n<div id=\"element-ce_b0e56091297a10de0f83200c92fd1e745becf156059f54b39ecb6f2f04bc6386\" class=\"curo-element-text curo-element curo-element-text\">\n<h2><span style=\"color: #993300; font-size: 24pt;\">Angebote f\u00fcr Firmen und Institutionen<\/span><\/h2>\n<p><span style=\"color: #000000; font-size: 12pt;\"><strong>Stress und psychische Probleme sind eine der Hauptursachen f\u00fcr Arbeitsunf\u00e4higkeit.<br \/>\n<\/strong>Die zunehmenden Zahlen sprechen eine deutliche Sprache. Diese f\u00fchren in der Regel zu langen Fehlzeiten und somit zu hohen Kosten f\u00fcr Ihr Unternehmen. Ich unterst\u00fctze Ihre Mitarbeiterinnen darin, ihre Themen und Fragen zeitnah zu kl\u00e4ren, und gut und effektiv mit psychischen Belastungen umgehen zu k\u00f6nnen.<\/span><\/p>\n<p>&nbsp;<\/p>\n<\/div>\n<\/div>\n<\/div>\n<p><span style=\"font-size: 12pt;\"><strong>B<span style=\"color: #000000;\">etriebliche Gesundheitsma\u00dfnahmen als Teil des betrieblichen Gesundheitsmanagements<\/span><\/strong><\/span><\/p>\n<p><span style=\"color: #000000; font-size: 12pt;\">Nutzen Sie die steuerliche Unterst\u00fctzung der F\u00f6rderung der Mitarbeitergesundheit.<br \/>\nPro Jahr k\u00f6nnen Sie pro Mitarbeiter 500 Euro lohnsteuerfrei f\u00fcr <strong>Ma\u00dfnahmen der Gesundheitsf\u00f6rderung<\/strong> investieren. Es werden Ma\u00dfnahmen steuerbefreit, die hinsichtlich Qualit\u00e4t, Zweckbindung und Zielgerichtetheit den Anforderungen der \u00a7\u00a7 20 und 20a Abs. 1 i. V. mit \u00a7 20 Abs. 1 Satz 3 SGB V gen\u00fcgen. Hierzu z\u00e4hlen u. a.<\/span><\/p>\n<ul>\n<li><span style=\"font-size: 12pt;\">\u00a0<strong>Stressbew\u00e4ltigung und Entspannung<\/strong><\/span><\/li>\n<li><span style=\"font-size: 12pt;\"><strong>F\u00fchrungskr\u00e4ftetraining zur Konfliktbew\u00e4ltigung<\/strong><\/span><\/li>\n<\/ul>\n<p>&nbsp;<\/p>\n<p><span style=\"color: #000000; font-size: 12pt;\"><strong>Weitere Themen:<\/strong><\/span><\/p>\n<ul>\n<li><span style=\"color: #000000; font-size: 12pt;\">Umgang mit Stress\/Stressbew\u00e4ltigung\/Resilienz<\/span><\/li>\n<li><span class=\"tadv-color\" style=\"color: #000000; font-size: 12pt;\">Entspannungstherapie f\u00fcr Einzelne und Gruppen (Autogenes Training und Progressive Muskelrelaxation nach Jacobsen)<\/span><\/li>\n<li><span class=\"tadv-color\" style=\"color: #000000; font-size: 12pt;\">Moderation von Zukunftswerkst\u00e4tten\u00a0<\/span><\/li>\n<li><span class=\"tadv-color\" style=\"color: #000000; font-size: 12pt;\">Moderation von schwierigen Personalgespr\u00e4chen<\/span><\/li>\n<li><span class=\"tadv-color\" style=\"color: #000000; font-size: 12pt;\">Motivationstraining\u00a0<\/span><\/li>\n<li><span class=\"tadv-color\" style=\"color: #000000; font-size: 12pt;\">Kommunikationstraining f\u00fcr Mitarbeitende, F\u00fchrungskr\u00e4fte und Gruppen\/Teams: (Kommunikationsgrundlagen, Verschiedene Modelle: Watzlawik: Man kann nicht nicht kommunizieren;\u00a0 Schulz von Thun: Das Kommunikationsquadrat; Thomas Gordon: Aktives Zuh\u00f6ren, Transaktionsanalyse, Konfliktgespr\u00e4che\/Eskalation\/Deeskalation, Mediation)<\/span><\/li>\n<li><span style=\"color: #000000; font-size: 12pt;\">Allgemeine Sozialberatung<\/span><\/li>\n<li><span style=\"color: #000000; font-size: 12pt;\">Seminare\/Vortr\u00e4ge zu den Themen Stress\/Stressbew\u00e4ltigung\/Resilienz, Entspannung, Work-Life-Balance<\/span><\/li>\n<\/ul>\n<p><span style=\"font-size: 12pt;\"><span style=\"color: #000000;\">Bitte kontaktieren Sie mich, wenn mein Angebot Sie interessiert. <\/span><span style=\"color: #000000;\">Gerne passe ich meine Leistungen an Ihren speziellen Bedarf an.<\/span><\/span><\/p>\n","protected":false},"excerpt":{"rendered":"<p>Angebote f\u00fcr Firmen und Institutionen Stress und psychische Probleme sind eine der Hauptursachen f\u00fcr Arbeitsunf\u00e4higkeit. Die zunehmenden Zahlen sprechen eine deutliche Sprache. Diese f\u00fchren in der Regel zu langen Fehlzeiten &#8230;<\/p>\n","protected":false},"author":1,"featured_media":0,"parent":0,"menu_order":0,"comment_status":"closed","ping_status":"closed","template":"","meta":{"footnotes":""},"class_list":["post-1886","page","type-page","status-publish","hentry"],"yoast_head":"<!-- This site is optimized with the Yoast SEO plugin v27.5 - https:\/\/yoast.com\/product\/yoast-seo-wordpress\/ -->\n<title>Angebote - Coachingpraxis Kristina Sch\u00f6nberger<\/title>\n<meta name=\"description\" content=\"Transaktionsanalytische Beratung, Berufliches Coaching, Systemische Therapie, Systemische Supervision, Unterst\u00fctzung in Lebenskrisen.\" \/>\n<meta name=\"robots\" content=\"index, follow, max-snippet:-1, max-image-preview:large, max-video-preview:-1\" \/>\n<link rel=\"canonical\" href=\"https:\/\/schoenberger-coaching.de\/home\/angebote_firmen\/\" \/>\n<meta property=\"og:locale\" content=\"de_DE\" \/>\n<meta property=\"og:type\" content=\"article\" \/>\n<meta property=\"og:title\" content=\"Angebote - Coachingpraxis Kristina Sch\u00f6nberger\" \/>\n<meta property=\"og:description\" content=\"Transaktionsanalytische Beratung, Berufliches Coaching, Systemische Therapie, Systemische Supervision, Unterst\u00fctzung in Lebenskrisen.\" \/>\n<meta property=\"og:url\" content=\"https:\/\/schoenberger-coaching.de\/home\/angebote_firmen\/\" \/>\n<meta property=\"og:site_name\" content=\"Coachingpraxis Kristina Sch\u00f6nberger\" \/>\n<meta property=\"article:modified_time\" content=\"2024-07-18T17:02:23+00:00\" \/>\n<meta name=\"twitter:card\" content=\"summary_large_image\" \/>\n<meta name=\"twitter:label1\" content=\"Gesch\u00e4tzte Lesezeit\" \/>\n\t<meta name=\"twitter:data1\" content=\"2\u00a0Minuten\" \/>\n<script type=\"application\/ld+json\" class=\"yoast-schema-graph\">{\"@context\":\"https:\\\/\\\/schema.org\",\"@graph\":[{\"@type\":\"WebPage\",\"@id\":\"https:\\\/\\\/schoenberger-coaching.de\\\/home\\\/angebote_firmen\\\/\",\"url\":\"https:\\\/\\\/schoenberger-coaching.de\\\/home\\\/angebote_firmen\\\/\",\"name\":\"Angebote - Coachingpraxis Kristina Sch\u00f6nberger\",\"isPartOf\":{\"@id\":\"https:\\\/\\\/schoenberger-coaching.de\\\/home\\\/#website\"},\"datePublished\":\"2020-04-20T14:50:18+00:00\",\"dateModified\":\"2024-07-18T17:02:23+00:00\",\"description\":\"Transaktionsanalytische Beratung, Berufliches Coaching, Systemische Therapie, Systemische Supervision, Unterst\u00fctzung in Lebenskrisen.\",\"breadcrumb\":{\"@id\":\"https:\\\/\\\/schoenberger-coaching.de\\\/home\\\/angebote_firmen\\\/#breadcrumb\"},\"inLanguage\":\"de\",\"potentialAction\":[{\"@type\":\"ReadAction\",\"target\":[\"https:\\\/\\\/schoenberger-coaching.de\\\/home\\\/angebote_firmen\\\/\"]}]},{\"@type\":\"BreadcrumbList\",\"@id\":\"https:\\\/\\\/schoenberger-coaching.de\\\/home\\\/angebote_firmen\\\/#breadcrumb\",\"itemListElement\":[{\"@type\":\"ListItem\",\"position\":1,\"name\":\"Startseite\",\"item\":\"https:\\\/\\\/schoenberger-coaching.de\\\/home\\\/\"},{\"@type\":\"ListItem\",\"position\":2,\"name\":\"Angebote\"}]},{\"@type\":\"WebSite\",\"@id\":\"https:\\\/\\\/schoenberger-coaching.de\\\/home\\\/#website\",\"url\":\"https:\\\/\\\/schoenberger-coaching.de\\\/home\\\/\",\"name\":\"Coachingpraxis Kristina Sch\u00f6nberger\",\"description\":\"Coaching, Paarberatung, Mediation, Seminare\",\"publisher\":{\"@id\":\"https:\\\/\\\/schoenberger-coaching.de\\\/home\\\/#\\\/schema\\\/person\\\/5ec18b20c82f996a5877e34b61131e53\"},\"potentialAction\":[{\"@type\":\"SearchAction\",\"target\":{\"@type\":\"EntryPoint\",\"urlTemplate\":\"https:\\\/\\\/schoenberger-coaching.de\\\/home\\\/?s={search_term_string}\"},\"query-input\":{\"@type\":\"PropertyValueSpecification\",\"valueRequired\":true,\"valueName\":\"search_term_string\"}}],\"inLanguage\":\"de\"},{\"@type\":[\"Person\",\"Organization\"],\"@id\":\"https:\\\/\\\/schoenberger-coaching.de\\\/home\\\/#\\\/schema\\\/person\\\/5ec18b20c82f996a5877e34b61131e53\",\"name\":\"Schoenberger\",\"image\":{\"@type\":\"ImageObject\",\"inLanguage\":\"de\",\"@id\":\"https:\\\/\\\/schoenberger-coaching.de\\\/wp-content\\\/uploads\\\/2020\\\/06\\\/logo_neu_coaching-e1593607998877.jpg\",\"url\":\"https:\\\/\\\/schoenberger-coaching.de\\\/wp-content\\\/uploads\\\/2020\\\/06\\\/logo_neu_coaching-e1593607998877.jpg\",\"contentUrl\":\"https:\\\/\\\/schoenberger-coaching.de\\\/wp-content\\\/uploads\\\/2020\\\/06\\\/logo_neu_coaching-e1593607998877.jpg\",\"width\":300,\"height\":89,\"caption\":\"Schoenberger\"},\"logo\":{\"@id\":\"https:\\\/\\\/schoenberger-coaching.de\\\/wp-content\\\/uploads\\\/2020\\\/06\\\/logo_neu_coaching-e1593607998877.jpg\"}}]}<\/script>\n<!-- \/ Yoast SEO plugin. -->","yoast_head_json":{"title":"Angebote - Coachingpraxis Kristina Sch\u00f6nberger","description":"Transaktionsanalytische Beratung, Berufliches Coaching, Systemische Therapie, Systemische Supervision, Unterst\u00fctzung in Lebenskrisen.","robots":{"index":"index","follow":"follow","max-snippet":"max-snippet:-1","max-image-preview":"max-image-preview:large","max-video-preview":"max-video-preview:-1"},"canonical":"https:\/\/schoenberger-coaching.de\/home\/angebote_firmen\/","og_locale":"de_DE","og_type":"article","og_title":"Angebote - Coachingpraxis Kristina Sch\u00f6nberger","og_description":"Transaktionsanalytische Beratung, Berufliches Coaching, Systemische Therapie, Systemische Supervision, Unterst\u00fctzung in Lebenskrisen.","og_url":"https:\/\/schoenberger-coaching.de\/home\/angebote_firmen\/","og_site_name":"Coachingpraxis Kristina Sch\u00f6nberger","article_modified_time":"2024-07-18T17:02:23+00:00","twitter_card":"summary_large_image","twitter_misc":{"Gesch\u00e4tzte Lesezeit":"2\u00a0Minuten"},"schema":{"@context":"https:\/\/schema.org","@graph":[{"@type":"WebPage","@id":"https:\/\/schoenberger-coaching.de\/home\/angebote_firmen\/","url":"https:\/\/schoenberger-coaching.de\/home\/angebote_firmen\/","name":"Angebote - Coachingpraxis Kristina Sch\u00f6nberger","isPartOf":{"@id":"https:\/\/schoenberger-coaching.de\/home\/#website"},"datePublished":"2020-04-20T14:50:18+00:00","dateModified":"2024-07-18T17:02:23+00:00","description":"Transaktionsanalytische Beratung, Berufliches Coaching, Systemische Therapie, Systemische Supervision, Unterst\u00fctzung in Lebenskrisen.","breadcrumb":{"@id":"https:\/\/schoenberger-coaching.de\/home\/angebote_firmen\/#breadcrumb"},"inLanguage":"de","potentialAction":[{"@type":"ReadAction","target":["https:\/\/schoenberger-coaching.de\/home\/angebote_firmen\/"]}]},{"@type":"BreadcrumbList","@id":"https:\/\/schoenberger-coaching.de\/home\/angebote_firmen\/#breadcrumb","itemListElement":[{"@type":"ListItem","position":1,"name":"Startseite","item":"https:\/\/schoenberger-coaching.de\/home\/"},{"@type":"ListItem","position":2,"name":"Angebote"}]},{"@type":"WebSite","@id":"https:\/\/schoenberger-coaching.de\/home\/#website","url":"https:\/\/schoenberger-coaching.de\/home\/","name":"Coachingpraxis Kristina Sch\u00f6nberger","description":"Coaching, Paarberatung, Mediation, Seminare","publisher":{"@id":"https:\/\/schoenberger-coaching.de\/home\/#\/schema\/person\/5ec18b20c82f996a5877e34b61131e53"},"potentialAction":[{"@type":"SearchAction","target":{"@type":"EntryPoint","urlTemplate":"https:\/\/schoenberger-coaching.de\/home\/?s={search_term_string}"},"query-input":{"@type":"PropertyValueSpecification","valueRequired":true,"valueName":"search_term_string"}}],"inLanguage":"de"},{"@type":["Person","Organization"],"@id":"https:\/\/schoenberger-coaching.de\/home\/#\/schema\/person\/5ec18b20c82f996a5877e34b61131e53","name":"Schoenberger","image":{"@type":"ImageObject","inLanguage":"de","@id":"https:\/\/schoenberger-coaching.de\/wp-content\/uploads\/2020\/06\/logo_neu_coaching-e1593607998877.jpg","url":"https:\/\/schoenberger-coaching.de\/wp-content\/uploads\/2020\/06\/logo_neu_coaching-e1593607998877.jpg","contentUrl":"https:\/\/schoenberger-coaching.de\/wp-content\/uploads\/2020\/06\/logo_neu_coaching-e1593607998877.jpg","width":300,"height":89,"caption":"Schoenberger"},"logo":{"@id":"https:\/\/schoenberger-coaching.de\/wp-content\/uploads\/2020\/06\/logo_neu_coaching-e1593607998877.jpg"}}]}},"_links":{"self":[{"href":"https:\/\/schoenberger-coaching.de\/home\/wp-json\/wp\/v2\/pages\/1886","targetHints":{"allow":["GET"]}}],"collection":[{"href":"https:\/\/schoenberger-coaching.de\/home\/wp-json\/wp\/v2\/pages"}],"about":[{"href":"https:\/\/schoenberger-coaching.de\/home\/wp-json\/wp\/v2\/types\/page"}],"author":[{"embeddable":true,"href":"https:\/\/schoenberger-coaching.de\/home\/wp-json\/wp\/v2\/users\/1"}],"replies":[{"embeddable":true,"href":"https:\/\/schoenberger-coaching.de\/home\/wp-json\/wp\/v2\/comments?post=1886"}],"version-history":[{"count":4,"href":"https:\/\/schoenberger-coaching.de\/home\/wp-json\/wp\/v2\/pages\/1886\/revisions"}],"predecessor-version":[{"id":2169,"href":"https:\/\/schoenberger-coaching.de\/home\/wp-json\/wp\/v2\/pages\/1886\/revisions\/2169"}],"wp:attachment":[{"href":"https:\/\/schoenberger-coaching.de\/home\/wp-json\/wp\/v2\/media?parent=1886"}],"curies":[{"name":"wp","href":"https:\/\/api.w.org\/{rel}","templated":true}]}}