{"id":2231,"date":"2022-01-31T17:22:04","date_gmt":"2022-01-31T16:22:04","guid":{"rendered":"https:\/\/schoenberger-coaching.de\/home\/?page_id=2231"},"modified":"2022-02-04T16:03:06","modified_gmt":"2022-02-04T15:03:06","slug":"systemisches-coaching","status":"publish","type":"page","link":"https:\/\/schoenberger-coaching.de\/home\/systemisches-coaching\/","title":{"rendered":"Systemisches Coaching"},"content":{"rendered":"<h2><span style=\"font-size: 24pt; color: #993300;\">Coaching f\u00fcr Ihre Ziele &#8211; Systemisches Coaching Kristina Sch\u00f6nberger<\/span><\/h2>\n<p><span style=\"font-size: 12pt; color: #000000;\"><strong>Coaching ist eine Beratungsform um pers\u00f6nliche und berufliche Ziele zu erreichen<br \/>\nund F\u00fchrungs-, Umsetzungs- und Selbstmanagementkompetenzen auszubauen.<\/strong><\/span><\/p>\n<p>&nbsp;<\/p>\n<p><img fetchpriority=\"high\" decoding=\"async\" class=\"size-medium wp-image-1522 alignleft\" src=\"http:\/\/schoenberger-coaching.de\/wp-content\/uploads\/2020\/04\/Aufstellung-300x207.jpg\" alt=\"\" width=\"300\" height=\"207\" srcset=\"https:\/\/schoenberger-coaching.de\/wp-content\/uploads\/2020\/04\/Aufstellung-300x207.jpg 300w, https:\/\/schoenberger-coaching.de\/wp-content\/uploads\/2020\/04\/Aufstellung-1024x707.jpg 1024w, https:\/\/schoenberger-coaching.de\/wp-content\/uploads\/2020\/04\/Aufstellung-768x530.jpg 768w, https:\/\/schoenberger-coaching.de\/wp-content\/uploads\/2020\/04\/Aufstellung-1536x1060.jpg 1536w, https:\/\/schoenberger-coaching.de\/wp-content\/uploads\/2020\/04\/Aufstellung-2048x1414.jpg 2048w\" sizes=\"(max-width: 300px) 100vw, 300px\" \/><\/p>\n<p>&nbsp;<\/p>\n<p>&nbsp;<\/p>\n<p>&nbsp;<\/p>\n<p>&nbsp;<\/p>\n<p>&nbsp;<\/p>\n<p>&nbsp;<\/p>\n<p>&nbsp;<\/p>\n<p><span style=\"font-size: 12pt; color: #000000;\"><strong>Coaching erm\u00f6glicht Ihnen:<\/strong><\/span><\/p>\n<ul>\n<li><span style=\"color: #000000;\"><strong><span style=\"font-size: 12pt;\">eigene St\u00e4rken zu entdecken und auszubauen<\/span><\/strong><\/span><\/li>\n<li><span style=\"color: #000000;\"><strong><span style=\"font-size: 12pt;\">Selbstbewusstsein aufzubauen<\/span><\/strong><\/span><\/li>\n<li><span style=\"color: #000000;\"><strong><span style=\"font-size: 12pt;\">schwierige Ver\u00e4nderungsprozesse oder Abschiede zu gestalten<\/span><\/strong><\/span><\/li>\n<li><span style=\"color: #000000;\"><strong><span style=\"font-size: 12pt;\">Bewusstsein f\u00fcr unterschiedliche Rollen zu entwickeln<\/span><\/strong><\/span><\/li>\n<li><span style=\"color: #000000;\"><strong><span style=\"font-size: 12pt;\">neue Rollen und Aufgaben zu bew\u00e4ltigen<\/span><\/strong><\/span><\/li>\n<li><span style=\"color: #000000;\"><strong><span style=\"font-size: 12pt;\">pers\u00f6nliche Ziele zu erreichen<\/span><\/strong><\/span><\/li>\n<li><span style=\"color: #000000;\"><strong><span style=\"font-size: 12pt;\">und Ihre Lebenstr\u00e4ume umzusetzen<\/span><\/strong><\/span><\/li>\n<\/ul>\n<p><span style=\"font-size: 12pt; color: #000000;\">Im Coaching unterst\u00fctze ich Sie dabei, Ziele zu erarbeiten, Strategien zu entwickeln, sich mental vorzubereiten, zu reflektieren oder sich neu zu positionieren. H\u00e4ufig gilt es W\u00fcnsche und Tr\u00e4ume aufzudecken, Potentiale und M\u00f6glichkeiten zu erkennen, Motivations-, Kreativit\u00e4ts- und Leistungsblockaden zu beseitigen, Grenzen zu erweitern oder das Selbstmanagement effektiver zu gestalten oder gelassener zu werden, sich abgrenzen zu lernen um z.B. auch Burnout zu vermeiden.<\/span><\/p>\n<p><span style=\"font-size: 12pt; color: #000000;\"><strong>Was mich als Coach auszeichnet: <\/strong><\/span><\/p>\n<p><span style=\"font-size: 12pt; color: #000000;\">Ich bin seit 1988 im Beruf, habe mehrere fundierte Zusatzausbildungen und kenne die oft schwierigen Situationen in Arbeitsteams und in privaten Beziehungen aus eigener Erfahrung.<br \/>\nDurch viele Fortbildungen habe ich eine hohe Beratungs-, L\u00f6sungs- und Methodenkompetenz.<br \/>\nSeit Jahrzehnten leite ich die unterschiedlichsten Gruppen, unterst\u00fctze und begleite Menschen in schwierigen Situation, Befindlichkeiten und Krisen.<br \/>\nSie k\u00f6nnen mir vertrauen.<\/span><\/p>\n","protected":false},"excerpt":{"rendered":"<p>Coaching f\u00fcr Ihre Ziele &#8211; Systemisches Coaching Kristina Sch\u00f6nberger Coaching ist eine Beratungsform um pers\u00f6nliche und berufliche Ziele zu erreichen und F\u00fchrungs-, Umsetzungs- und Selbstmanagementkompetenzen auszubauen. &nbsp; &nbsp; &nbsp; &nbsp; &#8230;<\/p>\n","protected":false},"author":1,"featured_media":0,"parent":0,"menu_order":0,"comment_status":"closed","ping_status":"closed","template":"","meta":{"footnotes":""},"class_list":["post-2231","page","type-page","status-publish","hentry"],"yoast_head":"<!-- This site is optimized with the Yoast SEO plugin v27.5 - https:\/\/yoast.com\/product\/yoast-seo-wordpress\/ -->\n<title>Systemisches Coaching - Coachingpraxis Kristina Sch\u00f6nberger<\/title>\n<meta name=\"robots\" content=\"index, follow, max-snippet:-1, max-image-preview:large, max-video-preview:-1\" \/>\n<link rel=\"canonical\" href=\"https:\/\/schoenberger-coaching.de\/home\/systemisches-coaching\/\" \/>\n<meta property=\"og:locale\" content=\"de_DE\" \/>\n<meta property=\"og:type\" content=\"article\" \/>\n<meta property=\"og:title\" content=\"Systemisches Coaching - Coachingpraxis Kristina Sch\u00f6nberger\" \/>\n<meta property=\"og:description\" content=\"Coaching f\u00fcr Ihre Ziele &#8211; Systemisches Coaching Kristina Sch\u00f6nberger Coaching ist eine Beratungsform um pers\u00f6nliche und berufliche Ziele zu erreichen und F\u00fchrungs-, Umsetzungs- und Selbstmanagementkompetenzen auszubauen. &nbsp; &nbsp; &nbsp; &nbsp; ...\" \/>\n<meta property=\"og:url\" content=\"https:\/\/schoenberger-coaching.de\/home\/systemisches-coaching\/\" \/>\n<meta property=\"og:site_name\" content=\"Coachingpraxis Kristina Sch\u00f6nberger\" \/>\n<meta property=\"article:modified_time\" content=\"2022-02-04T15:03:06+00:00\" \/>\n<meta property=\"og:image\" content=\"http:\/\/schoenberger-coaching.de\/wp-content\/uploads\/2020\/04\/Aufstellung-300x207.jpg\" \/>\n<meta name=\"twitter:card\" content=\"summary_large_image\" \/>\n<meta name=\"twitter:label1\" content=\"Gesch\u00e4tzte Lesezeit\" \/>\n\t<meta name=\"twitter:data1\" content=\"2\u00a0Minuten\" \/>\n<script type=\"application\/ld+json\" class=\"yoast-schema-graph\">{\"@context\":\"https:\\\/\\\/schema.org\",\"@graph\":[{\"@type\":\"WebPage\",\"@id\":\"https:\\\/\\\/schoenberger-coaching.de\\\/home\\\/systemisches-coaching\\\/\",\"url\":\"https:\\\/\\\/schoenberger-coaching.de\\\/home\\\/systemisches-coaching\\\/\",\"name\":\"Systemisches Coaching - Coachingpraxis Kristina Sch\u00f6nberger\",\"isPartOf\":{\"@id\":\"https:\\\/\\\/schoenberger-coaching.de\\\/home\\\/#website\"},\"primaryImageOfPage\":{\"@id\":\"https:\\\/\\\/schoenberger-coaching.de\\\/home\\\/systemisches-coaching\\\/#primaryimage\"},\"image\":{\"@id\":\"https:\\\/\\\/schoenberger-coaching.de\\\/home\\\/systemisches-coaching\\\/#primaryimage\"},\"thumbnailUrl\":\"http:\\\/\\\/schoenberger-coaching.de\\\/wp-content\\\/uploads\\\/2020\\\/04\\\/Aufstellung-300x207.jpg\",\"datePublished\":\"2022-01-31T16:22:04+00:00\",\"dateModified\":\"2022-02-04T15:03:06+00:00\",\"breadcrumb\":{\"@id\":\"https:\\\/\\\/schoenberger-coaching.de\\\/home\\\/systemisches-coaching\\\/#breadcrumb\"},\"inLanguage\":\"de\",\"potentialAction\":[{\"@type\":\"ReadAction\",\"target\":[\"https:\\\/\\\/schoenberger-coaching.de\\\/home\\\/systemisches-coaching\\\/\"]}]},{\"@type\":\"ImageObject\",\"inLanguage\":\"de\",\"@id\":\"https:\\\/\\\/schoenberger-coaching.de\\\/home\\\/systemisches-coaching\\\/#primaryimage\",\"url\":\"http:\\\/\\\/schoenberger-coaching.de\\\/wp-content\\\/uploads\\\/2020\\\/04\\\/Aufstellung-300x207.jpg\",\"contentUrl\":\"http:\\\/\\\/schoenberger-coaching.de\\\/wp-content\\\/uploads\\\/2020\\\/04\\\/Aufstellung-300x207.jpg\"},{\"@type\":\"BreadcrumbList\",\"@id\":\"https:\\\/\\\/schoenberger-coaching.de\\\/home\\\/systemisches-coaching\\\/#breadcrumb\",\"itemListElement\":[{\"@type\":\"ListItem\",\"position\":1,\"name\":\"Startseite\",\"item\":\"https:\\\/\\\/schoenberger-coaching.de\\\/home\\\/\"},{\"@type\":\"ListItem\",\"position\":2,\"name\":\"Systemisches Coaching\"}]},{\"@type\":\"WebSite\",\"@id\":\"https:\\\/\\\/schoenberger-coaching.de\\\/home\\\/#website\",\"url\":\"https:\\\/\\\/schoenberger-coaching.de\\\/home\\\/\",\"name\":\"Coachingpraxis Kristina Sch\u00f6nberger\",\"description\":\"Coaching, Paarberatung, Mediation, Seminare\",\"publisher\":{\"@id\":\"https:\\\/\\\/schoenberger-coaching.de\\\/home\\\/#\\\/schema\\\/person\\\/5ec18b20c82f996a5877e34b61131e53\"},\"potentialAction\":[{\"@type\":\"SearchAction\",\"target\":{\"@type\":\"EntryPoint\",\"urlTemplate\":\"https:\\\/\\\/schoenberger-coaching.de\\\/home\\\/?s={search_term_string}\"},\"query-input\":{\"@type\":\"PropertyValueSpecification\",\"valueRequired\":true,\"valueName\":\"search_term_string\"}}],\"inLanguage\":\"de\"},{\"@type\":[\"Person\",\"Organization\"],\"@id\":\"https:\\\/\\\/schoenberger-coaching.de\\\/home\\\/#\\\/schema\\\/person\\\/5ec18b20c82f996a5877e34b61131e53\",\"name\":\"Schoenberger\",\"image\":{\"@type\":\"ImageObject\",\"inLanguage\":\"de\",\"@id\":\"https:\\\/\\\/schoenberger-coaching.de\\\/wp-content\\\/uploads\\\/2020\\\/06\\\/logo_neu_coaching-e1593607998877.jpg\",\"url\":\"https:\\\/\\\/schoenberger-coaching.de\\\/wp-content\\\/uploads\\\/2020\\\/06\\\/logo_neu_coaching-e1593607998877.jpg\",\"contentUrl\":\"https:\\\/\\\/schoenberger-coaching.de\\\/wp-content\\\/uploads\\\/2020\\\/06\\\/logo_neu_coaching-e1593607998877.jpg\",\"width\":300,\"height\":89,\"caption\":\"Schoenberger\"},\"logo\":{\"@id\":\"https:\\\/\\\/schoenberger-coaching.de\\\/wp-content\\\/uploads\\\/2020\\\/06\\\/logo_neu_coaching-e1593607998877.jpg\"}}]}<\/script>\n<!-- \/ Yoast SEO plugin. -->","yoast_head_json":{"title":"Systemisches Coaching - Coachingpraxis Kristina Sch\u00f6nberger","robots":{"index":"index","follow":"follow","max-snippet":"max-snippet:-1","max-image-preview":"max-image-preview:large","max-video-preview":"max-video-preview:-1"},"canonical":"https:\/\/schoenberger-coaching.de\/home\/systemisches-coaching\/","og_locale":"de_DE","og_type":"article","og_title":"Systemisches Coaching - Coachingpraxis Kristina Sch\u00f6nberger","og_description":"Coaching f\u00fcr Ihre Ziele &#8211; Systemisches Coaching Kristina Sch\u00f6nberger Coaching ist eine Beratungsform um pers\u00f6nliche und berufliche Ziele zu erreichen und F\u00fchrungs-, Umsetzungs- und Selbstmanagementkompetenzen auszubauen. &nbsp; &nbsp; &nbsp; &nbsp; ...","og_url":"https:\/\/schoenberger-coaching.de\/home\/systemisches-coaching\/","og_site_name":"Coachingpraxis Kristina Sch\u00f6nberger","article_modified_time":"2022-02-04T15:03:06+00:00","og_image":[{"url":"http:\/\/schoenberger-coaching.de\/wp-content\/uploads\/2020\/04\/Aufstellung-300x207.jpg","type":"","width":"","height":""}],"twitter_card":"summary_large_image","twitter_misc":{"Gesch\u00e4tzte Lesezeit":"2\u00a0Minuten"},"schema":{"@context":"https:\/\/schema.org","@graph":[{"@type":"WebPage","@id":"https:\/\/schoenberger-coaching.de\/home\/systemisches-coaching\/","url":"https:\/\/schoenberger-coaching.de\/home\/systemisches-coaching\/","name":"Systemisches Coaching - Coachingpraxis Kristina Sch\u00f6nberger","isPartOf":{"@id":"https:\/\/schoenberger-coaching.de\/home\/#website"},"primaryImageOfPage":{"@id":"https:\/\/schoenberger-coaching.de\/home\/systemisches-coaching\/#primaryimage"},"image":{"@id":"https:\/\/schoenberger-coaching.de\/home\/systemisches-coaching\/#primaryimage"},"thumbnailUrl":"http:\/\/schoenberger-coaching.de\/wp-content\/uploads\/2020\/04\/Aufstellung-300x207.jpg","datePublished":"2022-01-31T16:22:04+00:00","dateModified":"2022-02-04T15:03:06+00:00","breadcrumb":{"@id":"https:\/\/schoenberger-coaching.de\/home\/systemisches-coaching\/#breadcrumb"},"inLanguage":"de","potentialAction":[{"@type":"ReadAction","target":["https:\/\/schoenberger-coaching.de\/home\/systemisches-coaching\/"]}]},{"@type":"ImageObject","inLanguage":"de","@id":"https:\/\/schoenberger-coaching.de\/home\/systemisches-coaching\/#primaryimage","url":"http:\/\/schoenberger-coaching.de\/wp-content\/uploads\/2020\/04\/Aufstellung-300x207.jpg","contentUrl":"http:\/\/schoenberger-coaching.de\/wp-content\/uploads\/2020\/04\/Aufstellung-300x207.jpg"},{"@type":"BreadcrumbList","@id":"https:\/\/schoenberger-coaching.de\/home\/systemisches-coaching\/#breadcrumb","itemListElement":[{"@type":"ListItem","position":1,"name":"Startseite","item":"https:\/\/schoenberger-coaching.de\/home\/"},{"@type":"ListItem","position":2,"name":"Systemisches Coaching"}]},{"@type":"WebSite","@id":"https:\/\/schoenberger-coaching.de\/home\/#website","url":"https:\/\/schoenberger-coaching.de\/home\/","name":"Coachingpraxis Kristina Sch\u00f6nberger","description":"Coaching, Paarberatung, Mediation, Seminare","publisher":{"@id":"https:\/\/schoenberger-coaching.de\/home\/#\/schema\/person\/5ec18b20c82f996a5877e34b61131e53"},"potentialAction":[{"@type":"SearchAction","target":{"@type":"EntryPoint","urlTemplate":"https:\/\/schoenberger-coaching.de\/home\/?s={search_term_string}"},"query-input":{"@type":"PropertyValueSpecification","valueRequired":true,"valueName":"search_term_string"}}],"inLanguage":"de"},{"@type":["Person","Organization"],"@id":"https:\/\/schoenberger-coaching.de\/home\/#\/schema\/person\/5ec18b20c82f996a5877e34b61131e53","name":"Schoenberger","image":{"@type":"ImageObject","inLanguage":"de","@id":"https:\/\/schoenberger-coaching.de\/wp-content\/uploads\/2020\/06\/logo_neu_coaching-e1593607998877.jpg","url":"https:\/\/schoenberger-coaching.de\/wp-content\/uploads\/2020\/06\/logo_neu_coaching-e1593607998877.jpg","contentUrl":"https:\/\/schoenberger-coaching.de\/wp-content\/uploads\/2020\/06\/logo_neu_coaching-e1593607998877.jpg","width":300,"height":89,"caption":"Schoenberger"},"logo":{"@id":"https:\/\/schoenberger-coaching.de\/wp-content\/uploads\/2020\/06\/logo_neu_coaching-e1593607998877.jpg"}}]}},"_links":{"self":[{"href":"https:\/\/schoenberger-coaching.de\/home\/wp-json\/wp\/v2\/pages\/2231","targetHints":{"allow":["GET"]}}],"collection":[{"href":"https:\/\/schoenberger-coaching.de\/home\/wp-json\/wp\/v2\/pages"}],"about":[{"href":"https:\/\/schoenberger-coaching.de\/home\/wp-json\/wp\/v2\/types\/page"}],"author":[{"embeddable":true,"href":"https:\/\/schoenberger-coaching.de\/home\/wp-json\/wp\/v2\/users\/1"}],"replies":[{"embeddable":true,"href":"https:\/\/schoenberger-coaching.de\/home\/wp-json\/wp\/v2\/comments?post=2231"}],"version-history":[{"count":9,"href":"https:\/\/schoenberger-coaching.de\/home\/wp-json\/wp\/v2\/pages\/2231\/revisions"}],"predecessor-version":[{"id":2277,"href":"https:\/\/schoenberger-coaching.de\/home\/wp-json\/wp\/v2\/pages\/2231\/revisions\/2277"}],"wp:attachment":[{"href":"https:\/\/schoenberger-coaching.de\/home\/wp-json\/wp\/v2\/media?parent=2231"}],"curies":[{"name":"wp","href":"https:\/\/api.w.org\/{rel}","templated":true}]}}