{"id":2244,"date":"2022-01-31T17:45:19","date_gmt":"2022-01-31T16:45:19","guid":{"rendered":"https:\/\/schoenberger-coaching.de\/home\/?page_id=2244"},"modified":"2022-02-04T16:16:50","modified_gmt":"2022-02-04T15:16:50","slug":"willkommen-neu","status":"publish","type":"page","link":"https:\/\/schoenberger-coaching.de\/home\/willkommen-neu\/","title":{"rendered":"Willkommen!"},"content":{"rendered":"<h2><span style=\"font-size: 24pt; color: #993300;\">Herzlich willkommen!<\/span><\/h2>\n<p><strong>In kritischen Lebensphasen gibt Ihnen mein Angebot Orientierung und hilft\u00a0 Ihnen Krisen zu \u00fcberstehen und in Wachstumschancen zu wandeln, Entscheidungen zu treffen oder Ziele zu erreichen.<\/strong><\/p>\n<p>Vertrauen Sie meiner \u00fcber drei\u00dfigj\u00e4hrigen Berufserfahrung und meiner Kompetenz in der Begleitung und Beratung von Einzelnen, Paaren und Gruppen. Durch anerkannte Methoden, Fragetechniken und Modellen der Systemischen Therapie und der Transaktionsanalyse ist es m\u00f6glich, dass Ihre Zeit effektiv genutzt werden kann.<\/p>\n<p>Als sehr gut ausgebildete Beraterin, Coach, Therapeutin und Mediatorin finde ich m\u00f6glichst zeitnah einen Termin f\u00fcr Sie, auch abends und samstags.<br \/>\nF\u00fcr Menschen mit geringem Einkommen biete ich einen sozialen Tarif an.<\/p>\n<p><strong>Rufen Sie mich an oder mailen Sie mir,<\/strong><br \/>\n<strong>E-Mail: kontakt@schoenberger-coaching.de<\/strong><\/p>\n<p>und nennen Sie mir als &#8222;\u00dcberschrift&#8220; um was es geht.<\/p>\n<p>Ein kostenfreies Kennenlernen telefonisch, pers\u00f6nlich oder online biete ich Ihnen gerne an!<\/p>\n<p>&nbsp;<\/p>\n<p>Ihre<\/p>\n<p>Kristina Sch\u00f6nberger<\/p>\n<p>&nbsp;<\/p>\n","protected":false},"excerpt":{"rendered":"<p>Herzlich willkommen! In kritischen Lebensphasen gibt Ihnen mein Angebot Orientierung und hilft\u00a0 Ihnen Krisen zu \u00fcberstehen und in Wachstumschancen zu wandeln, Entscheidungen zu treffen oder Ziele zu erreichen. Vertrauen Sie &#8230;<\/p>\n","protected":false},"author":1,"featured_media":0,"parent":0,"menu_order":0,"comment_status":"closed","ping_status":"closed","template":"","meta":{"footnotes":""},"class_list":["post-2244","page","type-page","status-publish","hentry"],"yoast_head":"<!-- This site is optimized with the Yoast SEO plugin v27.5 - https:\/\/yoast.com\/product\/yoast-seo-wordpress\/ -->\n<title>Willkommen! - Coachingpraxis Kristina Sch\u00f6nberger<\/title>\n<meta name=\"robots\" content=\"index, follow, max-snippet:-1, max-image-preview:large, max-video-preview:-1\" \/>\n<link rel=\"canonical\" href=\"https:\/\/schoenberger-coaching.de\/home\/willkommen-neu\/\" \/>\n<meta property=\"og:locale\" content=\"de_DE\" \/>\n<meta property=\"og:type\" content=\"article\" \/>\n<meta property=\"og:title\" content=\"Willkommen! - Coachingpraxis Kristina Sch\u00f6nberger\" \/>\n<meta property=\"og:description\" content=\"Herzlich willkommen! In kritischen Lebensphasen gibt Ihnen mein Angebot Orientierung und hilft\u00a0 Ihnen Krisen zu \u00fcberstehen und in Wachstumschancen zu wandeln, Entscheidungen zu treffen oder Ziele zu erreichen. Vertrauen Sie ...\" \/>\n<meta property=\"og:url\" content=\"https:\/\/schoenberger-coaching.de\/home\/willkommen-neu\/\" \/>\n<meta property=\"og:site_name\" content=\"Coachingpraxis Kristina Sch\u00f6nberger\" \/>\n<meta property=\"article:modified_time\" content=\"2022-02-04T15:16:50+00:00\" \/>\n<meta name=\"twitter:card\" content=\"summary_large_image\" \/>\n<meta name=\"twitter:label1\" content=\"Gesch\u00e4tzte Lesezeit\" \/>\n\t<meta name=\"twitter:data1\" content=\"1\u00a0Minute\" \/>\n<script type=\"application\/ld+json\" class=\"yoast-schema-graph\">{\"@context\":\"https:\\\/\\\/schema.org\",\"@graph\":[{\"@type\":\"WebPage\",\"@id\":\"https:\\\/\\\/schoenberger-coaching.de\\\/home\\\/willkommen-neu\\\/\",\"url\":\"https:\\\/\\\/schoenberger-coaching.de\\\/home\\\/willkommen-neu\\\/\",\"name\":\"Willkommen! - Coachingpraxis Kristina Sch\u00f6nberger\",\"isPartOf\":{\"@id\":\"https:\\\/\\\/schoenberger-coaching.de\\\/home\\\/#website\"},\"datePublished\":\"2022-01-31T16:45:19+00:00\",\"dateModified\":\"2022-02-04T15:16:50+00:00\",\"breadcrumb\":{\"@id\":\"https:\\\/\\\/schoenberger-coaching.de\\\/home\\\/willkommen-neu\\\/#breadcrumb\"},\"inLanguage\":\"de\",\"potentialAction\":[{\"@type\":\"ReadAction\",\"target\":[\"https:\\\/\\\/schoenberger-coaching.de\\\/home\\\/willkommen-neu\\\/\"]}]},{\"@type\":\"BreadcrumbList\",\"@id\":\"https:\\\/\\\/schoenberger-coaching.de\\\/home\\\/willkommen-neu\\\/#breadcrumb\",\"itemListElement\":[{\"@type\":\"ListItem\",\"position\":1,\"name\":\"Startseite\",\"item\":\"https:\\\/\\\/schoenberger-coaching.de\\\/home\\\/\"},{\"@type\":\"ListItem\",\"position\":2,\"name\":\"Willkommen!\"}]},{\"@type\":\"WebSite\",\"@id\":\"https:\\\/\\\/schoenberger-coaching.de\\\/home\\\/#website\",\"url\":\"https:\\\/\\\/schoenberger-coaching.de\\\/home\\\/\",\"name\":\"Coachingpraxis Kristina Sch\u00f6nberger\",\"description\":\"Coaching, Paarberatung, Mediation, Seminare\",\"publisher\":{\"@id\":\"https:\\\/\\\/schoenberger-coaching.de\\\/home\\\/#\\\/schema\\\/person\\\/5ec18b20c82f996a5877e34b61131e53\"},\"potentialAction\":[{\"@type\":\"SearchAction\",\"target\":{\"@type\":\"EntryPoint\",\"urlTemplate\":\"https:\\\/\\\/schoenberger-coaching.de\\\/home\\\/?s={search_term_string}\"},\"query-input\":{\"@type\":\"PropertyValueSpecification\",\"valueRequired\":true,\"valueName\":\"search_term_string\"}}],\"inLanguage\":\"de\"},{\"@type\":[\"Person\",\"Organization\"],\"@id\":\"https:\\\/\\\/schoenberger-coaching.de\\\/home\\\/#\\\/schema\\\/person\\\/5ec18b20c82f996a5877e34b61131e53\",\"name\":\"Schoenberger\",\"image\":{\"@type\":\"ImageObject\",\"inLanguage\":\"de\",\"@id\":\"https:\\\/\\\/schoenberger-coaching.de\\\/wp-content\\\/uploads\\\/2020\\\/06\\\/logo_neu_coaching-e1593607998877.jpg\",\"url\":\"https:\\\/\\\/schoenberger-coaching.de\\\/wp-content\\\/uploads\\\/2020\\\/06\\\/logo_neu_coaching-e1593607998877.jpg\",\"contentUrl\":\"https:\\\/\\\/schoenberger-coaching.de\\\/wp-content\\\/uploads\\\/2020\\\/06\\\/logo_neu_coaching-e1593607998877.jpg\",\"width\":300,\"height\":89,\"caption\":\"Schoenberger\"},\"logo\":{\"@id\":\"https:\\\/\\\/schoenberger-coaching.de\\\/wp-content\\\/uploads\\\/2020\\\/06\\\/logo_neu_coaching-e1593607998877.jpg\"}}]}<\/script>\n<!-- \/ Yoast SEO plugin. -->","yoast_head_json":{"title":"Willkommen! - Coachingpraxis Kristina Sch\u00f6nberger","robots":{"index":"index","follow":"follow","max-snippet":"max-snippet:-1","max-image-preview":"max-image-preview:large","max-video-preview":"max-video-preview:-1"},"canonical":"https:\/\/schoenberger-coaching.de\/home\/willkommen-neu\/","og_locale":"de_DE","og_type":"article","og_title":"Willkommen! - Coachingpraxis Kristina Sch\u00f6nberger","og_description":"Herzlich willkommen! In kritischen Lebensphasen gibt Ihnen mein Angebot Orientierung und hilft\u00a0 Ihnen Krisen zu \u00fcberstehen und in Wachstumschancen zu wandeln, Entscheidungen zu treffen oder Ziele zu erreichen. Vertrauen Sie ...","og_url":"https:\/\/schoenberger-coaching.de\/home\/willkommen-neu\/","og_site_name":"Coachingpraxis Kristina Sch\u00f6nberger","article_modified_time":"2022-02-04T15:16:50+00:00","twitter_card":"summary_large_image","twitter_misc":{"Gesch\u00e4tzte Lesezeit":"1\u00a0Minute"},"schema":{"@context":"https:\/\/schema.org","@graph":[{"@type":"WebPage","@id":"https:\/\/schoenberger-coaching.de\/home\/willkommen-neu\/","url":"https:\/\/schoenberger-coaching.de\/home\/willkommen-neu\/","name":"Willkommen! - Coachingpraxis Kristina Sch\u00f6nberger","isPartOf":{"@id":"https:\/\/schoenberger-coaching.de\/home\/#website"},"datePublished":"2022-01-31T16:45:19+00:00","dateModified":"2022-02-04T15:16:50+00:00","breadcrumb":{"@id":"https:\/\/schoenberger-coaching.de\/home\/willkommen-neu\/#breadcrumb"},"inLanguage":"de","potentialAction":[{"@type":"ReadAction","target":["https:\/\/schoenberger-coaching.de\/home\/willkommen-neu\/"]}]},{"@type":"BreadcrumbList","@id":"https:\/\/schoenberger-coaching.de\/home\/willkommen-neu\/#breadcrumb","itemListElement":[{"@type":"ListItem","position":1,"name":"Startseite","item":"https:\/\/schoenberger-coaching.de\/home\/"},{"@type":"ListItem","position":2,"name":"Willkommen!"}]},{"@type":"WebSite","@id":"https:\/\/schoenberger-coaching.de\/home\/#website","url":"https:\/\/schoenberger-coaching.de\/home\/","name":"Coachingpraxis Kristina Sch\u00f6nberger","description":"Coaching, Paarberatung, Mediation, Seminare","publisher":{"@id":"https:\/\/schoenberger-coaching.de\/home\/#\/schema\/person\/5ec18b20c82f996a5877e34b61131e53"},"potentialAction":[{"@type":"SearchAction","target":{"@type":"EntryPoint","urlTemplate":"https:\/\/schoenberger-coaching.de\/home\/?s={search_term_string}"},"query-input":{"@type":"PropertyValueSpecification","valueRequired":true,"valueName":"search_term_string"}}],"inLanguage":"de"},{"@type":["Person","Organization"],"@id":"https:\/\/schoenberger-coaching.de\/home\/#\/schema\/person\/5ec18b20c82f996a5877e34b61131e53","name":"Schoenberger","image":{"@type":"ImageObject","inLanguage":"de","@id":"https:\/\/schoenberger-coaching.de\/wp-content\/uploads\/2020\/06\/logo_neu_coaching-e1593607998877.jpg","url":"https:\/\/schoenberger-coaching.de\/wp-content\/uploads\/2020\/06\/logo_neu_coaching-e1593607998877.jpg","contentUrl":"https:\/\/schoenberger-coaching.de\/wp-content\/uploads\/2020\/06\/logo_neu_coaching-e1593607998877.jpg","width":300,"height":89,"caption":"Schoenberger"},"logo":{"@id":"https:\/\/schoenberger-coaching.de\/wp-content\/uploads\/2020\/06\/logo_neu_coaching-e1593607998877.jpg"}}]}},"_links":{"self":[{"href":"https:\/\/schoenberger-coaching.de\/home\/wp-json\/wp\/v2\/pages\/2244","targetHints":{"allow":["GET"]}}],"collection":[{"href":"https:\/\/schoenberger-coaching.de\/home\/wp-json\/wp\/v2\/pages"}],"about":[{"href":"https:\/\/schoenberger-coaching.de\/home\/wp-json\/wp\/v2\/types\/page"}],"author":[{"embeddable":true,"href":"https:\/\/schoenberger-coaching.de\/home\/wp-json\/wp\/v2\/users\/1"}],"replies":[{"embeddable":true,"href":"https:\/\/schoenberger-coaching.de\/home\/wp-json\/wp\/v2\/comments?post=2244"}],"version-history":[{"count":6,"href":"https:\/\/schoenberger-coaching.de\/home\/wp-json\/wp\/v2\/pages\/2244\/revisions"}],"predecessor-version":[{"id":2283,"href":"https:\/\/schoenberger-coaching.de\/home\/wp-json\/wp\/v2\/pages\/2244\/revisions\/2283"}],"wp:attachment":[{"href":"https:\/\/schoenberger-coaching.de\/home\/wp-json\/wp\/v2\/media?parent=2244"}],"curies":[{"name":"wp","href":"https:\/\/api.w.org\/{rel}","templated":true}]}}